{"id":28003,"date":"2026-01-17T18:59:23","date_gmt":"2026-01-17T18:59:23","guid":{"rendered":"https:\/\/rowayad.com\/?post_type=product&#038;p=28003"},"modified":"2026-01-17T18:59:23","modified_gmt":"2026-01-17T18:59:23","slug":"rangement-chaussures-plastique-avec-12-portes-54paires","status":"publish","type":"product","link":"https:\/\/rowayad.com\/index.php\/produit\/rangement-chaussures-plastique-avec-12-portes-54paires\/","title":{"rendered":"Rangement Chaussures plastique avec 12 Portes 54paires"},"content":{"rendered":"<header class=\"-pvs -bb\">\n<h2 class=\"-fs20 -m -phm -pvxs\">D\u00e9tails<\/h2>\n<\/header>\n<div class=\"markup -mhm -pvl -oxa -sc\">\n<p>STOCKAGE FONCTIONNEL 12 cubes divis\u00e9s en 3 servent \u00e0 garder toutes vos chaussures sans prendre beaucoup de place; Vous pouvez assembler des cubes ensemble ou dans des blocs diff\u00e9rents, en fonction de vos besoins<\/p>\n<p>&nbsp;<\/p>\n<p>ASSEMBLAGE AISE: avec l&rsquo;aide de connecteurs en plastique, vous installerez rapidement et sans difficult\u00e9 meuble rangement modulable; l&rsquo;utilisation de gants est recommand\u00e9e afin de prot\u00e9ger les mains des blessures lors de l&rsquo;installation de l&rsquo;unit\u00e9<\/p>\n<\/div>\n","protected":false},"excerpt":{"rendered":"<p>D\u00e9tails STOCKAGE FONCTIONNEL 12 cubes divis\u00e9s en 3 servent \u00e0 garder toutes vos chaussures sans prendre beaucoup de place; Vous<\/p>\n","protected":false},"featured_media":28004,"comment_status":"open","ping_status":"closed","template":"","meta":{"_joinchat":[]},"product_brand":[],"product_cat":[20],"product_tag":[],"class_list":{"0":"post-28003","1":"product","2":"type-product","3":"status-publish","4":"has-post-thumbnail","6":"product_cat-accessoires","8":"first","9":"instock","10":"sale","11":"shipping-taxable","12":"purchasable","13":"product-type-simple"},"jetpack_sharing_enabled":true,"_links":{"self":[{"href":"https:\/\/rowayad.com\/index.php\/wp-json\/wp\/v2\/product\/28003","targetHints":{"allow":["GET"]}}],"collection":[{"href":"https:\/\/rowayad.com\/index.php\/wp-json\/wp\/v2\/product"}],"about":[{"href":"https:\/\/rowayad.com\/index.php\/wp-json\/wp\/v2\/types\/product"}],"replies":[{"embeddable":true,"href":"https:\/\/rowayad.com\/index.php\/wp-json\/wp\/v2\/comments?post=28003"}],"version-history":[{"count":1,"href":"https:\/\/rowayad.com\/index.php\/wp-json\/wp\/v2\/product\/28003\/revisions"}],"predecessor-version":[{"id":28005,"href":"https:\/\/rowayad.com\/index.php\/wp-json\/wp\/v2\/product\/28003\/revisions\/28005"}],"wp:featuredmedia":[{"embeddable":true,"href":"https:\/\/rowayad.com\/index.php\/wp-json\/wp\/v2\/media\/28004"}],"wp:attachment":[{"href":"https:\/\/rowayad.com\/index.php\/wp-json\/wp\/v2\/media?parent=28003"}],"wp:term":[{"taxonomy":"product_brand","embeddable":true,"href":"https:\/\/rowayad.com\/index.php\/wp-json\/wp\/v2\/product_brand?post=28003"},{"taxonomy":"product_cat","embeddable":true,"href":"https:\/\/rowayad.com\/index.php\/wp-json\/wp\/v2\/product_cat?post=28003"},{"taxonomy":"product_tag","embeddable":true,"href":"https:\/\/rowayad.com\/index.php\/wp-json\/wp\/v2\/product_tag?post=28003"}],"curies":[{"name":"wp","href":"https:\/\/api.w.org\/{rel}","templated":true}]}}