{"id":28019,"date":"2026-01-18T13:35:37","date_gmt":"2026-01-18T13:35:37","guid":{"rendered":"https:\/\/rowayad.com\/?post_type=product&#038;p=28019"},"modified":"2026-02-20T17:58:00","modified_gmt":"2026-02-20T17:58:00","slug":"ventilateur-lustre-en-cristal-de-472-pouces-avec-lumiere-ventilateurs-de-plafond-modernes-a-intensite-variable","status":"publish","type":"product","link":"https:\/\/rowayad.com\/index.php\/produit\/ventilateur-lustre-en-cristal-de-472-pouces-avec-lumiere-ventilateurs-de-plafond-modernes-a-intensite-variable\/","title":{"rendered":"Ventilateur lustre en cristal de 47,2 pouces avec lumi\u00e8re, ventilateurs de plafond modernes \u00e0 intensit\u00e9 variable"},"content":{"rendered":"<p>qualit\u00e9 fiable<br \/>\nCette suspension classique en forme de ventilateur \u00e0 LED est la meilleure technologie LED combin\u00e9e au plaisir d&rsquo;\u00e9clairer les meubles, parfaite pour tout d\u00e9cor.<br \/>\nFacile \u00e0 installer, tous les accessoires sont assembl\u00e9s ensemble, il suffit d&rsquo;allumer l&rsquo;interrupteur pour allumer la lampe de bureau<br \/>\nsp\u00e9cification<br \/>\nventilateur de plafond moderne et lustre en cristal 2 en 1. Choisissez parmi les cristaux \u00e9tincelants K9 pour les designs de ventilateurs classiques, et la quincaillerie chrom\u00e9e compl\u00e8te le look et ajoute du glamour \u00e0 votre d\u00e9coration. Ce ventilateur de plafond en cristal est une option tr\u00e8s \u00e9l\u00e9gante et \u00e9conomique pour abaisser la temp\u00e9rature et expulser l&rsquo;air vici\u00e9 de la pi\u00e8ce.<br \/>\nMat\u00e9riel: m\u00e9tal + cristal<br \/>\nCouleur: Or<br \/>\nlustre et ventilateur en un. Abat-jour en cristal Top K9, haute brillance. La finition chrom\u00e9e et les pales en acrylique peuvent r\u00e9sister \u00e0 la corrosion et ne se d\u00e9forment pas facilement, les ventilateurs de plafond modernes. Cette lampe en cristal doit rendre votre maison unique et belle.<\/p>\n","protected":false},"excerpt":{"rendered":"<p>qualit\u00e9 fiable Cette suspension classique en forme de ventilateur \u00e0 LED est la meilleure technologie LED combin\u00e9e au plaisir d&rsquo;\u00e9clairer<\/p>\n","protected":false},"featured_media":28023,"comment_status":"open","ping_status":"closed","template":"","meta":{"_joinchat":[]},"product_brand":[],"product_cat":[75],"product_tag":[],"class_list":{"0":"post-28019","1":"product","2":"type-product","3":"status-publish","4":"has-post-thumbnail","6":"product_cat-maison-bureau","8":"first","9":"instock","10":"sale","11":"shipping-taxable","12":"purchasable","13":"product-type-simple"},"jetpack_sharing_enabled":true,"_links":{"self":[{"href":"https:\/\/rowayad.com\/index.php\/wp-json\/wp\/v2\/product\/28019","targetHints":{"allow":["GET"]}}],"collection":[{"href":"https:\/\/rowayad.com\/index.php\/wp-json\/wp\/v2\/product"}],"about":[{"href":"https:\/\/rowayad.com\/index.php\/wp-json\/wp\/v2\/types\/product"}],"replies":[{"embeddable":true,"href":"https:\/\/rowayad.com\/index.php\/wp-json\/wp\/v2\/comments?post=28019"}],"version-history":[{"count":2,"href":"https:\/\/rowayad.com\/index.php\/wp-json\/wp\/v2\/product\/28019\/revisions"}],"predecessor-version":[{"id":28027,"href":"https:\/\/rowayad.com\/index.php\/wp-json\/wp\/v2\/product\/28019\/revisions\/28027"}],"wp:featuredmedia":[{"embeddable":true,"href":"https:\/\/rowayad.com\/index.php\/wp-json\/wp\/v2\/media\/28023"}],"wp:attachment":[{"href":"https:\/\/rowayad.com\/index.php\/wp-json\/wp\/v2\/media?parent=28019"}],"wp:term":[{"taxonomy":"product_brand","embeddable":true,"href":"https:\/\/rowayad.com\/index.php\/wp-json\/wp\/v2\/product_brand?post=28019"},{"taxonomy":"product_cat","embeddable":true,"href":"https:\/\/rowayad.com\/index.php\/wp-json\/wp\/v2\/product_cat?post=28019"},{"taxonomy":"product_tag","embeddable":true,"href":"https:\/\/rowayad.com\/index.php\/wp-json\/wp\/v2\/product_tag?post=28019"}],"curies":[{"name":"wp","href":"https:\/\/api.w.org\/{rel}","templated":true}]}}