{"id":28026,"date":"2026-01-18T13:41:27","date_gmt":"2026-01-18T13:41:27","guid":{"rendered":"https:\/\/rowayad.com\/?post_type=product&#038;p=28026"},"modified":"2026-01-18T13:41:27","modified_gmt":"2026-01-18T13:41:27","slug":"housse-impermeable-de-matelas-220cm-210cm-30-2-taies-offertes","status":"publish","type":"product","link":"https:\/\/rowayad.com\/index.php\/produit\/housse-impermeable-de-matelas-220cm-210cm-30-2-taies-offertes\/","title":{"rendered":"Housse Imperm\u00e9able de matelas 220cm\/210cm\/30 2 taies offertes"},"content":{"rendered":"<header class=\"-pvs -bb\">\n<h2 class=\"-fs20 -m -phm -pvxs\">D\u00e9tails<\/h2>\n<\/header>\n<div class=\"markup -mhm -pvl -oxa -sc\">\n<p>Notre prot\u00e8ge-matelas les a rendus particuli\u00e8rement utiles<br \/>\npour les enfants, les animaux domestiques, les allergies, l&rsquo;asthme ou<br \/>\nl&rsquo;incontinence. Les acariens sont un probl\u00e8me constant pour des millions de<br \/>\nclients qui souffrent d&rsquo;allergies quotidiennes et de d\u00e9clencheurs d&rsquo;asthme. Nos<br \/>\nprot\u00e8ge-matelas emp\u00eachent les acariens de passer \u00e0 travers la surface du<br \/>\nprot\u00e8ge-matelas o\u00f9 ils se multiplieraient et d\u00e9f\u00e8queraient normalement. En<br \/>\nr\u00e9duisant l&rsquo;exposition aux acariens sur le matelas, le dormeur peut mieux<br \/>\ncontr\u00f4ler son environnement de sommeil, ce qui entra\u00eene une r\u00e9duction des<br \/>\nd\u00e9clencheurs d&rsquo;allergies et une meilleure qualit\u00e9 de l&rsquo;air. Lavez<br \/>\np\u00e9riodiquement le prot\u00e8ge-matelas avec vos draps pour \u00e9liminer les acariens et<br \/>\nautres allerg\u00e8nes reposant \u00e0 la surface du le protecteur. Nous sugg\u00e9rons des<br \/>\nlavages trimestriels pour de meilleurs r\u00e9sultats. La conception de surface<br \/>\ndouce de qualit\u00e9 sup\u00e9rieure est douce, lisse et silencieuse lamin\u00e9e avec une<br \/>\nmembrane TPU imperm\u00e9able et respirant, absorbe les fluides tout en laissant<br \/>\npasser l&rsquo;air et la chaleur, gardant votre lit au frais et au sec.<\/p>\n<\/div>\n","protected":false},"excerpt":{"rendered":"<ul>\n<li>anti tache<\/li>\n<li>imperm\u00e9able<\/li>\n<li>confortable<\/li>\n<li>lavable<\/li>\n<li>anti acariens<\/li>\n<li>Sans bruit<\/li>\n<\/ul>\n","protected":false},"featured_media":28028,"comment_status":"open","ping_status":"closed","template":"","meta":{"_joinchat":[]},"product_brand":[],"product_cat":[75],"product_tag":[],"class_list":{"0":"post-28026","1":"product","2":"type-product","3":"status-publish","4":"has-post-thumbnail","6":"product_cat-maison-bureau","8":"first","9":"instock","10":"sale","11":"shipping-taxable","12":"purchasable","13":"product-type-simple"},"jetpack_sharing_enabled":true,"_links":{"self":[{"href":"https:\/\/rowayad.com\/index.php\/wp-json\/wp\/v2\/product\/28026","targetHints":{"allow":["GET"]}}],"collection":[{"href":"https:\/\/rowayad.com\/index.php\/wp-json\/wp\/v2\/product"}],"about":[{"href":"https:\/\/rowayad.com\/index.php\/wp-json\/wp\/v2\/types\/product"}],"replies":[{"embeddable":true,"href":"https:\/\/rowayad.com\/index.php\/wp-json\/wp\/v2\/comments?post=28026"}],"version-history":[{"count":1,"href":"https:\/\/rowayad.com\/index.php\/wp-json\/wp\/v2\/product\/28026\/revisions"}],"predecessor-version":[{"id":28029,"href":"https:\/\/rowayad.com\/index.php\/wp-json\/wp\/v2\/product\/28026\/revisions\/28029"}],"wp:featuredmedia":[{"embeddable":true,"href":"https:\/\/rowayad.com\/index.php\/wp-json\/wp\/v2\/media\/28028"}],"wp:attachment":[{"href":"https:\/\/rowayad.com\/index.php\/wp-json\/wp\/v2\/media?parent=28026"}],"wp:term":[{"taxonomy":"product_brand","embeddable":true,"href":"https:\/\/rowayad.com\/index.php\/wp-json\/wp\/v2\/product_brand?post=28026"},{"taxonomy":"product_cat","embeddable":true,"href":"https:\/\/rowayad.com\/index.php\/wp-json\/wp\/v2\/product_cat?post=28026"},{"taxonomy":"product_tag","embeddable":true,"href":"https:\/\/rowayad.com\/index.php\/wp-json\/wp\/v2\/product_tag?post=28026"}],"curies":[{"name":"wp","href":"https:\/\/api.w.org\/{rel}","templated":true}]}}