{"id":28043,"date":"2026-01-18T14:31:44","date_gmt":"2026-01-18T14:31:44","guid":{"rendered":"https:\/\/rowayad.com\/?post_type=product&#038;p=28043"},"modified":"2026-02-20T17:36:48","modified_gmt":"2026-02-20T17:36:48","slug":"chaise-longue-pliante-de-relaxation-solide-et-confortable","status":"publish","type":"product","link":"https:\/\/rowayad.com\/index.php\/produit\/chaise-longue-pliante-de-relaxation-solide-et-confortable\/","title":{"rendered":"Chaise longue pliante de relaxation solide et confortable"},"content":{"rendered":"<ul>\n<li><strong>Structure<\/strong>\u00a0: Cadre en acier robuste, l\u00e9ger et durable, id\u00e9al pour un usage fr\u00e9quent.<\/li>\n<li><strong>Tissu<\/strong>\u00a0: Assise et dossier en tissu textile respirant, r\u00e9sistant aux intemp\u00e9ries et facile \u00e0 nettoyer.<\/li>\n<li><strong>Coussin<\/strong>\u00a0: Repose-t\u00eate rembourr\u00e9 et amovible pour un soutien ajustable du cou.<\/li>\n<li><strong>Positions r\u00e9glables<\/strong>\u00a0: Plusieurs inclinaisons possibles, ajustables gr\u00e2ce \u00e0 un m\u00e9canisme de verrouillage pratique.<\/li>\n<li><strong>Poids support\u00e9<\/strong>\u00a0: Jusqu&rsquo;\u00e0 environ 120 kg.<\/li>\n<li><strong>Couleur<\/strong>\u00a0: Structure gris argent\u00e9 et tissu noir \u00e9l\u00e9gant pour un style sobre et moderne.<\/li>\n<li><strong>Poign\u00e9es et accoudoirs<\/strong>\u00a0: En mat\u00e9riau ergonomique pour un confort optimal<\/li>\n<\/ul>\n","protected":false},"excerpt":{"rendered":"<ul>\n<li><strong>Structure<\/strong>\u00a0: Cadre en acier robuste, l\u00e9ger et durable, id\u00e9al pour un usage fr\u00e9quent.<\/li>\n<li><strong>Tissu<\/strong>\u00a0: Assise et dossier en tissu textile respirant, r\u00e9sistant aux intemp\u00e9ries et facile \u00e0 nettoyer.<\/li>\n<li><strong>Coussin<\/strong>\u00a0: Repose-t\u00eate rembourr\u00e9 et amovible pour un soutien ajustable du cou.<\/li>\n<li><strong>Positions r\u00e9glables<\/strong>\u00a0: Plusieurs inclinaisons possibles, ajustables gr\u00e2ce \u00e0 un m\u00e9canisme de verrouillage pratique.<\/li>\n<li><strong>Poids support\u00e9<\/strong>\u00a0: Jusqu&rsquo;\u00e0 environ 120 kg.<\/li>\n<li><strong>Couleur<\/strong>\u00a0: Structure gris argent\u00e9 et tissu noir \u00e9l\u00e9gant pour un style sobre et moderne.<\/li>\n<li><strong>Poign\u00e9es et accoudoirs<\/strong>\u00a0: En mat\u00e9riau ergonomique pour un confort optimal<\/li>\n<\/ul>\n","protected":false},"featured_media":28045,"comment_status":"open","ping_status":"closed","template":"","meta":{"_joinchat":[]},"product_brand":[],"product_cat":[20],"product_tag":[],"class_list":{"0":"post-28043","1":"product","2":"type-product","3":"status-publish","4":"has-post-thumbnail","6":"product_cat-accessoires","8":"first","9":"instock","10":"sale","11":"shipping-taxable","12":"purchasable","13":"product-type-simple"},"jetpack_sharing_enabled":true,"_links":{"self":[{"href":"https:\/\/rowayad.com\/index.php\/wp-json\/wp\/v2\/product\/28043","targetHints":{"allow":["GET"]}}],"collection":[{"href":"https:\/\/rowayad.com\/index.php\/wp-json\/wp\/v2\/product"}],"about":[{"href":"https:\/\/rowayad.com\/index.php\/wp-json\/wp\/v2\/types\/product"}],"replies":[{"embeddable":true,"href":"https:\/\/rowayad.com\/index.php\/wp-json\/wp\/v2\/comments?post=28043"}],"version-history":[{"count":2,"href":"https:\/\/rowayad.com\/index.php\/wp-json\/wp\/v2\/product\/28043\/revisions"}],"predecessor-version":[{"id":28070,"href":"https:\/\/rowayad.com\/index.php\/wp-json\/wp\/v2\/product\/28043\/revisions\/28070"}],"wp:featuredmedia":[{"embeddable":true,"href":"https:\/\/rowayad.com\/index.php\/wp-json\/wp\/v2\/media\/28045"}],"wp:attachment":[{"href":"https:\/\/rowayad.com\/index.php\/wp-json\/wp\/v2\/media?parent=28043"}],"wp:term":[{"taxonomy":"product_brand","embeddable":true,"href":"https:\/\/rowayad.com\/index.php\/wp-json\/wp\/v2\/product_brand?post=28043"},{"taxonomy":"product_cat","embeddable":true,"href":"https:\/\/rowayad.com\/index.php\/wp-json\/wp\/v2\/product_cat?post=28043"},{"taxonomy":"product_tag","embeddable":true,"href":"https:\/\/rowayad.com\/index.php\/wp-json\/wp\/v2\/product_tag?post=28043"}],"curies":[{"name":"wp","href":"https:\/\/api.w.org\/{rel}","templated":true}]}}