{"id":28061,"date":"2026-01-19T13:55:34","date_gmt":"2026-01-19T13:55:34","guid":{"rendered":"https:\/\/rowayad.com\/?post_type=product&#038;p=28061"},"modified":"2026-02-20T17:55:28","modified_gmt":"2026-02-20T17:55:28","slug":"table-a-manger-table-de-bureau-en-bois-120-x-60-x-75-cm-2","status":"publish","type":"product","link":"https:\/\/rowayad.com\/index.php\/produit\/table-a-manger-table-de-bureau-en-bois-120-x-60-x-75-cm-2\/","title":{"rendered":"Table \u00e0 manger \/ table de bureau en bois &#8211; 120 x 60 x 75 cm"},"content":{"rendered":"<p>&nbsp;<\/p>\n<ul>\n<li>Table de salle \u00e0 manger rectangulaire &#8211; Dessus de table en MDF lisse et facile \u00e0 nettoyer avec des pieds en bois robustes, solides et beaux.<\/li>\n<\/ul>\n<p>Largement utilis\u00e9 : cette table \u00e0 manger d&rsquo;appoint peut \u00eatre utilis\u00e9e \u00e0 la maison, au caf\u00e9, au bar, au restaurant et au bureau<\/p>\n<ul>\n<li>Principales caract\u00e9ristiques<\/li>\n<li>* Table universelle 120\/60 cm<\/li>\n<li>* Tr\u00e8s \u00e9l\u00e9gant et facile \u00e0 assembler avec catalogue et tourne vis.<\/li>\n<li>* Fabriqu\u00e9 avec les pieds en fer et le dessous en bois.<\/li>\n<li>* design classique.<\/li>\n<li>* Polyvalente peut \u00eatre utilis\u00e9e comme table de travail, \u00e0 manger\u2026<\/li>\n<li>Tr\u00e8s facile \u00e0 assembler avec catalogue et tourne vis.<\/li>\n<li>Longueur: 120 cm<br \/>\nLargeur: 60cm<br \/>\nHauteur: 75cm<\/li>\n<\/ul>\n","protected":false},"excerpt":{"rendered":"<p>&nbsp; Table de salle \u00e0 manger rectangulaire &#8211; Dessus de table en MDF lisse et facile \u00e0 nettoyer avec des<\/p>\n","protected":false},"featured_media":28057,"comment_status":"open","ping_status":"closed","template":"","meta":{"_joinchat":[]},"product_brand":[],"product_cat":[75],"product_tag":[],"class_list":{"0":"post-28061","1":"product","2":"type-product","3":"status-publish","4":"has-post-thumbnail","6":"product_cat-maison-bureau","8":"first","9":"instock","10":"sale","11":"shipping-taxable","12":"purchasable","13":"product-type-simple"},"jetpack_sharing_enabled":true,"_links":{"self":[{"href":"https:\/\/rowayad.com\/index.php\/wp-json\/wp\/v2\/product\/28061","targetHints":{"allow":["GET"]}}],"collection":[{"href":"https:\/\/rowayad.com\/index.php\/wp-json\/wp\/v2\/product"}],"about":[{"href":"https:\/\/rowayad.com\/index.php\/wp-json\/wp\/v2\/types\/product"}],"replies":[{"embeddable":true,"href":"https:\/\/rowayad.com\/index.php\/wp-json\/wp\/v2\/comments?post=28061"}],"version-history":[{"count":1,"href":"https:\/\/rowayad.com\/index.php\/wp-json\/wp\/v2\/product\/28061\/revisions"}],"predecessor-version":[{"id":28062,"href":"https:\/\/rowayad.com\/index.php\/wp-json\/wp\/v2\/product\/28061\/revisions\/28062"}],"wp:featuredmedia":[{"embeddable":true,"href":"https:\/\/rowayad.com\/index.php\/wp-json\/wp\/v2\/media\/28057"}],"wp:attachment":[{"href":"https:\/\/rowayad.com\/index.php\/wp-json\/wp\/v2\/media?parent=28061"}],"wp:term":[{"taxonomy":"product_brand","embeddable":true,"href":"https:\/\/rowayad.com\/index.php\/wp-json\/wp\/v2\/product_brand?post=28061"},{"taxonomy":"product_cat","embeddable":true,"href":"https:\/\/rowayad.com\/index.php\/wp-json\/wp\/v2\/product_cat?post=28061"},{"taxonomy":"product_tag","embeddable":true,"href":"https:\/\/rowayad.com\/index.php\/wp-json\/wp\/v2\/product_tag?post=28061"}],"curies":[{"name":"wp","href":"https:\/\/api.w.org\/{rel}","templated":true}]}}