{"id":28063,"date":"2026-01-19T14:06:53","date_gmt":"2026-01-19T14:06:53","guid":{"rendered":"https:\/\/rowayad.com\/?post_type=product&#038;p=28063"},"modified":"2026-02-20T17:52:06","modified_gmt":"2026-02-20T17:52:06","slug":"etagere-a-chaussures","status":"publish","type":"product","link":"https:\/\/rowayad.com\/index.php\/produit\/etagere-a-chaussures\/","title":{"rendered":"Etag\u00e8re \u00e0 Chaussures"},"content":{"rendered":"<h2 class=\"chapo title_gamma\">Accessoires de mode\u00a0\u00e0 part enti\u00e8re, les\u00a0chaussures\u00a0se multiplient dans les foyers&#8230; jusqu&rsquo;\u00e0 devenir terriblement envahissant. Comme le montre une \u00e9tude de la F\u00e9d\u00e9ration Fran\u00e7aise de la Chaussure en 2016, les femmes poss\u00e8dent en moyenne\u00a019 paires de chaussures, et les hommes\u00a09 paires. Ainsi, on comprend ais\u00e9ment qu&rsquo;un tel volume est \u00e0 prendre en compte dans l&rsquo;am\u00e9nagement de son chez-soi\u00a0! Mais alors comment faire lorsque l&rsquo;on poss\u00e8de autant de paires et que l&rsquo;on vit dans un\u00a0petit espace\u00a0? Que l&rsquo;on opte pour un\u00a0meuble \u00e0 chaussures rigide\u00a0ou pour une\u00a0solution extensible, il existe une configuration adapt\u00e9e \u00e0 chaque situation. Pour guider au mieux votre choix de\u00a0rangement de chaussures, deux\u00a0experts\u00a0r\u00e9pondent \u00e0 vos questions. Et rassurez-vous, il ne sera sans doute pas n\u00e9cessaire de vous s\u00e9parer de vos\u00a0chaussures pr\u00e9f\u00e9r\u00e9es\u00a0!<\/h2>\n","protected":false},"excerpt":{"rendered":"<p>Accessoires de mode\u00a0\u00e0 part enti\u00e8re, les\u00a0chaussures\u00a0se multiplient dans les foyers&#8230; jusqu&rsquo;\u00e0 devenir terriblement envahissant. Comme le montre une \u00e9tude de<\/p>\n","protected":false},"featured_media":28066,"comment_status":"open","ping_status":"closed","template":"","meta":{"_joinchat":[]},"product_brand":[],"product_cat":[20],"product_tag":[],"class_list":{"0":"post-28063","1":"product","2":"type-product","3":"status-publish","4":"has-post-thumbnail","6":"product_cat-accessoires","8":"first","9":"instock","10":"sale","11":"shipping-taxable","12":"purchasable","13":"product-type-simple"},"jetpack_sharing_enabled":true,"_links":{"self":[{"href":"https:\/\/rowayad.com\/index.php\/wp-json\/wp\/v2\/product\/28063","targetHints":{"allow":["GET"]}}],"collection":[{"href":"https:\/\/rowayad.com\/index.php\/wp-json\/wp\/v2\/product"}],"about":[{"href":"https:\/\/rowayad.com\/index.php\/wp-json\/wp\/v2\/types\/product"}],"replies":[{"embeddable":true,"href":"https:\/\/rowayad.com\/index.php\/wp-json\/wp\/v2\/comments?post=28063"}],"version-history":[{"count":2,"href":"https:\/\/rowayad.com\/index.php\/wp-json\/wp\/v2\/product\/28063\/revisions"}],"predecessor-version":[{"id":28068,"href":"https:\/\/rowayad.com\/index.php\/wp-json\/wp\/v2\/product\/28063\/revisions\/28068"}],"wp:featuredmedia":[{"embeddable":true,"href":"https:\/\/rowayad.com\/index.php\/wp-json\/wp\/v2\/media\/28066"}],"wp:attachment":[{"href":"https:\/\/rowayad.com\/index.php\/wp-json\/wp\/v2\/media?parent=28063"}],"wp:term":[{"taxonomy":"product_brand","embeddable":true,"href":"https:\/\/rowayad.com\/index.php\/wp-json\/wp\/v2\/product_brand?post=28063"},{"taxonomy":"product_cat","embeddable":true,"href":"https:\/\/rowayad.com\/index.php\/wp-json\/wp\/v2\/product_cat?post=28063"},{"taxonomy":"product_tag","embeddable":true,"href":"https:\/\/rowayad.com\/index.php\/wp-json\/wp\/v2\/product_tag?post=28063"}],"curies":[{"name":"wp","href":"https:\/\/api.w.org\/{rel}","templated":true}]}}