{"id":28085,"date":"2026-02-18T22:04:41","date_gmt":"2026-02-18T22:04:41","guid":{"rendered":"https:\/\/rowayad.com\/?post_type=product&#038;p=28085"},"modified":"2026-02-21T16:45:49","modified_gmt":"2026-02-21T16:45:49","slug":"ensemble-carafe-en-verre","status":"publish","type":"product","link":"https:\/\/rowayad.com\/index.php\/produit\/ensemble-carafe-en-verre\/","title":{"rendered":"Ensemble Carafe en verre 7 pces Raffin\u00e9, luxe"},"content":{"rendered":"<p><strong>1 carafe de 1,9L et 6 verres de 0,5L<\/strong>. \u00c9tat: Neuf sous emballage coffret. Ce service est un cadeau id\u00e9al \u00e0 offrir pour tous les \u0153nologues. La carafe est travaill\u00e9e et belle manufacture. Le lot fait son plus bel effet lors de soir\u00e9es, r\u00e9ception ou repas entre amis. Les accessoires \u00e0 cocktail sont livr\u00e9s dans un carton coffret et peuvent retrouver leur place \u00e0 l&rsquo;int\u00e9rieur une fois non utilis\u00e9s.<\/p>\n<p>Que vous partagiez un verre avec une personne sp\u00e9ciale \u00e0 la fin d&rsquo;une longue journ\u00e9e ou organisiez un d\u00eener avec vos amis les plus proches, vous souhaiterez des verres parfaits et classique.<\/p>\n<p>Convient \u00e0 la vie quotidienne, mais reste \u00e9l\u00e9gant et raffin\u00e9, adapt\u00e9 au divertissement. Am\u00e9liorez votre exp\u00e9rience culinaire avec le parfait \u00e9quilibre de verre dans votre main, le toucher \u00e9l\u00e9gant entre vos doigts, les magnifiques sonneries en cristal sur les bords. Ce n&rsquo;est pas juste un r\u00e9gal, c&rsquo;est l&rsquo;exp\u00e9rience de vous et de vos invit\u00e9s \u00e0 chaque fois. Comme pour nos cr\u00e9ations en verre, notre emballage impressionnant contient de nombreuses id\u00e9es et efforts. Nos bo\u00eetes exquises ont un emplacement unique et un design de clic qui s\u00e9curise vos lunettes afin qu&rsquo;elles soient toujours en un seul morceau et puissent m\u00eame \u00eatre stock\u00e9es par la suite. C&rsquo;est le cadeau id\u00e9al pour votre plaisir.<\/p>\n<p>Vous avez fait le bon choix<\/p>\n","protected":false},"excerpt":{"rendered":"<p>1 carafe de 1,9L et 6 verres de 0,5L. \u00c9tat: Neuf sous emballage coffret. Ce service est un cadeau id\u00e9al<\/p>\n","protected":false},"featured_media":28086,"comment_status":"open","ping_status":"closed","template":"","meta":{"_joinchat":[]},"product_brand":[],"product_cat":[20],"product_tag":[],"class_list":{"0":"post-28085","1":"product","2":"type-product","3":"status-publish","4":"has-post-thumbnail","6":"product_cat-accessoires","8":"first","9":"instock","10":"sale","11":"shipping-taxable","12":"purchasable","13":"product-type-simple"},"jetpack_sharing_enabled":true,"_links":{"self":[{"href":"https:\/\/rowayad.com\/index.php\/wp-json\/wp\/v2\/product\/28085","targetHints":{"allow":["GET"]}}],"collection":[{"href":"https:\/\/rowayad.com\/index.php\/wp-json\/wp\/v2\/product"}],"about":[{"href":"https:\/\/rowayad.com\/index.php\/wp-json\/wp\/v2\/types\/product"}],"replies":[{"embeddable":true,"href":"https:\/\/rowayad.com\/index.php\/wp-json\/wp\/v2\/comments?post=28085"}],"version-history":[{"count":4,"href":"https:\/\/rowayad.com\/index.php\/wp-json\/wp\/v2\/product\/28085\/revisions"}],"predecessor-version":[{"id":28182,"href":"https:\/\/rowayad.com\/index.php\/wp-json\/wp\/v2\/product\/28085\/revisions\/28182"}],"wp:featuredmedia":[{"embeddable":true,"href":"https:\/\/rowayad.com\/index.php\/wp-json\/wp\/v2\/media\/28086"}],"wp:attachment":[{"href":"https:\/\/rowayad.com\/index.php\/wp-json\/wp\/v2\/media?parent=28085"}],"wp:term":[{"taxonomy":"product_brand","embeddable":true,"href":"https:\/\/rowayad.com\/index.php\/wp-json\/wp\/v2\/product_brand?post=28085"},{"taxonomy":"product_cat","embeddable":true,"href":"https:\/\/rowayad.com\/index.php\/wp-json\/wp\/v2\/product_cat?post=28085"},{"taxonomy":"product_tag","embeddable":true,"href":"https:\/\/rowayad.com\/index.php\/wp-json\/wp\/v2\/product_tag?post=28085"}],"curies":[{"name":"wp","href":"https:\/\/api.w.org\/{rel}","templated":true}]}}