{"id":28091,"date":"2026-02-20T16:03:37","date_gmt":"2026-02-20T16:03:37","guid":{"rendered":"https:\/\/rowayad.com\/?post_type=product&#038;p=28091"},"modified":"2026-02-20T16:27:09","modified_gmt":"2026-02-20T16:27:09","slug":"28091","status":"publish","type":"product","link":"https:\/\/rowayad.com\/index.php\/produit\/28091\/","title":{"rendered":"Hachoir \u00e0 Viande Electrique &#8211; Inox &#8211; 2 Litres &#8211; Trancheuse D&rsquo;Oignons &#8211; Gris"},"content":{"rendered":"<h1 class=\"-fs20 -pts -pbxs\">Ce<b>\u00a0hachoir\u00a0<\/b>\u00e0 viande est un appareil tr\u00e8s important dans la cuisine, car il \u00e9vite de se mettre \u00e0 passer dans les boucheries du coin pour hacher sa viande. Gr\u00e2ce \u00e0 lui, la t\u00e2che de faire des mets \u00e0 base de viande devient beaucoup plus ais\u00e9e comparativement au hachoir manuel, celui-ci permet de hacher plus vite sa viande. Il peut \u00eatre utilis\u00e9 de mani\u00e8re fr\u00e9quente et permet de hacher une quantit\u00e9 importante de viande<\/h1>\n<p><img fetchpriority=\"high\" decoding=\"async\" class=\"alignnone size-medium wp-image-28089\" src=\"https:\/\/rowayad.com\/wp-content\/uploads\/2026\/02\/hachoir-300x300.jpg\" alt=\"\" width=\"300\" height=\"300\" srcset=\"https:\/\/rowayad.com\/wp-content\/uploads\/2026\/02\/hachoir-300x300.jpg 300w, https:\/\/rowayad.com\/wp-content\/uploads\/2026\/02\/hachoir-150x150.jpg 150w, https:\/\/rowayad.com\/wp-content\/uploads\/2026\/02\/hachoir-430x430.jpg 430w, https:\/\/rowayad.com\/wp-content\/uploads\/2026\/02\/hachoir.jpg 680w\" sizes=\"(max-width: 300px) 100vw, 300px\" \/><img decoding=\"async\" src=\"https:\/\/sn.jumia.is\/cms\/external\/pet\/GE944HA1D61XHNAFAMZ\/dc0f560745bed6aeffa37fb284e2b0df.jpg\" \/><\/p>\n","protected":false},"excerpt":{"rendered":"<h2 class=\"-fs20 -m -phm -pvxs\">D\u00e9tails<\/h2>\n<h1 class=\"-fs20 -pts -pbxs\">Ce<b>\u00a0hachoir\u00a0<\/b>\u00e0 viande est un appareil tr\u00e8s important dans la cuisine, car il \u00e9vite de se mettre \u00e0 passer dans les boucheries du coin pour hacher sa viande. Gr\u00e2ce \u00e0 lui, la t\u00e2che de faire des mets \u00e0 base de viande devient beaucoup plus ais\u00e9e comparativement au hachoir manuel, celui-ci permet de hacher plus vite sa viande. Il peut \u00eatre utilis\u00e9 de mani\u00e8re fr\u00e9quente et permet de hacher une quantit\u00e9 importante de viande<\/h1>\n","protected":false},"featured_media":28089,"comment_status":"open","ping_status":"closed","template":"","meta":{"_joinchat":[]},"product_brand":[],"product_cat":[20],"product_tag":[],"class_list":{"0":"post-28091","1":"product","2":"type-product","3":"status-publish","4":"has-post-thumbnail","6":"product_cat-accessoires","8":"first","9":"instock","10":"shipping-taxable","11":"purchasable","12":"product-type-simple"},"jetpack_sharing_enabled":true,"_links":{"self":[{"href":"https:\/\/rowayad.com\/index.php\/wp-json\/wp\/v2\/product\/28091","targetHints":{"allow":["GET"]}}],"collection":[{"href":"https:\/\/rowayad.com\/index.php\/wp-json\/wp\/v2\/product"}],"about":[{"href":"https:\/\/rowayad.com\/index.php\/wp-json\/wp\/v2\/types\/product"}],"replies":[{"embeddable":true,"href":"https:\/\/rowayad.com\/index.php\/wp-json\/wp\/v2\/comments?post=28091"}],"version-history":[{"count":6,"href":"https:\/\/rowayad.com\/index.php\/wp-json\/wp\/v2\/product\/28091\/revisions"}],"predecessor-version":[{"id":28102,"href":"https:\/\/rowayad.com\/index.php\/wp-json\/wp\/v2\/product\/28091\/revisions\/28102"}],"wp:featuredmedia":[{"embeddable":true,"href":"https:\/\/rowayad.com\/index.php\/wp-json\/wp\/v2\/media\/28089"}],"wp:attachment":[{"href":"https:\/\/rowayad.com\/index.php\/wp-json\/wp\/v2\/media?parent=28091"}],"wp:term":[{"taxonomy":"product_brand","embeddable":true,"href":"https:\/\/rowayad.com\/index.php\/wp-json\/wp\/v2\/product_brand?post=28091"},{"taxonomy":"product_cat","embeddable":true,"href":"https:\/\/rowayad.com\/index.php\/wp-json\/wp\/v2\/product_cat?post=28091"},{"taxonomy":"product_tag","embeddable":true,"href":"https:\/\/rowayad.com\/index.php\/wp-json\/wp\/v2\/product_tag?post=28091"}],"curies":[{"name":"wp","href":"https:\/\/api.w.org\/{rel}","templated":true}]}}