{"id":28103,"date":"2026-02-20T16:35:17","date_gmt":"2026-02-20T16:35:17","guid":{"rendered":"https:\/\/rowayad.com\/?post_type=product&#038;p=28103"},"modified":"2026-02-20T16:35:53","modified_gmt":"2026-02-20T16:35:53","slug":"draps-coton-avec-couette-plus-draps-king-size-et-2-taies-doreillers-blanc-2","status":"publish","type":"product","link":"https:\/\/rowayad.com\/index.php\/produit\/draps-coton-avec-couette-plus-draps-king-size-et-2-taies-doreillers-blanc-2\/","title":{"rendered":"Draps coton avec couette plus draps king size et 2 taies d&rsquo;oreillers &#8211; Blanc"},"content":{"rendered":"<p>La couette douce lune 240 x 220 cm et tr\u00e8s haute qualit\u00e9 et une nouvelle couette est doux au toucher et n\u2019irrite pas la peau.\u00a0 L\u2019\u00e9dredon convaincu \u00e0 haute circulation de l\u2019air pour un confort agr\u00e9able et bien dormir. La mati\u00e8re de la housse est 100% coton percale et le rembourrage 100%fibre creuse silicon\u00e9. La Belle finition garantit une longue dur\u00e9e de vie m\u00eame apr\u00e8s plusieurs lavages. Grace \u00e0 son poids r\u00e9duit la couette, elle est agr\u00e9ablement l\u00e9g\u00e8re sur le corps. Cette offre va avec un drap en coton 100%.<\/p>\n","protected":false},"excerpt":{"rendered":"<h2 class=\"hdr -upp -fs14 -m -pam\">Principales caract\u00e9ristiques<\/h2>\n<ul>\n<li>Couette: 220\/240cm<\/li>\n<li>Marque portugais<\/li>\n<li>Drap coton<\/li>\n<li>Dimensions: 220X240cm<\/li>\n<li>Dimensions Oreillers : 45X70cm<\/li>\n<\/ul>\n","protected":false},"featured_media":28104,"comment_status":"open","ping_status":"closed","template":"","meta":{"_joinchat":[]},"product_brand":[],"product_cat":[20],"product_tag":[],"class_list":{"0":"post-28103","1":"product","2":"type-product","3":"status-publish","4":"has-post-thumbnail","6":"product_cat-accessoires","8":"first","9":"instock","10":"sale","11":"shipping-taxable","12":"purchasable","13":"product-type-simple"},"jetpack_sharing_enabled":true,"_links":{"self":[{"href":"https:\/\/rowayad.com\/index.php\/wp-json\/wp\/v2\/product\/28103","targetHints":{"allow":["GET"]}}],"collection":[{"href":"https:\/\/rowayad.com\/index.php\/wp-json\/wp\/v2\/product"}],"about":[{"href":"https:\/\/rowayad.com\/index.php\/wp-json\/wp\/v2\/types\/product"}],"replies":[{"embeddable":true,"href":"https:\/\/rowayad.com\/index.php\/wp-json\/wp\/v2\/comments?post=28103"}],"version-history":[{"count":1,"href":"https:\/\/rowayad.com\/index.php\/wp-json\/wp\/v2\/product\/28103\/revisions"}],"predecessor-version":[{"id":28105,"href":"https:\/\/rowayad.com\/index.php\/wp-json\/wp\/v2\/product\/28103\/revisions\/28105"}],"wp:featuredmedia":[{"embeddable":true,"href":"https:\/\/rowayad.com\/index.php\/wp-json\/wp\/v2\/media\/28104"}],"wp:attachment":[{"href":"https:\/\/rowayad.com\/index.php\/wp-json\/wp\/v2\/media?parent=28103"}],"wp:term":[{"taxonomy":"product_brand","embeddable":true,"href":"https:\/\/rowayad.com\/index.php\/wp-json\/wp\/v2\/product_brand?post=28103"},{"taxonomy":"product_cat","embeddable":true,"href":"https:\/\/rowayad.com\/index.php\/wp-json\/wp\/v2\/product_cat?post=28103"},{"taxonomy":"product_tag","embeddable":true,"href":"https:\/\/rowayad.com\/index.php\/wp-json\/wp\/v2\/product_tag?post=28103"}],"curies":[{"name":"wp","href":"https:\/\/api.w.org\/{rel}","templated":true}]}}