{"id":28112,"date":"2026-02-20T16:52:03","date_gmt":"2026-02-20T16:52:03","guid":{"rendered":"https:\/\/rowayad.com\/?post_type=product&#038;p=28112"},"modified":"2026-02-20T16:52:04","modified_gmt":"2026-02-20T16:52:04","slug":"moule-a-gateaux-3-pieces-noir","status":"publish","type":"product","link":"https:\/\/rowayad.com\/index.php\/produit\/moule-a-gateaux-3-pieces-noir\/","title":{"rendered":"Moule \u00e0 G\u00e2teaux &#8211; 3 Pi\u00e8ces &#8211; Noir"},"content":{"rendered":"<p><img decoding=\"async\" src=\"https:\/\/sn.jumia.is\/unsafe\/fit-in\/680x680\/filters:fill(white)\/product\/48\/13185\/2.jpg?0551\" alt=\"product_image_name-Generic-Moule \u00e0 G\u00e2teaux - 3 Pi\u00e8ces - Noir-2\" \/><\/p>\n<p><img decoding=\"async\" src=\"https:\/\/sn.jumia.is\/unsafe\/fit-in\/680x680\/filters:fill(white)\/product\/48\/13185\/3.jpg?0551\" alt=\"product_image_name-Generic-Moule \u00e0 G\u00e2teaux - 3 Pi\u00e8ces - Noir-3\" \/><\/p>\n","protected":false},"excerpt":{"rendered":"<h2 class=\"hdr -upp -fs14 -m -pam\">Principales caract\u00e9ristiques<\/h2>\n<div class=\"markup -pam\">\n<ul>\n<li>Type: Ensembles de cuisson<\/li>\n<li>Mat\u00e9riel : Mixte<\/li>\n<li>Nombre de pi\u00e8ces : 3<\/li>\n<\/ul>\n<\/div>\n","protected":false},"featured_media":28113,"comment_status":"open","ping_status":"closed","template":"","meta":{"_joinchat":[]},"product_brand":[],"product_cat":[20],"product_tag":[],"class_list":{"0":"post-28112","1":"product","2":"type-product","3":"status-publish","4":"has-post-thumbnail","6":"product_cat-accessoires","8":"first","9":"instock","10":"sale","11":"shipping-taxable","12":"purchasable","13":"product-type-simple"},"jetpack_sharing_enabled":true,"_links":{"self":[{"href":"https:\/\/rowayad.com\/index.php\/wp-json\/wp\/v2\/product\/28112","targetHints":{"allow":["GET"]}}],"collection":[{"href":"https:\/\/rowayad.com\/index.php\/wp-json\/wp\/v2\/product"}],"about":[{"href":"https:\/\/rowayad.com\/index.php\/wp-json\/wp\/v2\/types\/product"}],"replies":[{"embeddable":true,"href":"https:\/\/rowayad.com\/index.php\/wp-json\/wp\/v2\/comments?post=28112"}],"version-history":[{"count":2,"href":"https:\/\/rowayad.com\/index.php\/wp-json\/wp\/v2\/product\/28112\/revisions"}],"predecessor-version":[{"id":28116,"href":"https:\/\/rowayad.com\/index.php\/wp-json\/wp\/v2\/product\/28112\/revisions\/28116"}],"wp:featuredmedia":[{"embeddable":true,"href":"https:\/\/rowayad.com\/index.php\/wp-json\/wp\/v2\/media\/28113"}],"wp:attachment":[{"href":"https:\/\/rowayad.com\/index.php\/wp-json\/wp\/v2\/media?parent=28112"}],"wp:term":[{"taxonomy":"product_brand","embeddable":true,"href":"https:\/\/rowayad.com\/index.php\/wp-json\/wp\/v2\/product_brand?post=28112"},{"taxonomy":"product_cat","embeddable":true,"href":"https:\/\/rowayad.com\/index.php\/wp-json\/wp\/v2\/product_cat?post=28112"},{"taxonomy":"product_tag","embeddable":true,"href":"https:\/\/rowayad.com\/index.php\/wp-json\/wp\/v2\/product_tag?post=28112"}],"curies":[{"name":"wp","href":"https:\/\/api.w.org\/{rel}","templated":true}]}}