{"id":28115,"date":"2026-02-20T17:14:34","date_gmt":"2026-02-20T17:14:34","guid":{"rendered":"https:\/\/rowayad.com\/?post_type=product&#038;p=28115"},"modified":"2026-02-20T17:14:34","modified_gmt":"2026-02-20T17:14:34","slug":"mixeur-plongeant-4-en-1","status":"publish","type":"product","link":"https:\/\/rowayad.com\/index.php\/produit\/mixeur-plongeant-4-en-1\/","title":{"rendered":"Mixeur Plongeant &#8211; 4 EN 1"},"content":{"rendered":"<header class=\"-pvs -bb\">\n<h2 class=\"-fs20 -m -phm -pvxs\">D\u00e9tails<\/h2>\n<\/header>\n<div class=\"markup -mhm -pvl -oxa -sc\">\n<p>\u00a0Sp\u00e9cifications : Marque: SOKANY Mod\u00e8le : WK-1705 Mat\u00e9riau : ABS + acier inoxydable Tension: 220-240V Puissance du produit : 300W; 50\/60Hz Convient pour: l\u00e9gumes, viande, Fruits Fonctions: \u0153ufs, p\u00e2te, lait, salade, milkshake, etc. Le mixeur<strong>\u00a0plongeant est \u00e9quip\u00e9<\/strong> d&rsquo;un moteur CC haute performance de 300 watts, qui peut fournir une puissance puissante et faciliter l&rsquo;\u00e9crasement des aliments. Dans des situations charg\u00e9es et compliqu\u00e9es, vous pouvez gagner un temps pr\u00e9cieux ! \u00c9quip\u00e9 d&rsquo;une lame tranchante en acier inoxydable 304. La lame incurv\u00e9e augmentera la zone de contact, am\u00e9liorera la fluidit\u00e9 des aliments et les performances de m\u00e9lange. De cette mani\u00e8re, les ingr\u00e9dients peuvent \u00eatre m\u00e9lang\u00e9s en douceur et compl\u00e8tement, obtenant ainsi un meilleur go\u00fbt et un meilleur effet de cuisson, ce qui convient mieux aux b\u00e9b\u00e9s. Moteur haute efficacit\u00e9<strong>\u00a0300W.<\/strong> Peut vous fournir des aliments frais en peu de temps. Il peut r\u00e9pondre \u00e0 vos besoins en jus, pur\u00e9es, sauces, jus, etc. d\u00e9licieux et sains. Le m\u00e9langeur \u00e0 main Elegant Life est fait de mat\u00e9riaux de qualit\u00e9 alimentaire et ne contient pas de PBA. Inoffensif pour la sant\u00e9. L&rsquo;agitateur est d\u00e9tachable et peut \u00eatre facilement nettoy\u00e9 avec de l&rsquo;eau. La poign\u00e9e ergonomique offre une prise antid\u00e9rapante et confortable lors du m\u00e9lange d&rsquo;ingr\u00e9dients.Ainsi, vos poignets ne seront pas trop fatigu\u00e9s m\u00eame apr\u00e8s une utilisation continue. M\u00e9langer sans effort Gr\u00e2ce \u00e0 son faible poids, le mixeur plongeant \u00e9lectrique tient confortablement dans la main et le rend facile \u00e0 regarder. Cela rend le d\u00e9coupage des ingr\u00e9dients un plaisir. M\u00e9langeur \u00e0 main avec couteau innovant et tranchant \u00e0 six lames en acier inoxydable, pied m\u00e9langeur en acier inoxydable de haute qualit\u00e9 avec couteau en acier inoxydable Syst\u00e8me de couteau \u00a0\u00bb robuste avec fonction anti-\u00e9claboussures: garantit une pr\u00e9paration efficace en permanence sans \u00e9claboussures.<\/p>\n<p>Batteur Electrique avec Moteur puissant de 300 watts, durable et robuste avec s\u00e9curit\u00e9, silencieux et \u00e0 faibles vibrations.<br \/>\nManipulation optimale gr\u00e2ce \u00e0 la conception ergonomique, aux gros boutons et au bo\u00eetier soft-touche facile \u00e0 saisir.<\/p><\/div>\n","protected":false},"excerpt":{"rendered":"<header class=\"-pvs -bb\">\n<h2 class=\"-fs20 -m -phm -pvxs\">Fiche technique<\/h2>\n<\/header>\n<div class=\"row -pas\">\n<article class=\"col8 -pvs\">\n<div class=\"card-b -fh\">\n<h2 class=\"hdr -upp -fs14 -m -pam\">Principales caract\u00e9ristiques<\/h2>\n<div class=\"markup -pam\">\n<ul>\n<li>Mod\u00e8le:4 IN 1<\/li>\n<li>Mat\u00e9riau: plastique ABS + acier inoxydable<\/li>\n<li>Tension: 220-240 V<\/li>\n<li>Puissance: 300w, 50\/60 hz<\/li>\n<li>FACILE A UTILISER<\/li>\n<\/ul>\n<\/div>\n<\/div>\n<\/article>\n<\/div>\n","protected":false},"featured_media":28117,"comment_status":"open","ping_status":"closed","template":"","meta":{"_joinchat":[]},"product_brand":[],"product_cat":[20],"product_tag":[],"class_list":{"0":"post-28115","1":"product","2":"type-product","3":"status-publish","4":"has-post-thumbnail","6":"product_cat-accessoires","8":"first","9":"instock","10":"sale","11":"shipping-taxable","12":"purchasable","13":"product-type-simple"},"jetpack_sharing_enabled":true,"_links":{"self":[{"href":"https:\/\/rowayad.com\/index.php\/wp-json\/wp\/v2\/product\/28115","targetHints":{"allow":["GET"]}}],"collection":[{"href":"https:\/\/rowayad.com\/index.php\/wp-json\/wp\/v2\/product"}],"about":[{"href":"https:\/\/rowayad.com\/index.php\/wp-json\/wp\/v2\/types\/product"}],"replies":[{"embeddable":true,"href":"https:\/\/rowayad.com\/index.php\/wp-json\/wp\/v2\/comments?post=28115"}],"version-history":[{"count":1,"href":"https:\/\/rowayad.com\/index.php\/wp-json\/wp\/v2\/product\/28115\/revisions"}],"predecessor-version":[{"id":28118,"href":"https:\/\/rowayad.com\/index.php\/wp-json\/wp\/v2\/product\/28115\/revisions\/28118"}],"wp:featuredmedia":[{"embeddable":true,"href":"https:\/\/rowayad.com\/index.php\/wp-json\/wp\/v2\/media\/28117"}],"wp:attachment":[{"href":"https:\/\/rowayad.com\/index.php\/wp-json\/wp\/v2\/media?parent=28115"}],"wp:term":[{"taxonomy":"product_brand","embeddable":true,"href":"https:\/\/rowayad.com\/index.php\/wp-json\/wp\/v2\/product_brand?post=28115"},{"taxonomy":"product_cat","embeddable":true,"href":"https:\/\/rowayad.com\/index.php\/wp-json\/wp\/v2\/product_cat?post=28115"},{"taxonomy":"product_tag","embeddable":true,"href":"https:\/\/rowayad.com\/index.php\/wp-json\/wp\/v2\/product_tag?post=28115"}],"curies":[{"name":"wp","href":"https:\/\/api.w.org\/{rel}","templated":true}]}}