{"id":28125,"date":"2026-02-20T18:11:48","date_gmt":"2026-02-20T18:11:48","guid":{"rendered":"https:\/\/rowayad.com\/?post_type=product&#038;p=28125"},"modified":"2026-02-20T18:11:49","modified_gmt":"2026-02-20T18:11:49","slug":"genetic-matelas-gonflable-2-places-coussin-doreiller-gonfleur-manuel","status":"publish","type":"product","link":"https:\/\/rowayad.com\/index.php\/produit\/genetic-matelas-gonflable-2-places-coussin-doreiller-gonfleur-manuel\/","title":{"rendered":"Genetic Matelas Gonflable 2 places+ Coussin d&rsquo;oreiller + Gonfleur manuel"},"content":{"rendered":"<p>Lit <strong>gonflable\u00a0<\/strong>et gonfleur int\u00e9gr\u00e9s Intex <strong>bleu marine<\/strong><br \/>\nLit gonflable avec oreiller et gonfleur int\u00e9gr\u00e9s : super stable et confortable (gr\u00e2ce au cloisonnement du matelas) pour un couchage d&rsquo;appoint de grande qualit\u00e9 !<\/p>\n","protected":false},"excerpt":{"rendered":"<h2 class=\"hdr -upp -fs14 -m -pam\">Principales caract\u00e9ristiques<\/h2>\n<div class=\"markup -pam\">\n<ul>\n<li>Taille :(1.52m * 2.03m * 25cm)<\/li>\n<li>Lit gonflable avec oreiller<\/li>\n<li>Super stable et confortable<\/li>\n<li>Vinyle floqu\u00e9 nylon.<\/li>\n<li>Gonfleur int\u00e9gr\u00e9<\/li>\n<li>D\u00e9gonflage rapide<\/li>\n<li>Couleurs : bleu marine<\/li>\n<\/ul>\n<\/div>\n","protected":false},"featured_media":28126,"comment_status":"open","ping_status":"closed","template":"","meta":{"_joinchat":[]},"product_brand":[],"product_cat":[20],"product_tag":[],"class_list":{"0":"post-28125","1":"product","2":"type-product","3":"status-publish","4":"has-post-thumbnail","6":"product_cat-accessoires","8":"first","9":"instock","10":"sale","11":"shipping-taxable","12":"purchasable","13":"product-type-simple"},"jetpack_sharing_enabled":true,"_links":{"self":[{"href":"https:\/\/rowayad.com\/index.php\/wp-json\/wp\/v2\/product\/28125","targetHints":{"allow":["GET"]}}],"collection":[{"href":"https:\/\/rowayad.com\/index.php\/wp-json\/wp\/v2\/product"}],"about":[{"href":"https:\/\/rowayad.com\/index.php\/wp-json\/wp\/v2\/types\/product"}],"replies":[{"embeddable":true,"href":"https:\/\/rowayad.com\/index.php\/wp-json\/wp\/v2\/comments?post=28125"}],"version-history":[{"count":1,"href":"https:\/\/rowayad.com\/index.php\/wp-json\/wp\/v2\/product\/28125\/revisions"}],"predecessor-version":[{"id":28129,"href":"https:\/\/rowayad.com\/index.php\/wp-json\/wp\/v2\/product\/28125\/revisions\/28129"}],"wp:featuredmedia":[{"embeddable":true,"href":"https:\/\/rowayad.com\/index.php\/wp-json\/wp\/v2\/media\/28126"}],"wp:attachment":[{"href":"https:\/\/rowayad.com\/index.php\/wp-json\/wp\/v2\/media?parent=28125"}],"wp:term":[{"taxonomy":"product_brand","embeddable":true,"href":"https:\/\/rowayad.com\/index.php\/wp-json\/wp\/v2\/product_brand?post=28125"},{"taxonomy":"product_cat","embeddable":true,"href":"https:\/\/rowayad.com\/index.php\/wp-json\/wp\/v2\/product_cat?post=28125"},{"taxonomy":"product_tag","embeddable":true,"href":"https:\/\/rowayad.com\/index.php\/wp-json\/wp\/v2\/product_tag?post=28125"}],"curies":[{"name":"wp","href":"https:\/\/api.w.org\/{rel}","templated":true}]}}