{"id":28130,"date":"2026-02-20T18:16:32","date_gmt":"2026-02-20T18:16:32","guid":{"rendered":"https:\/\/rowayad.com\/?post_type=product&#038;p=28130"},"modified":"2026-02-20T18:16:48","modified_gmt":"2026-02-20T18:16:48","slug":"table-educative-pour-enfants-marron","status":"publish","type":"product","link":"https:\/\/rowayad.com\/index.php\/produit\/table-educative-pour-enfants-marron\/","title":{"rendered":"Table Educative Pour Enfants &#8211; Marron"},"content":{"rendered":"<header class=\"-pvs -bb\">\n<h2 class=\"-fs20 -m -phm -pvxs\">D\u00e9tails<\/h2>\n<\/header>\n<div class=\"markup -mhm -pvl -oxa -sc\">\n<h4>Description d\u00e9taill\u00e9e du produit<\/h4>\n<p>Portable en plastique pliable chasse poisson Camping pique-nique jeu Table pliante Table basse ensemble 2 + 1<\/p>\n<p>Votre ensemble complet est maintenant pr\u00eat \u00e0 \u00eatre utilis\u00e9 sur le balcon de votre maison, sur votre terrasse, en pique-nique, en camping et en voyage.<\/p>\n<p>Tout ce dont vous avez besoin a \u00e9t\u00e9 pens\u00e9 \u00e0 l&rsquo;avance et est disponible dans notre set.<\/p>\n<p>Avec cet ensemble, votre pique-nique et camping est maintenant tr\u00e8s facile.<\/p>\n<p>Vous pouvez utiliser les tables et tabourets en plastique pliables dans votre maison, terrasse, jardin, chasse, p\u00eache, camping, pique-nique et voyage \u00e0 de nombreuses autres fins.<\/p>\n<p>Notre produit est une production nationale et est fabriqu\u00e9 en mati\u00e8re plastique de 1\u00e8re qualit\u00e9.<\/p>\n<p>Il n&rsquo;est pas affect\u00e9 par la pluie et le soleil.<\/p>\n<p>Il peut \u00eatre utilis\u00e9 facilement \u00e0 l&rsquo;int\u00e9rieur et \u00e0 l&rsquo;ext\u00e9rieur.<\/p>\n<p>D\u00e9coloration, ouverture, etc.\u00a0Impossible.<\/p>\n<p>Il est pliable donc il ne prend pas beaucoup de place.<\/p>\n<p>Il est assez lourd pour \u00eatre transport\u00e9 facilement.<\/p>\n<p>Il est tr\u00e8s facile \u00e0 nettoyer.<\/p>\n<p>Vous pouvez l&rsquo;utiliser pendant de nombreuses ann\u00e9es.<\/p>\n<p>Emballage inclus :<\/p>\n<p>1 table basse pliable<\/p>\n<p>2 petits tabourets pliables<\/p>\n<p>Tailles du produit :<\/p>\n<p>Table Ouverte : 52 x 42 x 46 (Hauteur) cm<\/p>\n<p>L&rsquo;\u00e9tat ferm\u00e9 de la table basse : 52 x 5 x 58 (hauteur) cm.<\/p>\n<p>Forme ouverte du tabouret : 29 x 23 x 27 cm.<\/p>\n<p>Le poids total de la table basse et des 2 tabourets est d&rsquo;environ 4 kg<\/p>\n<\/div>\n","protected":false},"excerpt":{"rendered":"<h2 class=\"hdr -upp -fs14 -m -pam\">Principales caract\u00e9ristiques<\/h2>\n<div class=\"markup -pam\">\n<ul>\n<li><\/li>\n<li>Type : Table d\u2019\u00e9tude<\/li>\n<li>Mat\u00e9riau : plastique r\u00e9sistant<\/li>\n<li>Pour enfants de 3 \u00e0 11 ans<\/li>\n<li>Mati\u00e8re : Bois et M\u00e9tal<\/li>\n<li>R\u00e9glable et ajustable<\/li>\n<\/ul>\n<\/div>\n","protected":false},"featured_media":28131,"comment_status":"open","ping_status":"closed","template":"","meta":{"_joinchat":[]},"product_brand":[],"product_cat":[20],"product_tag":[],"class_list":{"0":"post-28130","1":"product","2":"type-product","3":"status-publish","4":"has-post-thumbnail","6":"product_cat-accessoires","8":"first","9":"instock","10":"sale","11":"shipping-taxable","12":"purchasable","13":"product-type-simple"},"jetpack_sharing_enabled":true,"_links":{"self":[{"href":"https:\/\/rowayad.com\/index.php\/wp-json\/wp\/v2\/product\/28130","targetHints":{"allow":["GET"]}}],"collection":[{"href":"https:\/\/rowayad.com\/index.php\/wp-json\/wp\/v2\/product"}],"about":[{"href":"https:\/\/rowayad.com\/index.php\/wp-json\/wp\/v2\/types\/product"}],"replies":[{"embeddable":true,"href":"https:\/\/rowayad.com\/index.php\/wp-json\/wp\/v2\/comments?post=28130"}],"version-history":[{"count":1,"href":"https:\/\/rowayad.com\/index.php\/wp-json\/wp\/v2\/product\/28130\/revisions"}],"predecessor-version":[{"id":28133,"href":"https:\/\/rowayad.com\/index.php\/wp-json\/wp\/v2\/product\/28130\/revisions\/28133"}],"wp:featuredmedia":[{"embeddable":true,"href":"https:\/\/rowayad.com\/index.php\/wp-json\/wp\/v2\/media\/28131"}],"wp:attachment":[{"href":"https:\/\/rowayad.com\/index.php\/wp-json\/wp\/v2\/media?parent=28130"}],"wp:term":[{"taxonomy":"product_brand","embeddable":true,"href":"https:\/\/rowayad.com\/index.php\/wp-json\/wp\/v2\/product_brand?post=28130"},{"taxonomy":"product_cat","embeddable":true,"href":"https:\/\/rowayad.com\/index.php\/wp-json\/wp\/v2\/product_cat?post=28130"},{"taxonomy":"product_tag","embeddable":true,"href":"https:\/\/rowayad.com\/index.php\/wp-json\/wp\/v2\/product_tag?post=28130"}],"curies":[{"name":"wp","href":"https:\/\/api.w.org\/{rel}","templated":true}]}}