{"id":28134,"date":"2026-02-20T18:22:41","date_gmt":"2026-02-20T18:22:41","guid":{"rendered":"https:\/\/rowayad.com\/?post_type=product&#038;p=28134"},"modified":"2026-02-20T18:28:42","modified_gmt":"2026-02-20T18:28:42","slug":"dattier-pratique-et-sophistique-presentoir-a-bonbons-decoration-dinterieur-ramandan","status":"publish","type":"product","link":"https:\/\/rowayad.com\/index.php\/produit\/dattier-pratique-et-sophistique-presentoir-a-bonbons-decoration-dinterieur-ramandan\/","title":{"rendered":"Dattier pratique et sophistiqu\u00e9 &#8211; Pr\u00e9sentoir \u00e0 bonbons D\u00e9coration d&rsquo;int\u00e9rieur RAMANDAN"},"content":{"rendered":"<header class=\"-pvs -bb\">\n<h2 class=\"-fs20 -m -phm -pvxs\">D\u00e9tails<\/h2>\n<\/header>\n<div class=\"markup -mhm -pvl -oxa -sc\">\n<p>Dattier \u00a0pratique et sophistiqu\u00e9 &#8211; Pr\u00e9sentoir \u00e0 bonbons D\u00e9coration d&rsquo;int\u00e9rieur RAMANDAN 2025<\/p>\n<\/div>\n","protected":false},"excerpt":{"rendered":"<p>D\u00e9tails Dattier \u00a0pratique et sophistiqu\u00e9 &#8211; Pr\u00e9sentoir \u00e0 bonbons D\u00e9coration d&rsquo;int\u00e9rieur RAMANDAN 2025<\/p>\n","protected":false},"featured_media":28135,"comment_status":"open","ping_status":"closed","template":"","meta":{"_joinchat":[]},"product_brand":[],"product_cat":[20],"product_tag":[],"class_list":{"0":"post-28134","1":"product","2":"type-product","3":"status-publish","4":"has-post-thumbnail","6":"product_cat-accessoires","8":"first","9":"instock","10":"sale","11":"shipping-taxable","12":"purchasable","13":"product-type-simple"},"jetpack_sharing_enabled":true,"_links":{"self":[{"href":"https:\/\/rowayad.com\/index.php\/wp-json\/wp\/v2\/product\/28134","targetHints":{"allow":["GET"]}}],"collection":[{"href":"https:\/\/rowayad.com\/index.php\/wp-json\/wp\/v2\/product"}],"about":[{"href":"https:\/\/rowayad.com\/index.php\/wp-json\/wp\/v2\/types\/product"}],"replies":[{"embeddable":true,"href":"https:\/\/rowayad.com\/index.php\/wp-json\/wp\/v2\/comments?post=28134"}],"version-history":[{"count":1,"href":"https:\/\/rowayad.com\/index.php\/wp-json\/wp\/v2\/product\/28134\/revisions"}],"predecessor-version":[{"id":28136,"href":"https:\/\/rowayad.com\/index.php\/wp-json\/wp\/v2\/product\/28134\/revisions\/28136"}],"wp:featuredmedia":[{"embeddable":true,"href":"https:\/\/rowayad.com\/index.php\/wp-json\/wp\/v2\/media\/28135"}],"wp:attachment":[{"href":"https:\/\/rowayad.com\/index.php\/wp-json\/wp\/v2\/media?parent=28134"}],"wp:term":[{"taxonomy":"product_brand","embeddable":true,"href":"https:\/\/rowayad.com\/index.php\/wp-json\/wp\/v2\/product_brand?post=28134"},{"taxonomy":"product_cat","embeddable":true,"href":"https:\/\/rowayad.com\/index.php\/wp-json\/wp\/v2\/product_cat?post=28134"},{"taxonomy":"product_tag","embeddable":true,"href":"https:\/\/rowayad.com\/index.php\/wp-json\/wp\/v2\/product_tag?post=28134"}],"curies":[{"name":"wp","href":"https:\/\/api.w.org\/{rel}","templated":true}]}}