{"id":28153,"date":"2026-02-21T16:15:20","date_gmt":"2026-02-21T16:15:20","guid":{"rendered":"https:\/\/rowayad.com\/?post_type=product&#038;p=28153"},"modified":"2026-02-21T16:15:20","modified_gmt":"2026-02-21T16:15:20","slug":"rangement-de-chaussures-plastique-cube-24-paires","status":"publish","type":"product","link":"https:\/\/rowayad.com\/index.php\/produit\/rangement-de-chaussures-plastique-cube-24-paires\/","title":{"rendered":"Rangement de Chaussures Plastique Cube 24 Paires"},"content":{"rendered":"<header class=\"-pvs -bb\">\n<h2 class=\"-fs20 -m -phm -pvxs\">D\u00e9tails<\/h2>\n<\/header>\n<div class=\"markup -mhm -pvl -oxa -sc\">\n<p><b>PANNEAUX RESISTANTS:<\/b> con\u00e7us en plastique PP avec le cadre en acier, ces panneaux n\u2019ont pas de compos\u00e9s toxiques ; charge maximal 5,9 kg (par cube) ; les portes blanches sont transparentes et les panneaux noirs sont opaques, avec des motifs boucl\u00e9s<\/p>\n<p>STOCKAGE FONCTIONNEL 6 cubes divis\u00e9s en 2 servent \u00e0 garder toutes vos chaussures sans prendre beaucoup de place ; Vous pouvez assembler des cubes ensemble ou dans des blocs diff\u00e9rents, en fonction de vos besoins<\/p>\n<p>ASSEMBLAGE AISE : avec l&rsquo;aide de connecteurs en plastique, vous installerez rapidement et sans difficult\u00e9 meuble rangement modulable ; l&rsquo;utilisation de gants est recommand\u00e9e afin de prot\u00e9ger les mains des blessures lors de l&rsquo;installation de l&rsquo;unit\u00e9<\/p>\n<p>MEUBLE POLYVALENT: chaque cube \u00e0 assez de place pour 2 paires de chaussures, dont \u00e7a fait un total de 32 paires ; en plus de chaussures, vous pouvez garder des v\u00eatements, des couvertures, des draps, des jouets, des c\u00e2bles, des DVD, sacs \u00e0 main, etc<\/p>\n<p>. CONNECTEURS ET SOINS: avec les connecteurs en plastique ABS de haute r\u00e9sistance incluse dans le package, vous pouvez assembler le meuble sans soucis ; le rangement \u00e0 modules est \u00e9tanche \u00e0 l&rsquo;eau, essuyez avec un chiffon humide si n\u00e9cessaire<\/p>\n<\/div>\n","protected":false},"excerpt":{"rendered":"<h2 class=\"hdr -upp -fs14 -m -pam\">Principales caract\u00e9ristiques<\/h2>\n<div class=\"markup -pam\">\n<ul>\n<li>Type de produit : Rangement chaussure<\/li>\n<li>Mati\u00e8re : Pastique<\/li>\n<li>Stockage fonctionnel 6 cubes divis\u00e9s en 2<\/li>\n<li>Assemblage\u00a0\u00a0ais\u00e9<\/li>\n<li>Meuble\u00a0Polyvalent<\/li>\n<li>Connecteurs et Soins<\/li>\n<\/ul>\n<\/div>\n","protected":false},"featured_media":28154,"comment_status":"open","ping_status":"closed","template":"","meta":{"_joinchat":[]},"product_brand":[],"product_cat":[20],"product_tag":[],"class_list":{"0":"post-28153","1":"product","2":"type-product","3":"status-publish","4":"has-post-thumbnail","6":"product_cat-accessoires","8":"first","9":"instock","10":"sale","11":"shipping-taxable","12":"purchasable","13":"product-type-simple"},"jetpack_sharing_enabled":true,"_links":{"self":[{"href":"https:\/\/rowayad.com\/index.php\/wp-json\/wp\/v2\/product\/28153","targetHints":{"allow":["GET"]}}],"collection":[{"href":"https:\/\/rowayad.com\/index.php\/wp-json\/wp\/v2\/product"}],"about":[{"href":"https:\/\/rowayad.com\/index.php\/wp-json\/wp\/v2\/types\/product"}],"replies":[{"embeddable":true,"href":"https:\/\/rowayad.com\/index.php\/wp-json\/wp\/v2\/comments?post=28153"}],"version-history":[{"count":1,"href":"https:\/\/rowayad.com\/index.php\/wp-json\/wp\/v2\/product\/28153\/revisions"}],"predecessor-version":[{"id":28157,"href":"https:\/\/rowayad.com\/index.php\/wp-json\/wp\/v2\/product\/28153\/revisions\/28157"}],"wp:featuredmedia":[{"embeddable":true,"href":"https:\/\/rowayad.com\/index.php\/wp-json\/wp\/v2\/media\/28154"}],"wp:attachment":[{"href":"https:\/\/rowayad.com\/index.php\/wp-json\/wp\/v2\/media?parent=28153"}],"wp:term":[{"taxonomy":"product_brand","embeddable":true,"href":"https:\/\/rowayad.com\/index.php\/wp-json\/wp\/v2\/product_brand?post=28153"},{"taxonomy":"product_cat","embeddable":true,"href":"https:\/\/rowayad.com\/index.php\/wp-json\/wp\/v2\/product_cat?post=28153"},{"taxonomy":"product_tag","embeddable":true,"href":"https:\/\/rowayad.com\/index.php\/wp-json\/wp\/v2\/product_tag?post=28153"}],"curies":[{"name":"wp","href":"https:\/\/api.w.org\/{rel}","templated":true}]}}