{"id":28158,"date":"2026-02-21T16:23:11","date_gmt":"2026-02-21T16:23:11","guid":{"rendered":"https:\/\/rowayad.com\/?post_type=product&#038;p=28158"},"modified":"2026-02-21T16:23:11","modified_gmt":"2026-02-21T16:23:11","slug":"egouttoir-a-vaisselle-rabattable-plateau-a-egouttoir","status":"publish","type":"product","link":"https:\/\/rowayad.com\/index.php\/produit\/egouttoir-a-vaisselle-rabattable-plateau-a-egouttoir\/","title":{"rendered":"\u00c9gouttoir \u00e0 vaisselle rabattable Plateau \u00e0 \u00e9gouttoir"},"content":{"rendered":"<header class=\"-pvs -bb\">\n<h2 class=\"-fs20 -m -phm -pvxs\">D\u00e9tails<\/h2>\n<\/header>\n<div class=\"markup -mhm -pvl -oxa -sc\">\n<p>Notre \u00e9gouttoir \u00e0 vaisselle pliable de grande capacit\u00e9 fonctionne parfaitement dans les plats \u00e0 poign\u00e9e tels que les bols, assiettes, fourchettes, cuill\u00e8res et couteaux. Fait de plastique r\u00e9sistant \u00e0 la rouille et de silicone de qualit\u00e9 alimentaire, ce support de vaisselle permet une filtration de l&rsquo;eau simple et une longue dur\u00e9e de vie. Il est id\u00e9al pour s\u00e9cher et organiser votre vaisselle, en vous donnant une cuisine soign\u00e9e et ordonn\u00e9e.<\/p>\n<p><b>Fonctionnalit\u00e9 :<\/b><\/p>\n<p>Multifonctionnel : notre \u00e9gouttoir \u00e0 grande capacit\u00e9 est con\u00e7u pour \u00e9goutter et ranger la vaisselle. Il peut g\u00e9rer des plats tels que des bols, des assiettes, une fourchette, une cuill\u00e8re et des couteaux.<\/p>\n<p>Mati\u00e8res plastiques de haute qualit\u00e9 : fabriqu\u00e9es \u00e0 partir de mati\u00e8res plastiques r\u00e9sistantes \u00e0 la rouille et durables, ce panier \u00e0 vaisselle permet une filtration de l&rsquo;eau simple et une longue dur\u00e9e de vie.<\/p>\n<p>Facile \u00e0 \u00e9goutter : notre support \u00e0 vaisselle fonctionne parfaitement. Les compartiments int\u00e9gr\u00e9s sont utilis\u00e9s pour ranger de la vaisselle distingu\u00e9e et de petits objets tr\u00e8s pratiques.<\/p>\n<p>Facile \u00e0 nettoyer : toutes les pi\u00e8ces du panier \u00e0 vaisselle sont d\u00e9tachables. Il est facile de se laver \u00e0 la main ou au lave-vaisselle.<\/p>\n<p>Ex\u00e9cution exquise : fond en plastique de haute qualit\u00e9, conception pliable en silicone, colonne solide pour une tenue solide et trous uniform\u00e9ment r\u00e9partis pour un bon drainage. Il est facile \u00e0 installer, d\u00e9sassembler, nettoyer et ranger.<\/p>\n<p><b>Remarque :<\/b><\/p>\n<p>* Il peut y avoir quelques \u00e9carts dus \u00e0 la mesure manuelle ou \u00e0 une l\u00e9g\u00e8re diff\u00e9rence de couleur due aux conditions de prise de vue. Merci pour votre compr\u00e9hension.<\/p>\n<\/div>\n","protected":false},"excerpt":{"rendered":"<h2 class=\"hdr -upp -fs14 -m -pam\">Principales caract\u00e9ristiques<\/h2>\n<div class=\"markup -pam\">\n<ul>\n<li>Egouttoir \u00e0 vaisselle<\/li>\n<li>Multi compartiments<\/li>\n<li>Facile \u00e0 nettoyer<\/li>\n<li>En plastique, donc pas de corrosion<\/li>\n<\/ul>\n<\/div>\n","protected":false},"featured_media":28160,"comment_status":"open","ping_status":"closed","template":"","meta":{"_joinchat":[]},"product_brand":[],"product_cat":[20],"product_tag":[],"class_list":{"0":"post-28158","1":"product","2":"type-product","3":"status-publish","4":"has-post-thumbnail","6":"product_cat-accessoires","8":"first","9":"instock","10":"sale","11":"shipping-taxable","12":"purchasable","13":"product-type-simple"},"jetpack_sharing_enabled":true,"_links":{"self":[{"href":"https:\/\/rowayad.com\/index.php\/wp-json\/wp\/v2\/product\/28158","targetHints":{"allow":["GET"]}}],"collection":[{"href":"https:\/\/rowayad.com\/index.php\/wp-json\/wp\/v2\/product"}],"about":[{"href":"https:\/\/rowayad.com\/index.php\/wp-json\/wp\/v2\/types\/product"}],"replies":[{"embeddable":true,"href":"https:\/\/rowayad.com\/index.php\/wp-json\/wp\/v2\/comments?post=28158"}],"version-history":[{"count":1,"href":"https:\/\/rowayad.com\/index.php\/wp-json\/wp\/v2\/product\/28158\/revisions"}],"predecessor-version":[{"id":28163,"href":"https:\/\/rowayad.com\/index.php\/wp-json\/wp\/v2\/product\/28158\/revisions\/28163"}],"wp:featuredmedia":[{"embeddable":true,"href":"https:\/\/rowayad.com\/index.php\/wp-json\/wp\/v2\/media\/28160"}],"wp:attachment":[{"href":"https:\/\/rowayad.com\/index.php\/wp-json\/wp\/v2\/media?parent=28158"}],"wp:term":[{"taxonomy":"product_brand","embeddable":true,"href":"https:\/\/rowayad.com\/index.php\/wp-json\/wp\/v2\/product_brand?post=28158"},{"taxonomy":"product_cat","embeddable":true,"href":"https:\/\/rowayad.com\/index.php\/wp-json\/wp\/v2\/product_cat?post=28158"},{"taxonomy":"product_tag","embeddable":true,"href":"https:\/\/rowayad.com\/index.php\/wp-json\/wp\/v2\/product_tag?post=28158"}],"curies":[{"name":"wp","href":"https:\/\/api.w.org\/{rel}","templated":true}]}}