{"id":28164,"date":"2026-02-21T16:28:16","date_gmt":"2026-02-21T16:28:16","guid":{"rendered":"https:\/\/rowayad.com\/?post_type=product&#038;p=28164"},"modified":"2026-02-21T16:32:36","modified_gmt":"2026-02-21T16:32:36","slug":"support-de-rangement-mural-pour-support-de-rangement-pour-organisateur-de-balai-5-positions-et-6-crochets","status":"publish","type":"product","link":"https:\/\/rowayad.com\/index.php\/produit\/support-de-rangement-mural-pour-support-de-rangement-pour-organisateur-de-balai-5-positions-et-6-crochets\/","title":{"rendered":"Support de rangement mural pour support de rangement pour organisateur de balai, (5 positions et 6 crochets)"},"content":{"rendered":"<header class=\"-pvs -bb\">\n<h2 class=\"-fs20 -m -phm -pvxs\">D\u00e9tails<\/h2>\n<\/header>\n<div class=\"markup -mhm -pvl -oxa -sc\">Fonction polyvalente et utilisation pratique. Le support mural pour vadrouille et vadrouille constitue une solution pour nettoyer et organiser votre garage, votre jardin, votre cuisine, votre buanderie, vos bureaux et n\u2019importe o\u00f9 vous voulez. Il est fort, robuste, longue dur\u00e9e de vie et r\u00e9sistant aux intemp\u00e9ries<br \/>\nConception \u00e0 d\u00e9gagement facile. En soulevant simplement la poign\u00e9e, les billes de roulement s&rsquo;ajusteront automatiquement \u00e0 l&rsquo;\u00e9paisseur de chaque poign\u00e9e et la saisiront fermement. Vous n&rsquo;avez pas \u00e0 craindre que les outils ne tombent au sol.<br \/>\nFentes \u00e0 billes r\u00e9tractables. Il y a 5 emplacements pour balles et 6 crochets qui peuvent \u00eatre rabaiss\u00e9s pour \u00eatre utilis\u00e9s ou remont\u00e9s s&rsquo;ils ne sont pas n\u00e9cessaires &#8211; vous pouvez ainsi garder vos vadrouilles, vos balais bien rang\u00e9s.<strong>Fonctionnalit\u00e9s:<\/strong><br \/>\nPorte-balai \u00e0 vadrouille avec 3 pinces et 4 crochets, pouvant suspendre vadrouilles, balais, serviettes, r\u00e2teaux, pelles \u00e0 neige et autres outils utilitaires.<br \/>\nRendez votre maison propre et organis\u00e9e, support id\u00e9al pour gagner de la place.<br \/>\nApplicable \u00e0 la cuisine, salle de bains, buanderie, jardin, garage et ainsi de suite, convient \u00e0 la fois pour un usage domestique et commercial.<br \/>\nMat\u00e9riau en acier inoxydable de haute qualit\u00e9, r\u00e9sistance \u00e0 la corrosion, antirouille, durable pour une utilisation \u00e0 long terme.<br \/>\nInstallation simple, style mural ou installation sans per\u00e7age, poss\u00e8de d\u00e9j\u00e0 2 trous.<\/p>\n<\/div>\n","protected":false},"excerpt":{"rendered":"<h2 class=\"hdr -upp -fs14 -m -pam\">Principales caract\u00e9ristiques<\/h2>\n<div class=\"markup -pam\">\n<ul>\n<li>Couleur: argent &amp; orange<\/li>\n<li>mat\u00e9riel: acier inoxydable<\/li>\n<li>Poids de roulement: 5-10kg \/ 11-22lbs<\/li>\n<li>Taille de l&rsquo;article: 29 x 5 x 4.5cm \/ 11.4 x 2.0 x 1.8in<\/li>\n<li>Taille de l&#8217;emballage: 31 x 9.5 x 5.5cm \/ 12.2 x 3.7 x 2.2in<\/li>\n<li>Poids du colis: 411g \/ 14.5oz<\/li>\n<\/ul>\n<\/div>\n","protected":false},"featured_media":28165,"comment_status":"open","ping_status":"closed","template":"","meta":{"_joinchat":[]},"product_brand":[],"product_cat":[20],"product_tag":[],"class_list":{"0":"post-28164","1":"product","2":"type-product","3":"status-publish","4":"has-post-thumbnail","6":"product_cat-accessoires","8":"first","9":"instock","10":"sale","11":"shipping-taxable","12":"purchasable","13":"product-type-simple"},"jetpack_sharing_enabled":true,"_links":{"self":[{"href":"https:\/\/rowayad.com\/index.php\/wp-json\/wp\/v2\/product\/28164","targetHints":{"allow":["GET"]}}],"collection":[{"href":"https:\/\/rowayad.com\/index.php\/wp-json\/wp\/v2\/product"}],"about":[{"href":"https:\/\/rowayad.com\/index.php\/wp-json\/wp\/v2\/types\/product"}],"replies":[{"embeddable":true,"href":"https:\/\/rowayad.com\/index.php\/wp-json\/wp\/v2\/comments?post=28164"}],"version-history":[{"count":2,"href":"https:\/\/rowayad.com\/index.php\/wp-json\/wp\/v2\/product\/28164\/revisions"}],"predecessor-version":[{"id":28171,"href":"https:\/\/rowayad.com\/index.php\/wp-json\/wp\/v2\/product\/28164\/revisions\/28171"}],"wp:featuredmedia":[{"embeddable":true,"href":"https:\/\/rowayad.com\/index.php\/wp-json\/wp\/v2\/media\/28165"}],"wp:attachment":[{"href":"https:\/\/rowayad.com\/index.php\/wp-json\/wp\/v2\/media?parent=28164"}],"wp:term":[{"taxonomy":"product_brand","embeddable":true,"href":"https:\/\/rowayad.com\/index.php\/wp-json\/wp\/v2\/product_brand?post=28164"},{"taxonomy":"product_cat","embeddable":true,"href":"https:\/\/rowayad.com\/index.php\/wp-json\/wp\/v2\/product_cat?post=28164"},{"taxonomy":"product_tag","embeddable":true,"href":"https:\/\/rowayad.com\/index.php\/wp-json\/wp\/v2\/product_tag?post=28164"}],"curies":[{"name":"wp","href":"https:\/\/api.w.org\/{rel}","templated":true}]}}