{"id":28172,"date":"2026-02-21T16:34:24","date_gmt":"2026-02-21T16:34:24","guid":{"rendered":"https:\/\/rowayad.com\/?post_type=product&#038;p=28172"},"modified":"2026-02-21T16:34:24","modified_gmt":"2026-02-21T16:34:24","slug":"meuble-de-rangement-chaussures-blanc-pour-entree-couloir-salon-balcon-chambre-bois-blanc","status":"publish","type":"product","link":"https:\/\/rowayad.com\/index.php\/produit\/meuble-de-rangement-chaussures-blanc-pour-entree-couloir-salon-balcon-chambre-bois-blanc\/","title":{"rendered":"Meuble de rangement Chaussures Blanc pour Entr\u00e9e, Couloir, Salon, Balcon, Chambre bois Blanc"},"content":{"rendered":"<header class=\"-pvs -bb\">\n<h2 class=\"-fs20 -m -phm -pvxs\">D\u00e9tails<\/h2>\n<\/header>\n<div class=\"markup -mhm -pvl -oxa -sc\">\n<ul>\n<li>\u3010Meuble \u00e0 chaussures d&rsquo;entr\u00e9e\u3011 D\u00e9barrassez-vous du chaos! Facilite la recherche de vos chaussures pr\u00e9f\u00e9r\u00e9es pour les matin\u00e9es charg\u00e9es. Parfait pour les familles \u00e9largies, les jeunes couples et les c\u00e9libataires.<\/li>\n<li>Design rabattable : le tiroir coulissant permet d&rsquo;\u00e9conomiser de l&rsquo;espace et est facile \u00e0 ouvrir et \u00e0 fermer. Peut \u00eatre d\u00e9mont\u00e9 \u00e0 plusieurs reprises. Par rapport aux \u00e9tag\u00e8res \u00e0 chaussures ordinaires, nos armoires \u00e0 chaussures peuvent \u00eatre plac\u00e9es dans des espaces \u00e9troits, gardant vos chaussures \u00e0 l&rsquo;abri de la poussi\u00e8re.<\/li>\n<li>Rangement sur le comptoir : vous passez toujours trop de temps \u00e0 chercher des cl\u00e9s ? Mettez-les sur la surface sup\u00e9rieure! Les \u00e9tag\u00e8res ouvertes des armoires \u00e0 chaussures offrent de l&rsquo;espace pour les essentiels comme les portefeuilles. Peut \u00e9galement servir de console ou d&rsquo;armoire de salle de jeux pour les sacs et les jouets.<\/li>\n<li>Construction robuste : les kits anti-basculement et les coussinets de pieds antid\u00e9rapants r\u00e9glables am\u00e9liorent la stabilit\u00e9. Vous n&rsquo;avez pas peur qu&rsquo;il tombe par accident. Dans l\u2019ensemble, il fera le travail de stockage des chaussures et aura fi\u00e8re \u00a0en le faisant. C&rsquo;est une armoire \u00e0 chaussures de taille parfaite pour chaque espace de la maison.<\/li>\n<\/ul>\n<\/div>\n","protected":false},"excerpt":{"rendered":"<h2 class=\"hdr -upp -fs14 -m -pam\">Principales caract\u00e9ristiques<\/h2>\n<div class=\"markup -pam\">\n<ul>\n<li>Capacit\u00e9 de charge statique du plateau : 50 kg<\/li>\n<li>Style, il s&rsquo;integre \u00e0 toutes les espaces de la maison.<\/li>\n<li>Il est important de fixer les meubles au mur<\/li>\n<li>livr\u00e9 non monter : PREVOIRE LE MONTAGE le meuble est livr\u00e9 non mont\u00e9<br \/>\nM\u00e9thode d&rsquo;installation : Type de sol<br \/>\nNum\u00e9ro d&#8217;emballage : 1x meuble \u00e0 chaussures<\/li>\n<\/ul>\n<\/div>\n","protected":false},"featured_media":28173,"comment_status":"open","ping_status":"closed","template":"","meta":{"_joinchat":[]},"product_brand":[],"product_cat":[20],"product_tag":[],"class_list":{"0":"post-28172","1":"product","2":"type-product","3":"status-publish","4":"has-post-thumbnail","6":"product_cat-accessoires","8":"first","9":"instock","10":"sale","11":"shipping-taxable","12":"purchasable","13":"product-type-simple"},"jetpack_sharing_enabled":true,"_links":{"self":[{"href":"https:\/\/rowayad.com\/index.php\/wp-json\/wp\/v2\/product\/28172","targetHints":{"allow":["GET"]}}],"collection":[{"href":"https:\/\/rowayad.com\/index.php\/wp-json\/wp\/v2\/product"}],"about":[{"href":"https:\/\/rowayad.com\/index.php\/wp-json\/wp\/v2\/types\/product"}],"replies":[{"embeddable":true,"href":"https:\/\/rowayad.com\/index.php\/wp-json\/wp\/v2\/comments?post=28172"}],"version-history":[{"count":2,"href":"https:\/\/rowayad.com\/index.php\/wp-json\/wp\/v2\/product\/28172\/revisions"}],"predecessor-version":[{"id":28176,"href":"https:\/\/rowayad.com\/index.php\/wp-json\/wp\/v2\/product\/28172\/revisions\/28176"}],"wp:featuredmedia":[{"embeddable":true,"href":"https:\/\/rowayad.com\/index.php\/wp-json\/wp\/v2\/media\/28173"}],"wp:attachment":[{"href":"https:\/\/rowayad.com\/index.php\/wp-json\/wp\/v2\/media?parent=28172"}],"wp:term":[{"taxonomy":"product_brand","embeddable":true,"href":"https:\/\/rowayad.com\/index.php\/wp-json\/wp\/v2\/product_brand?post=28172"},{"taxonomy":"product_cat","embeddable":true,"href":"https:\/\/rowayad.com\/index.php\/wp-json\/wp\/v2\/product_cat?post=28172"},{"taxonomy":"product_tag","embeddable":true,"href":"https:\/\/rowayad.com\/index.php\/wp-json\/wp\/v2\/product_tag?post=28172"}],"curies":[{"name":"wp","href":"https:\/\/api.w.org\/{rel}","templated":true}]}}