{"id":28175,"date":"2026-02-21T16:39:16","date_gmt":"2026-02-21T16:39:16","guid":{"rendered":"https:\/\/rowayad.com\/?post_type=product&#038;p=28175"},"modified":"2026-02-21T16:39:16","modified_gmt":"2026-02-21T16:39:16","slug":"cafetiere-theiere-chocolatiere-silver-barada-2l","status":"publish","type":"product","link":"https:\/\/rowayad.com\/index.php\/produit\/cafetiere-theiere-chocolatiere-silver-barada-2l\/","title":{"rendered":"cafetiere th\u00e9i\u00e8re chocolati\u00e8re silver Barada 2l"},"content":{"rendered":"<header class=\"-pvs -bb\">\n<h2 class=\"-fs20 -m -phm -pvxs\">D\u00e9tails<\/h2>\n<\/header>\n<div class=\"markup -mhm -pvl -oxa -sc\">\n<p>Th\u00e9i\u00e8re en Aluminium, Cette bouilloire est faite pour bien cuisiner avec du caf\u00e9 ou du th\u00e9.<br \/>\nElle est acier inoxydable, avec une tr\u00e8s bonne r\u00e9partition de la chaleur, elle peut \u00eatre utilis\u00e9 sur tous les types de cuisson, y compris les plaques \u00e0 induction.<br \/>\nPrincipales caract\u00e9ristiques<br \/>\nType de produit: Th\u00e9i\u00e8re<br \/>\nMati\u00e8re : Aluminium<\/p>\n<\/div>\n","protected":false},"excerpt":{"rendered":"<h2 class=\"hdr -upp -fs14 -m -pam\">Principales caract\u00e9ristiques<\/h2>\n<div class=\"markup -pam\">\n<p>Th\u00e9i\u00e8re en Aluminium Cette bouilloire est faite pour bien cuisiner avec du caf\u00e9 ou du th\u00e9.<br \/>\nElle est acier inoxydable, avec une tr\u00e8s bonne r\u00e9partition de la chaleur, elle peut \u00eatre utilis\u00e9 sur tous les types de cuisson, y compris les plaques \u00e0 induction.<\/p>\n<\/div>\n","protected":false},"featured_media":28177,"comment_status":"open","ping_status":"closed","template":"","meta":{"_joinchat":[]},"product_brand":[],"product_cat":[20],"product_tag":[],"class_list":{"0":"post-28175","1":"product","2":"type-product","3":"status-publish","4":"has-post-thumbnail","6":"product_cat-accessoires","8":"first","9":"instock","10":"sale","11":"shipping-taxable","12":"purchasable","13":"product-type-simple"},"jetpack_sharing_enabled":true,"_links":{"self":[{"href":"https:\/\/rowayad.com\/index.php\/wp-json\/wp\/v2\/product\/28175","targetHints":{"allow":["GET"]}}],"collection":[{"href":"https:\/\/rowayad.com\/index.php\/wp-json\/wp\/v2\/product"}],"about":[{"href":"https:\/\/rowayad.com\/index.php\/wp-json\/wp\/v2\/types\/product"}],"replies":[{"embeddable":true,"href":"https:\/\/rowayad.com\/index.php\/wp-json\/wp\/v2\/comments?post=28175"}],"version-history":[{"count":1,"href":"https:\/\/rowayad.com\/index.php\/wp-json\/wp\/v2\/product\/28175\/revisions"}],"predecessor-version":[{"id":28180,"href":"https:\/\/rowayad.com\/index.php\/wp-json\/wp\/v2\/product\/28175\/revisions\/28180"}],"wp:featuredmedia":[{"embeddable":true,"href":"https:\/\/rowayad.com\/index.php\/wp-json\/wp\/v2\/media\/28177"}],"wp:attachment":[{"href":"https:\/\/rowayad.com\/index.php\/wp-json\/wp\/v2\/media?parent=28175"}],"wp:term":[{"taxonomy":"product_brand","embeddable":true,"href":"https:\/\/rowayad.com\/index.php\/wp-json\/wp\/v2\/product_brand?post=28175"},{"taxonomy":"product_cat","embeddable":true,"href":"https:\/\/rowayad.com\/index.php\/wp-json\/wp\/v2\/product_cat?post=28175"},{"taxonomy":"product_tag","embeddable":true,"href":"https:\/\/rowayad.com\/index.php\/wp-json\/wp\/v2\/product_tag?post=28175"}],"curies":[{"name":"wp","href":"https:\/\/api.w.org\/{rel}","templated":true}]}}