{"id":28186,"date":"2026-02-21T16:56:43","date_gmt":"2026-02-21T16:56:43","guid":{"rendered":"https:\/\/rowayad.com\/?post_type=product&#038;p=28186"},"modified":"2026-02-21T17:09:21","modified_gmt":"2026-02-21T17:09:21","slug":"batteuse-electrique-7-vitesses-blanc","status":"publish","type":"product","link":"https:\/\/rowayad.com\/index.php\/produit\/batteuse-electrique-7-vitesses-blanc\/","title":{"rendered":"Batteuse \u00c9lectrique &#8211; 7 Vitesses &#8211; Blanc"},"content":{"rendered":"<header class=\"-pvs -bb\">\n<h2 class=\"-fs20 -m -phm -pvxs\">D\u00e9tails<\/h2>\n<\/header>\n<div class=\"markup -mhm -pvl -oxa -sc\">Dot\u00e9 de\u00a0<b>7 vitesses<\/b>\u00a0et d&rsquo;une puissance \u00e0 180W, le mixeur batteur\u00a0 offre une tr\u00e8s bonne performance. Il dispose en effet de fouets en acier inoxydable pour battre, m\u00e9langer, malaxer et mixer.<br \/>\nGr\u00e2ce \u00e0 ce mixeur batteur, vous pourrez r\u00e9aliser de d\u00e9licieuses sauces et smoothies en toute simplicit\u00e9. Pratique, il est capable de mixer facilement n&rsquo;importe quel aliment. Il facilitera la vie des cuisiniers aguerris comme celle des d\u00e9butants.<\/div>\n","protected":false},"excerpt":{"rendered":"<h2 class=\"hdr -upp -fs14 -m -pam\">Principales caract\u00e9ristiques<\/h2>\n<div class=\"markup -pam\">\n<ul>\n<li>Type de Produit : Mixeur Batteur<\/li>\n<li>Marque : generic<\/li>\n<li>Nombre de Vitesses : 7<\/li>\n<li>Puissance : 180W<\/li>\n<li>Alimentation : 220V-50Ghz<\/li>\n<li>Dimensions (L x L x H ) : 17 x 6,5 x 24 cm<\/li>\n<li>Couleur : Blanc<\/li>\n<\/ul>\n<\/div>\n","protected":false},"featured_media":28187,"comment_status":"open","ping_status":"closed","template":"","meta":{"_joinchat":[]},"product_brand":[],"product_cat":[20],"product_tag":[],"class_list":{"0":"post-28186","1":"product","2":"type-product","3":"status-publish","4":"has-post-thumbnail","6":"product_cat-accessoires","8":"first","9":"instock","10":"sale","11":"shipping-taxable","12":"purchasable","13":"product-type-simple"},"jetpack_sharing_enabled":true,"_links":{"self":[{"href":"https:\/\/rowayad.com\/index.php\/wp-json\/wp\/v2\/product\/28186","targetHints":{"allow":["GET"]}}],"collection":[{"href":"https:\/\/rowayad.com\/index.php\/wp-json\/wp\/v2\/product"}],"about":[{"href":"https:\/\/rowayad.com\/index.php\/wp-json\/wp\/v2\/types\/product"}],"replies":[{"embeddable":true,"href":"https:\/\/rowayad.com\/index.php\/wp-json\/wp\/v2\/comments?post=28186"}],"version-history":[{"count":1,"href":"https:\/\/rowayad.com\/index.php\/wp-json\/wp\/v2\/product\/28186\/revisions"}],"predecessor-version":[{"id":28188,"href":"https:\/\/rowayad.com\/index.php\/wp-json\/wp\/v2\/product\/28186\/revisions\/28188"}],"wp:featuredmedia":[{"embeddable":true,"href":"https:\/\/rowayad.com\/index.php\/wp-json\/wp\/v2\/media\/28187"}],"wp:attachment":[{"href":"https:\/\/rowayad.com\/index.php\/wp-json\/wp\/v2\/media?parent=28186"}],"wp:term":[{"taxonomy":"product_brand","embeddable":true,"href":"https:\/\/rowayad.com\/index.php\/wp-json\/wp\/v2\/product_brand?post=28186"},{"taxonomy":"product_cat","embeddable":true,"href":"https:\/\/rowayad.com\/index.php\/wp-json\/wp\/v2\/product_cat?post=28186"},{"taxonomy":"product_tag","embeddable":true,"href":"https:\/\/rowayad.com\/index.php\/wp-json\/wp\/v2\/product_tag?post=28186"}],"curies":[{"name":"wp","href":"https:\/\/api.w.org\/{rel}","templated":true}]}}