{"id":28197,"date":"2026-02-21T17:18:11","date_gmt":"2026-02-21T17:18:11","guid":{"rendered":"https:\/\/rowayad.com\/?post_type=product&#038;p=28197"},"modified":"2026-02-21T17:18:11","modified_gmt":"2026-02-21T17:18:11","slug":"balai-a-franges-et-seau-a-roue-avec-essoreuse-inox-premium-manche-155m-1-rechange","status":"publish","type":"product","link":"https:\/\/rowayad.com\/index.php\/produit\/balai-a-franges-et-seau-a-roue-avec-essoreuse-inox-premium-manche-155m-1-rechange\/","title":{"rendered":"Balai \u00e0 Franges et Seau \u00e0 Roue avec Essoreuse \u2013 Inox \u2013 Premium \u2013 Manche 1,55m + 1 Rechange"},"content":{"rendered":"<h2 class=\"-fs20 -m -phm -pvxs\">D\u00e9tails<\/h2>\n<p>BALAI MAGIQUE ET SEAU ESSOREUR Simplifiez votre m\u00e9nage au quotidien gr\u00e2ce \u00e0 ce balai magique avec manche articul\u00e9 l\u00e9ger et t\u00eate rotative \u00e0 360\u00b0en microfibre , lavable, qui ABSORBE et nettoie toutes les salet\u00e9s sur son passage. Tous les coins et recoins deviennent accessibles gr\u00e2ce \u00e0 LA ROTATION! En plus, son seau essoreur avec centrifugeuse int\u00e9gr\u00e9e vous permet d&rsquo;impregner le balai de votre liquide de nettoyage et ensuite , en activant simplement \u00e0 la main le MANCHE , d&rsquo;essorer votre balai s<\/p>\n","protected":false},"excerpt":{"rendered":"<h2 class=\"hdr -upp -fs14 -m -pam\">Principales caract\u00e9ristiques<\/h2>\n<div class=\"markup -pam\">\n<ul>\n<li>S\u00e9paration entre Essorage et Lavage<\/li>\n<li>Lavage et Essorage<\/li>\n<li>Type: Serpill\u00e8re ARRONDIT<\/li>\n<li>Mat\u00e9riel: microfibre<\/li>\n<li>R\u00e9sistance \u00e0 la corrosion: 9.0-9.9<\/li>\n<li>Manche en Acier Inoxydable<\/li>\n<\/ul>\n<\/div>\n","protected":false},"featured_media":28198,"comment_status":"open","ping_status":"closed","template":"","meta":{"_joinchat":[]},"product_brand":[],"product_cat":[20],"product_tag":[],"class_list":{"0":"post-28197","1":"product","2":"type-product","3":"status-publish","4":"has-post-thumbnail","6":"product_cat-accessoires","8":"first","9":"instock","10":"sale","11":"shipping-taxable","12":"purchasable","13":"product-type-simple"},"jetpack_sharing_enabled":true,"_links":{"self":[{"href":"https:\/\/rowayad.com\/index.php\/wp-json\/wp\/v2\/product\/28197","targetHints":{"allow":["GET"]}}],"collection":[{"href":"https:\/\/rowayad.com\/index.php\/wp-json\/wp\/v2\/product"}],"about":[{"href":"https:\/\/rowayad.com\/index.php\/wp-json\/wp\/v2\/types\/product"}],"replies":[{"embeddable":true,"href":"https:\/\/rowayad.com\/index.php\/wp-json\/wp\/v2\/comments?post=28197"}],"version-history":[{"count":1,"href":"https:\/\/rowayad.com\/index.php\/wp-json\/wp\/v2\/product\/28197\/revisions"}],"predecessor-version":[{"id":28202,"href":"https:\/\/rowayad.com\/index.php\/wp-json\/wp\/v2\/product\/28197\/revisions\/28202"}],"wp:featuredmedia":[{"embeddable":true,"href":"https:\/\/rowayad.com\/index.php\/wp-json\/wp\/v2\/media\/28198"}],"wp:attachment":[{"href":"https:\/\/rowayad.com\/index.php\/wp-json\/wp\/v2\/media?parent=28197"}],"wp:term":[{"taxonomy":"product_brand","embeddable":true,"href":"https:\/\/rowayad.com\/index.php\/wp-json\/wp\/v2\/product_brand?post=28197"},{"taxonomy":"product_cat","embeddable":true,"href":"https:\/\/rowayad.com\/index.php\/wp-json\/wp\/v2\/product_cat?post=28197"},{"taxonomy":"product_tag","embeddable":true,"href":"https:\/\/rowayad.com\/index.php\/wp-json\/wp\/v2\/product_tag?post=28197"}],"curies":[{"name":"wp","href":"https:\/\/api.w.org\/{rel}","templated":true}]}}