{"id":28213,"date":"2026-02-21T17:40:18","date_gmt":"2026-02-21T17:40:18","guid":{"rendered":"https:\/\/rowayad.com\/?post_type=product&#038;p=28213"},"modified":"2026-02-21T17:40:18","modified_gmt":"2026-02-21T17:40:18","slug":"rafraichisseur-dair-a-eau","status":"publish","type":"product","link":"https:\/\/rowayad.com\/index.php\/produit\/rafraichisseur-dair-a-eau\/","title":{"rendered":"Rafra\u00eechisseur d&rsquo;air \u00e0 eau"},"content":{"rendered":"<header class=\"-pvs -bb\">\n<h2 class=\"-fs20 -m -phm -pvxs\">D\u00e9tails<\/h2>\n<\/header>\n<div class=\"markup -mhm -pvl -oxa -sc\">\n<p>Description<\/p>\n<p>Ventilateur Et Climatiseur A Eau : L\u2019humidificateur mobile Tengo a pour but de rafraichir l\u2019air ambiant afin de vous \u00e9viter de subir la chaleur persistance dans votre maison.<\/p>\n<p>Pratique : dotez-vous de cet humidificateur et rafraichisseur d\u2019air pour att\u00e9nuer la chaleur qui s\u00e9vit en cette saison au S\u00e9n\u00e9gal.<\/p>\n<p>Facile d&rsquo;utilisation : Ce ventilateur est facile \u00e0 utiliser et ne consomme pas beaucoup d&rsquo;\u00e9nergie.<\/p>\n<p>Capacit\u00e9 : 7L.<\/p>\n<p>Climatisation : Refroidissement par pompe \u00e0 eau.<\/p>\n<p>Vitesse : 3.<\/p>\n<\/div>\n","protected":false},"excerpt":{"rendered":"<p>D\u00e9tails Description Ventilateur Et Climatiseur A Eau : L\u2019humidificateur mobile Tengo a pour but de rafraichir l\u2019air ambiant afin de<\/p>\n","protected":false},"featured_media":28214,"comment_status":"open","ping_status":"closed","template":"","meta":{"_joinchat":[]},"product_brand":[],"product_cat":[20],"product_tag":[],"class_list":{"0":"post-28213","1":"product","2":"type-product","3":"status-publish","4":"has-post-thumbnail","6":"product_cat-accessoires","8":"first","9":"instock","10":"sale","11":"shipping-taxable","12":"purchasable","13":"product-type-simple"},"jetpack_sharing_enabled":true,"_links":{"self":[{"href":"https:\/\/rowayad.com\/index.php\/wp-json\/wp\/v2\/product\/28213","targetHints":{"allow":["GET"]}}],"collection":[{"href":"https:\/\/rowayad.com\/index.php\/wp-json\/wp\/v2\/product"}],"about":[{"href":"https:\/\/rowayad.com\/index.php\/wp-json\/wp\/v2\/types\/product"}],"replies":[{"embeddable":true,"href":"https:\/\/rowayad.com\/index.php\/wp-json\/wp\/v2\/comments?post=28213"}],"version-history":[{"count":1,"href":"https:\/\/rowayad.com\/index.php\/wp-json\/wp\/v2\/product\/28213\/revisions"}],"predecessor-version":[{"id":28215,"href":"https:\/\/rowayad.com\/index.php\/wp-json\/wp\/v2\/product\/28213\/revisions\/28215"}],"wp:featuredmedia":[{"embeddable":true,"href":"https:\/\/rowayad.com\/index.php\/wp-json\/wp\/v2\/media\/28214"}],"wp:attachment":[{"href":"https:\/\/rowayad.com\/index.php\/wp-json\/wp\/v2\/media?parent=28213"}],"wp:term":[{"taxonomy":"product_brand","embeddable":true,"href":"https:\/\/rowayad.com\/index.php\/wp-json\/wp\/v2\/product_brand?post=28213"},{"taxonomy":"product_cat","embeddable":true,"href":"https:\/\/rowayad.com\/index.php\/wp-json\/wp\/v2\/product_cat?post=28213"},{"taxonomy":"product_tag","embeddable":true,"href":"https:\/\/rowayad.com\/index.php\/wp-json\/wp\/v2\/product_tag?post=28213"}],"curies":[{"name":"wp","href":"https:\/\/api.w.org\/{rel}","templated":true}]}}