{"id":28224,"date":"2026-02-21T18:00:44","date_gmt":"2026-02-21T18:00:44","guid":{"rendered":"https:\/\/rowayad.com\/?post_type=product&#038;p=28224"},"modified":"2026-02-23T16:27:18","modified_gmt":"2026-02-23T16:27:18","slug":"armoire-etagere-modulable-12-cubes-dimension-165cm-111cm-47cm","status":"publish","type":"product","link":"https:\/\/rowayad.com\/index.php\/produit\/armoire-etagere-modulable-12-cubes-dimension-165cm-111cm-47cm\/","title":{"rendered":"Armoire Etag\u00e8re Modulable &#8211; 12 Cubes Dimension : 165cm\/111cm\/47cm"},"content":{"rendered":"<header class=\"-pvs -bb\">\n<h2 class=\"-fs20 -m -phm -pvxs\">D\u00e9tails<\/h2>\n<\/header>\n<div class=\"markup -mhm -pvl -oxa -sc\">\n<p>Pure de portes blanches et murs ferm\u00e9s en noir. Les connecteurs en tube d&rsquo;acier de haute qualit\u00e9 et en plastique PP peuvent parfaitement r\u00e9pondre \u00e0 un besoin de longue dur\u00e9e et robuste. Ce n&rsquo;est pas dur et cassant mais plut\u00f4t flexible et durable.<\/p>\n<p><strong>Eco-mat\u00e9riel:\u00a0<\/strong><\/p>\n<p>Panneaux en r\u00e9sine environnementale. Z\u00e9ro m\u00e9thanal garanti. La conception a \u00e9t\u00e9 simplifi\u00e9e et des manuels d&rsquo;instructions ont \u00e9t\u00e9 r\u00e9vis\u00e9s pour aider nos clients. Service client 24\/7 \u00e9galement fourni pour toute question.<\/p>\n<p><strong>Multi-fonctions:<\/strong><\/p>\n<p>V\u00eatements suspendus ou pli\u00e9s, les cubes plus profonds peuvent stocker jusqu&rsquo;\u00e0 16-20 chemises chacun. Entreposage de livres, de jouets, de tiroirs en tissu et d&rsquo;autres articles m\u00e9nagers divers. L&rsquo;armoire l\u00e9g\u00e8re convient \u00e9galement pour le rangement des enfants.<\/p>\n<p><strong>Facile d&rsquo;entretien :\u00a0<\/strong><\/p>\n<p>Etanche et r\u00e9sistant \u00e0 la poussi\u00e8re ; Facile \u00e0 nettoyer, d\u00e9pla\u00e7able par un montage et un d\u00e9montage facile. Connecteurs de jambe pour l&rsquo;auto-stand. Nous offrons \u00e9galement des instructions PDF dans le cas o\u00f9 notre client a besoin d&rsquo;une assistance suppl\u00e9mentaire.<\/p>\n<\/div>\n","protected":false},"excerpt":{"rendered":"<h2 class=\"hdr -upp -fs14 -m -pam\">Principales caract\u00e9ristiques<\/h2>\n<div class=\"markup -pam\">\n<ul>\n<li>Type Produit : Armoire \u00e9tag\u00e8re \u00e0 chaussures<\/li>\n<li>Panneaux R\u00e9sistants<\/li>\n<li>Stockage Fonctionnel 12cubes divis\u00e9s en<\/li>\n<li>Assemblage Ais\u00e9<\/li>\n<li>Meuble Polyvalent<\/li>\n<\/ul>\n<\/div>\n","protected":false},"featured_media":28226,"comment_status":"open","ping_status":"closed","template":"","meta":{"_joinchat":[]},"product_brand":[],"product_cat":[20],"product_tag":[],"class_list":{"0":"post-28224","1":"product","2":"type-product","3":"status-publish","4":"has-post-thumbnail","6":"product_cat-accessoires","8":"first","9":"instock","10":"sale","11":"shipping-taxable","12":"purchasable","13":"product-type-simple"},"jetpack_sharing_enabled":true,"_links":{"self":[{"href":"https:\/\/rowayad.com\/index.php\/wp-json\/wp\/v2\/product\/28224","targetHints":{"allow":["GET"]}}],"collection":[{"href":"https:\/\/rowayad.com\/index.php\/wp-json\/wp\/v2\/product"}],"about":[{"href":"https:\/\/rowayad.com\/index.php\/wp-json\/wp\/v2\/types\/product"}],"replies":[{"embeddable":true,"href":"https:\/\/rowayad.com\/index.php\/wp-json\/wp\/v2\/comments?post=28224"}],"version-history":[{"count":1,"href":"https:\/\/rowayad.com\/index.php\/wp-json\/wp\/v2\/product\/28224\/revisions"}],"predecessor-version":[{"id":28229,"href":"https:\/\/rowayad.com\/index.php\/wp-json\/wp\/v2\/product\/28224\/revisions\/28229"}],"wp:featuredmedia":[{"embeddable":true,"href":"https:\/\/rowayad.com\/index.php\/wp-json\/wp\/v2\/media\/28226"}],"wp:attachment":[{"href":"https:\/\/rowayad.com\/index.php\/wp-json\/wp\/v2\/media?parent=28224"}],"wp:term":[{"taxonomy":"product_brand","embeddable":true,"href":"https:\/\/rowayad.com\/index.php\/wp-json\/wp\/v2\/product_brand?post=28224"},{"taxonomy":"product_cat","embeddable":true,"href":"https:\/\/rowayad.com\/index.php\/wp-json\/wp\/v2\/product_cat?post=28224"},{"taxonomy":"product_tag","embeddable":true,"href":"https:\/\/rowayad.com\/index.php\/wp-json\/wp\/v2\/product_tag?post=28224"}],"curies":[{"name":"wp","href":"https:\/\/api.w.org\/{rel}","templated":true}]}}