{"id":28230,"date":"2026-02-21T18:03:39","date_gmt":"2026-02-21T18:03:39","guid":{"rendered":"https:\/\/rowayad.com\/?post_type=product&#038;p=28230"},"modified":"2026-02-21T18:06:39","modified_gmt":"2026-02-21T18:06:39","slug":"28230","status":"publish","type":"product","link":"https:\/\/rowayad.com\/index.php\/produit\/28230\/","title":{"rendered":"Partagez ce produit    Bouilloire Electrique en Verre magnifique- 2 L"},"content":{"rendered":"<header class=\"-pvs -bb\">\n<h2 class=\"-fs20 -m -phm -pvxs\">D\u00e9tails<\/h2>\n<\/header>\n<div class=\"markup -mhm -pvl -oxa -sc\">\n<p>Un design\u00a0\u00a0<strong>Modern\u00a0\u00a0<\/strong>et ergonomique- Alimentation \u00e9lectrique par 360\u00b0 station de charge rotative- Dispositif pratique pour enrouler le c\u00e2ble \u00e9lectrique- Arr\u00eat automatique ou manuel- Capacit\u00e9 maximale\u00a0: 2 L- Corps en acier inoxydable de qualit\u00e9.<\/p>\n<ul>\n<li>Capacit\u00e9 en litres : 2 L<\/li>\n<li>Longueur du cordon (en m\u00e8tres): 1<\/li>\n<li>Puissance d&rsquo;entr\u00e9e en watts : 1500<\/li>\n<li>Mat\u00e9riau du corps : Acier inoxydable<\/li>\n<li>Op\u00e9ration sans fil : Oui<\/li>\n<li>Coupure automatique : Oui<\/li>\n<li>Base rotatoire de 360 \u200b\u200bdegr\u00e9s : Oui<\/li>\n<li>Indicateur de niveau d&rsquo;eau : Oui<\/li>\n<li>Voyant d&rsquo;alimentation : Oui<\/li>\n<\/ul>\n<\/div>\n","protected":false},"excerpt":{"rendered":"<h2 class=\"hdr -upp -fs14 -m -pam\">Principales caract\u00e9ristiques<\/h2>\n<div class=\"markup -pam\">\n<ul>\n<li>Capacit\u00e9 en litres : 2 L<\/li>\n<li>Longueur du cordon (en m\u00e8tres): 1<\/li>\n<li>Puissance d&rsquo;entr\u00e9e en watts : 1500<\/li>\n<li>Mat\u00e9riau du corps : Acier inoxydable<\/li>\n<li>Op\u00e9ration sans fil : Oui<\/li>\n<li>Coupure automatique : Oui<\/li>\n<li>Base rotatoire de 360 \u200b\u200bdegr\u00e9s : Oui<\/li>\n<li>Indicateur de niveau d&rsquo;eau : Oui<\/li>\n<li>Voyant d&rsquo;alimentation : Oui<\/li>\n<\/ul>\n<\/div>\n","protected":false},"featured_media":28232,"comment_status":"open","ping_status":"closed","template":"","meta":{"_joinchat":[]},"product_brand":[],"product_cat":[20],"product_tag":[],"class_list":{"0":"post-28230","1":"product","2":"type-product","3":"status-publish","4":"has-post-thumbnail","6":"product_cat-accessoires","8":"first","9":"instock","10":"sale","11":"shipping-taxable","12":"purchasable","13":"product-type-simple"},"jetpack_sharing_enabled":true,"_links":{"self":[{"href":"https:\/\/rowayad.com\/index.php\/wp-json\/wp\/v2\/product\/28230","targetHints":{"allow":["GET"]}}],"collection":[{"href":"https:\/\/rowayad.com\/index.php\/wp-json\/wp\/v2\/product"}],"about":[{"href":"https:\/\/rowayad.com\/index.php\/wp-json\/wp\/v2\/types\/product"}],"replies":[{"embeddable":true,"href":"https:\/\/rowayad.com\/index.php\/wp-json\/wp\/v2\/comments?post=28230"}],"version-history":[{"count":2,"href":"https:\/\/rowayad.com\/index.php\/wp-json\/wp\/v2\/product\/28230\/revisions"}],"predecessor-version":[{"id":28237,"href":"https:\/\/rowayad.com\/index.php\/wp-json\/wp\/v2\/product\/28230\/revisions\/28237"}],"wp:featuredmedia":[{"embeddable":true,"href":"https:\/\/rowayad.com\/index.php\/wp-json\/wp\/v2\/media\/28232"}],"wp:attachment":[{"href":"https:\/\/rowayad.com\/index.php\/wp-json\/wp\/v2\/media?parent=28230"}],"wp:term":[{"taxonomy":"product_brand","embeddable":true,"href":"https:\/\/rowayad.com\/index.php\/wp-json\/wp\/v2\/product_brand?post=28230"},{"taxonomy":"product_cat","embeddable":true,"href":"https:\/\/rowayad.com\/index.php\/wp-json\/wp\/v2\/product_cat?post=28230"},{"taxonomy":"product_tag","embeddable":true,"href":"https:\/\/rowayad.com\/index.php\/wp-json\/wp\/v2\/product_tag?post=28230"}],"curies":[{"name":"wp","href":"https:\/\/api.w.org\/{rel}","templated":true}]}}