{"id":28238,"date":"2026-02-21T18:09:39","date_gmt":"2026-02-21T18:09:39","guid":{"rendered":"https:\/\/rowayad.com\/?post_type=product&#038;p=28238"},"modified":"2026-02-21T18:09:39","modified_gmt":"2026-02-21T18:09:39","slug":"chaise-de-bureau-ergonomique-gris-60cm60cm97cm","status":"publish","type":"product","link":"https:\/\/rowayad.com\/index.php\/produit\/chaise-de-bureau-ergonomique-gris-60cm60cm97cm\/","title":{"rendered":"Chaise de Bureau, Ergonomique, Gris, 60cm60cm97cm"},"content":{"rendered":"<header class=\"-pvs -bb\">\n<h2 class=\"-fs20 -m -phm -pvxs\">D\u00e9tails<\/h2>\n<\/header>\n<div class=\"markup -mhm -pvl -oxa -sc\">\n<p>Le fauteuil de direction ergonomique respecte votre posture. Il est disponible chez nous, et est con\u00e7u pour offrir un confort et un soutien sup\u00e9rieurs pendant de longues heures de travail. Dot\u00e9 d&rsquo;un dossier en maille, ce fauteuil favorise la circulation de l&rsquo;air, vous gardant au frais et \u00e0 l&rsquo;aise tout au long de la journ\u00e9e. La\u00a0<strong>chaise de bureau\u00a0<\/strong>en tissu ajoute une touche de douceur, garantissant une exp\u00e9rience d&rsquo;assise agr\u00e9able.<\/p>\n<p>L&rsquo;une des caract\u00e9ristiques les plus remarquables du fauteuil de direction est ses accoudoirs pliables. Ceux-ci permettent des r\u00e9glages faciles et peuvent \u00eatre repli\u00e9s lorsqu&rsquo;ils ne sont pas n\u00e9cessaires, offrant ainsi une flexibilit\u00e9 dans votre espace de travail. De plus, le fauteuil est dot\u00e9 d&rsquo;un appui-t\u00eate et d&rsquo;une hauteur r\u00e9glables, vous permettant d&rsquo;adapter le fauteuil \u00e0 vos besoins sp\u00e9cifiques pour un soutien ergonomique optimal.<\/p>\n<p>La base en nylon du fauteuil est \u00e9quip\u00e9e de roulettes silencieuses en PU, garantissant un mouvement fluide et silencieux sur diff\u00e9rents types de sols. Cette combinaison de fonctionnalit\u00e9, de<\/p>\n<\/div>\n","protected":false},"excerpt":{"rendered":"<h2 class=\"hdr -upp -fs14 -m -pam\">Principales caract\u00e9ristiques<\/h2>\n<div class=\"markup -pam\">\n<ul>\n<li>Chaise de direction avec dossier en maille : offre un confort respirant et un soutien ergonomique.<\/li>\n<li>Si\u00e8ge en tissu : offre une exp\u00e9rience d&rsquo;assise douce et confortable.<\/li>\n<li>Accoudoir pliable : facilement r\u00e9glable pour un support de bras personnalis\u00e9.<\/li>\n<li>Chaise pivotante<\/li>\n<li>Base en nylon avec roues silencieuses en PU : offre stabilit\u00e9 et mouvement fluide et silencieux.<\/li>\n<\/ul>\n<\/div>\n","protected":false},"featured_media":28239,"comment_status":"open","ping_status":"closed","template":"","meta":{"_joinchat":[]},"product_brand":[],"product_cat":[20],"product_tag":[],"class_list":{"0":"post-28238","1":"product","2":"type-product","3":"status-publish","4":"has-post-thumbnail","6":"product_cat-accessoires","8":"first","9":"instock","10":"sale","11":"shipping-taxable","12":"purchasable","13":"product-type-simple"},"jetpack_sharing_enabled":true,"_links":{"self":[{"href":"https:\/\/rowayad.com\/index.php\/wp-json\/wp\/v2\/product\/28238","targetHints":{"allow":["GET"]}}],"collection":[{"href":"https:\/\/rowayad.com\/index.php\/wp-json\/wp\/v2\/product"}],"about":[{"href":"https:\/\/rowayad.com\/index.php\/wp-json\/wp\/v2\/types\/product"}],"replies":[{"embeddable":true,"href":"https:\/\/rowayad.com\/index.php\/wp-json\/wp\/v2\/comments?post=28238"}],"version-history":[{"count":1,"href":"https:\/\/rowayad.com\/index.php\/wp-json\/wp\/v2\/product\/28238\/revisions"}],"predecessor-version":[{"id":28242,"href":"https:\/\/rowayad.com\/index.php\/wp-json\/wp\/v2\/product\/28238\/revisions\/28242"}],"wp:featuredmedia":[{"embeddable":true,"href":"https:\/\/rowayad.com\/index.php\/wp-json\/wp\/v2\/media\/28239"}],"wp:attachment":[{"href":"https:\/\/rowayad.com\/index.php\/wp-json\/wp\/v2\/media?parent=28238"}],"wp:term":[{"taxonomy":"product_brand","embeddable":true,"href":"https:\/\/rowayad.com\/index.php\/wp-json\/wp\/v2\/product_brand?post=28238"},{"taxonomy":"product_cat","embeddable":true,"href":"https:\/\/rowayad.com\/index.php\/wp-json\/wp\/v2\/product_cat?post=28238"},{"taxonomy":"product_tag","embeddable":true,"href":"https:\/\/rowayad.com\/index.php\/wp-json\/wp\/v2\/product_tag?post=28238"}],"curies":[{"name":"wp","href":"https:\/\/api.w.org\/{rel}","templated":true}]}}