{"id":28243,"date":"2026-02-21T18:16:00","date_gmt":"2026-02-21T18:16:00","guid":{"rendered":"https:\/\/rowayad.com\/?post_type=product&#038;p=28243"},"modified":"2026-02-21T18:16:01","modified_gmt":"2026-02-21T18:16:01","slug":"portant-penderie-rangement-pour-vetements","status":"publish","type":"product","link":"https:\/\/rowayad.com\/index.php\/produit\/portant-penderie-rangement-pour-vetements\/","title":{"rendered":"Portant Penderie &#8211; Rangement pour V\u00eatements"},"content":{"rendered":"<header class=\"-pvs -bb\">\n<h2 class=\"-fs20 -m -phm -pvxs\">D\u00e9tails<\/h2>\n<\/header>\n<div class=\"markup -mhm -pvl -oxa -sc\">\n<ul>\n<li><b>STYLE<\/b>\u00a0INDUSTRIEL CHIC: Que vous poss\u00e9diez un appartement rustique ou une maison f\u00e9minine, ce pr\u00e9sentoir \u00e0 la mode, d&rsquo;inspiration industrielle, sera une pi\u00e8ce remarquable, \u00e9galement parfait pour les boutiques, les march\u00e9s secondaires, les chambres ou les buanderies.<\/li>\n<li>\u00a0<b>ROBUSTESSE<\/b>: Des tubes en m\u00e9tal de qualit\u00e9 sup\u00e9rieure garantissent une r\u00e9sistance et une stabilit\u00e9 sup\u00e9rieures, capacit\u00e9 de 90 kg; pour suspendre les vestes d&rsquo;hiver les plus lourdes ou les robes de cocktail chics, ce porte-v\u00eatements est un accessoire indispensable.<\/li>\n<li>\u00a0<b>POLYVALENT<\/b>: Ce rail s&rsquo;adapte \u00e0 peu pr\u00e8s n&rsquo;importe o\u00f9, du vestiaire \u00e0 la chambre \u00e0 coucher ou m\u00eame dans les environnements commerciaux et de vente au d\u00e9tail.<\/li>\n<li>\u00a0OBTENIR PLUS: Pas de placard? Transformez votre chambre en mini suite avec ce support \u00e0 pipes; Organisez les chemisiers sujettes aux rides avec le rail m\u00e9tallique sup\u00e9rieur; Pr\u00e9parez la tablette inf\u00e9rieure pour les chaussures et les sacs.<\/li>\n<li>\u00a0GARANTIE DE SATISFACTION : Livr\u00e9 avec les outils de montage, les pi\u00e8ces num\u00e9rot\u00e9es et les instructions illustr\u00e9es pour un montage facile !<\/li>\n<\/ul>\n<\/div>\n","protected":false},"excerpt":{"rendered":"<h2 class=\"hdr -upp -fs14 -m -pam\">Principales caract\u00e9ristiques<\/h2>\n<div class=\"markup -pam\">\n<ul>\n<li>Mat\u00e9riau principal: acier inoxydable<\/li>\n<li>Taille: 114.5X44X154cm \/ 45.6x17x60.6inch<\/li>\n<li>Poids: 2,8 kg<\/li>\n<li>Capacit\u00e9 de charge: 90 kg<\/li>\n<li>Style : chic<\/li>\n<\/ul>\n<\/div>\n","protected":false},"featured_media":28244,"comment_status":"open","ping_status":"closed","template":"","meta":{"_joinchat":[]},"product_brand":[],"product_cat":[20],"product_tag":[],"class_list":{"0":"post-28243","1":"product","2":"type-product","3":"status-publish","4":"has-post-thumbnail","6":"product_cat-accessoires","8":"first","9":"instock","10":"sale","11":"shipping-taxable","12":"purchasable","13":"product-type-simple"},"jetpack_sharing_enabled":true,"_links":{"self":[{"href":"https:\/\/rowayad.com\/index.php\/wp-json\/wp\/v2\/product\/28243","targetHints":{"allow":["GET"]}}],"collection":[{"href":"https:\/\/rowayad.com\/index.php\/wp-json\/wp\/v2\/product"}],"about":[{"href":"https:\/\/rowayad.com\/index.php\/wp-json\/wp\/v2\/types\/product"}],"replies":[{"embeddable":true,"href":"https:\/\/rowayad.com\/index.php\/wp-json\/wp\/v2\/comments?post=28243"}],"version-history":[{"count":1,"href":"https:\/\/rowayad.com\/index.php\/wp-json\/wp\/v2\/product\/28243\/revisions"}],"predecessor-version":[{"id":28245,"href":"https:\/\/rowayad.com\/index.php\/wp-json\/wp\/v2\/product\/28243\/revisions\/28245"}],"wp:featuredmedia":[{"embeddable":true,"href":"https:\/\/rowayad.com\/index.php\/wp-json\/wp\/v2\/media\/28244"}],"wp:attachment":[{"href":"https:\/\/rowayad.com\/index.php\/wp-json\/wp\/v2\/media?parent=28243"}],"wp:term":[{"taxonomy":"product_brand","embeddable":true,"href":"https:\/\/rowayad.com\/index.php\/wp-json\/wp\/v2\/product_brand?post=28243"},{"taxonomy":"product_cat","embeddable":true,"href":"https:\/\/rowayad.com\/index.php\/wp-json\/wp\/v2\/product_cat?post=28243"},{"taxonomy":"product_tag","embeddable":true,"href":"https:\/\/rowayad.com\/index.php\/wp-json\/wp\/v2\/product_tag?post=28243"}],"curies":[{"name":"wp","href":"https:\/\/api.w.org\/{rel}","templated":true}]}}