{"id":28246,"date":"2026-02-21T18:21:58","date_gmt":"2026-02-21T18:21:58","guid":{"rendered":"https:\/\/rowayad.com\/?post_type=product&#038;p=28246"},"modified":"2026-02-21T18:21:58","modified_gmt":"2026-02-21T18:21:58","slug":"white-label-armoire-de-rangement-penderie-en-tissu-marron","status":"publish","type":"product","link":"https:\/\/rowayad.com\/index.php\/produit\/white-label-armoire-de-rangement-penderie-en-tissu-marron\/","title":{"rendered":"White Label Armoire de rangement Penderie en Tissu &#8211; Marron"},"content":{"rendered":"<header class=\"-pvs -bb\">\n<h2 class=\"-fs20 -m -phm -pvxs\">D\u00e9tails<\/h2>\n<\/header>\n<div class=\"markup -mhm -pvl -oxa -sc\">\n<p>\u00a0Fabriqu\u00e9 \u00e0 partir d&rsquo;une couverture en tissu s\u00e9lectionn\u00e9e, de tubes en acier de haute qualit\u00e9 et de connecteurs en plastique PP, ce placard de rangement portable r\u00e9pondra \u00e0 vos besoins de stockage \u00e0 long terme.<br \/>\nGrande taille de 135 * 175 * 45 cm &#8211; Housse en tissu anti-poussi\u00e8re, fermeture \u00e0 glissi\u00e8re, facile \u00e0 fermer et ouvrir le placard et garder votre article \u00e0 l&rsquo;abri de la poussi\u00e8re ; D\u00e9zipp\u00e9 de haut en bas fermetures \u00e0 glissi\u00e8re peuvent facilement r\u00e9pondre \u00e0 votre habitude<br \/>\nAvec la tige de suspension de v\u00eatements Movable et 8 \u00e9tag\u00e8res de rangement vous offre suffisamment d&rsquo;espace pour vos tenues plus longues et vos v\u00eatements pli\u00e9s.<\/p>\n<\/div>\n","protected":false},"excerpt":{"rendered":"<h2 class=\"hdr -upp -fs14 -m -pam\">Principales caract\u00e9ristiques<\/h2>\n<div class=\"markup -pam\">\n<ul>\n<li>Type produit : Armoire-penderie<\/li>\n<li>Couleur: marron<\/li>\n<li>Dimensions: 130 x 45 x 175 cm<\/li>\n<li>3 Battants<\/li>\n<\/ul>\n<\/div>\n","protected":false},"featured_media":28247,"comment_status":"open","ping_status":"closed","template":"","meta":{"_joinchat":[]},"product_brand":[],"product_cat":[20],"product_tag":[],"class_list":{"0":"post-28246","1":"product","2":"type-product","3":"status-publish","4":"has-post-thumbnail","6":"product_cat-accessoires","8":"first","9":"instock","10":"sale","11":"shipping-taxable","12":"purchasable","13":"product-type-simple"},"jetpack_sharing_enabled":true,"_links":{"self":[{"href":"https:\/\/rowayad.com\/index.php\/wp-json\/wp\/v2\/product\/28246","targetHints":{"allow":["GET"]}}],"collection":[{"href":"https:\/\/rowayad.com\/index.php\/wp-json\/wp\/v2\/product"}],"about":[{"href":"https:\/\/rowayad.com\/index.php\/wp-json\/wp\/v2\/types\/product"}],"replies":[{"embeddable":true,"href":"https:\/\/rowayad.com\/index.php\/wp-json\/wp\/v2\/comments?post=28246"}],"version-history":[{"count":1,"href":"https:\/\/rowayad.com\/index.php\/wp-json\/wp\/v2\/product\/28246\/revisions"}],"predecessor-version":[{"id":28250,"href":"https:\/\/rowayad.com\/index.php\/wp-json\/wp\/v2\/product\/28246\/revisions\/28250"}],"wp:featuredmedia":[{"embeddable":true,"href":"https:\/\/rowayad.com\/index.php\/wp-json\/wp\/v2\/media\/28247"}],"wp:attachment":[{"href":"https:\/\/rowayad.com\/index.php\/wp-json\/wp\/v2\/media?parent=28246"}],"wp:term":[{"taxonomy":"product_brand","embeddable":true,"href":"https:\/\/rowayad.com\/index.php\/wp-json\/wp\/v2\/product_brand?post=28246"},{"taxonomy":"product_cat","embeddable":true,"href":"https:\/\/rowayad.com\/index.php\/wp-json\/wp\/v2\/product_cat?post=28246"},{"taxonomy":"product_tag","embeddable":true,"href":"https:\/\/rowayad.com\/index.php\/wp-json\/wp\/v2\/product_tag?post=28246"}],"curies":[{"name":"wp","href":"https:\/\/api.w.org\/{rel}","templated":true}]}}