{"id":28257,"date":"2026-02-21T18:31:24","date_gmt":"2026-02-21T18:31:24","guid":{"rendered":"https:\/\/rowayad.com\/?post_type=product&#038;p=28257"},"modified":"2026-02-21T18:31:24","modified_gmt":"2026-02-21T18:31:24","slug":"bouilloire-electrique-25-litres","status":"publish","type":"product","link":"https:\/\/rowayad.com\/index.php\/produit\/bouilloire-electrique-25-litres\/","title":{"rendered":"Bouilloire \u00e9lectrique 2,5 litres"},"content":{"rendered":"<header class=\"-pvs -bb\">\n<h2 class=\"-fs20 -m -phm -pvxs\">D\u00e9tails<\/h2>\n<\/header>\n<div class=\"markup -mhm -pvl -oxa -sc\">\n<h2>Description<\/h2>\n<p>Pour un petit d\u00e9jeuner r\u00e9ussi!<\/p>\n<p>D&rsquo;une capacit\u00e9 de 6 tasses et aux dimensions r\u00e9duites, cette cafeti\u00e8re trouvera sa place dans tous les int\u00e9rieurs.<\/p>\n<p>Facile \u00e0 utiliser et pratique, elle vous permettra de d\u00e9guster votre caf\u00e9 en toute simplicit\u00e9<\/p>\n<\/div>\n","protected":false},"excerpt":{"rendered":"<h2 class=\"hdr -upp -fs14 -m -pam\">Principales caract\u00e9ristiques<\/h2>\n<div class=\"markup -pam\">\n<ul>\n<li>Bouilloire \u00e9lectrique<\/li>\n<li>Capacit\u00e9 2,5 Litres<\/li>\n<li>1500 Watts<\/li>\n<li>Volume 360<\/li>\n<li>Economie d&rsquo;\u00e9nergie<\/li>\n<\/ul>\n<\/div>\n","protected":false},"featured_media":28258,"comment_status":"open","ping_status":"closed","template":"","meta":{"_joinchat":[]},"product_brand":[],"product_cat":[20],"product_tag":[],"class_list":{"0":"post-28257","1":"product","2":"type-product","3":"status-publish","4":"has-post-thumbnail","6":"product_cat-accessoires","8":"first","9":"instock","10":"sale","11":"shipping-taxable","12":"purchasable","13":"product-type-simple"},"jetpack_sharing_enabled":true,"_links":{"self":[{"href":"https:\/\/rowayad.com\/index.php\/wp-json\/wp\/v2\/product\/28257","targetHints":{"allow":["GET"]}}],"collection":[{"href":"https:\/\/rowayad.com\/index.php\/wp-json\/wp\/v2\/product"}],"about":[{"href":"https:\/\/rowayad.com\/index.php\/wp-json\/wp\/v2\/types\/product"}],"replies":[{"embeddable":true,"href":"https:\/\/rowayad.com\/index.php\/wp-json\/wp\/v2\/comments?post=28257"}],"version-history":[{"count":1,"href":"https:\/\/rowayad.com\/index.php\/wp-json\/wp\/v2\/product\/28257\/revisions"}],"predecessor-version":[{"id":28259,"href":"https:\/\/rowayad.com\/index.php\/wp-json\/wp\/v2\/product\/28257\/revisions\/28259"}],"wp:featuredmedia":[{"embeddable":true,"href":"https:\/\/rowayad.com\/index.php\/wp-json\/wp\/v2\/media\/28258"}],"wp:attachment":[{"href":"https:\/\/rowayad.com\/index.php\/wp-json\/wp\/v2\/media?parent=28257"}],"wp:term":[{"taxonomy":"product_brand","embeddable":true,"href":"https:\/\/rowayad.com\/index.php\/wp-json\/wp\/v2\/product_brand?post=28257"},{"taxonomy":"product_cat","embeddable":true,"href":"https:\/\/rowayad.com\/index.php\/wp-json\/wp\/v2\/product_cat?post=28257"},{"taxonomy":"product_tag","embeddable":true,"href":"https:\/\/rowayad.com\/index.php\/wp-json\/wp\/v2\/product_tag?post=28257"}],"curies":[{"name":"wp","href":"https:\/\/api.w.org\/{rel}","templated":true}]}}