{"id":28267,"date":"2026-02-21T18:43:56","date_gmt":"2026-02-21T18:43:56","guid":{"rendered":"https:\/\/rowayad.com\/?post_type=product&#038;p=28267"},"modified":"2026-02-21T18:44:21","modified_gmt":"2026-02-21T18:44:21","slug":"tapis-de-course-electrique-10km-h-cardio-et-training","status":"publish","type":"product","link":"https:\/\/rowayad.com\/index.php\/produit\/tapis-de-course-electrique-10km-h-cardio-et-training\/","title":{"rendered":"Tapis de Course \u00e9lectrique 10KM\/H cardio et training"},"content":{"rendered":"<header class=\"-pvs -bb\">\n<h2 class=\"-fs20 -m -phm -pvxs\">D\u00e9tails<\/h2>\n<\/header>\n<div class=\"markup -mhm -pvl -oxa -sc\">\n<p>Ce\u00a0<b>tapis\u00a0<\/b>r\u00e9invente notre fa\u00e7on de faire du\u00a0<b>sport \u00e0<\/b>\u00a0l\u2019avenir avec des tapis de course car il s\u2019adapte \u00e0 tout type d\u2019utilisation, dans un appartement, \u00e0 la maison, au bureau et dans vos chambres d\u2019h\u00f4tel.<\/p>\n<p>Un Tapis de course design et l\u00e9ger pour faire du sport \u00e0 la maison ou au bureau.<\/p>\n<p>il a \u00e9t\u00e9 con\u00e7u pour offrir une exp\u00e9rience inoubliable \u00e0 l\u2019utilisateur avec son syst\u00e8me d\u2019absorption de choc, son stabilisateur brevet\u00e9, son afficheur LED simplifi\u00e9 et ses composants robustes.<\/p>\n<p>il dispose en plus d&rsquo;une cl\u00e9 d&rsquo;arr\u00eat d&rsquo;urgence pour plus de s\u00e9curit\u00e9<\/p>\n<\/div>\n","protected":false},"excerpt":{"rendered":"<h2 class=\"hdr -upp -fs14 -m -pam\">Principales caract\u00e9ristiques<\/h2>\n<div class=\"markup -pam\">\n<p>&nbsp;<\/p>\n<ul>\n<li>Travailler avec un moteur \u00e0 courant continu de 450 W<\/li>\n<li>Vitesse maximale 10 Km.\/H en mode rack<\/li>\n<li>La taille de la zone de tapis roulant 120 x 46 cm.<\/li>\n<li>Peut fonctionner avec les deux automatismes Contr\u00f4l\u00e9 via des boutons poussoirs sur les mains courantes Et contr\u00f4l\u00e9 via une t\u00e9l\u00e9commande<\/li>\n<li>Poids net 25 kg<\/li>\n<li>Poids brut 27 kg<\/li>\n<li>Supporte un maximum de 120 kg de poids de coureur<\/li>\n<li>Taille de la main courante 143,6 X 64,1 X 9,3 cm.<\/li>\n<li>Taille de la poign\u00e9e combin\u00e9e 147,5 x 73,5 x 9,3 cm.<\/li>\n<li>Taille de la bo\u00eete d&rsquo;exp\u00e9dition 151,5 X 75,6 X 12 cm.<\/li>\n<li>Poids net pour le transport 40 kilogrammes<\/li>\n<li>Affichage avec syst\u00e8me LED Dot Matrix, facile \u00e0 lire, clair en basse lumi\u00e8re et en haute lumi\u00e8re.<\/li>\n<li>Afficher les valeurs de course compl\u00e8tes, y compris la vitesse, le nombre de pas, la dur\u00e9e et la distance.<\/li>\n<li>Il existe un syst\u00e8me de haut-parleurs<\/li>\n<li>arr\u00eat d&rsquo;urgence pour plus de s\u00e9curit\u00e9.<\/li>\n<li>Puissance -240V ~ 50 \/ 60Hz<\/li>\n<li>Capacit\u00e9 de chargement 20GP: 239PCS \/ 40GP: 504PCS \/ 40HC: 576PCS 20GP: 212PCS \/ 40GP: 437PCS \/ 40HC: 503PCS (avec main courante)<\/li>\n<li>Surface au sol 1.2 m\u00e8tres<\/li>\n<\/ul>\n<\/div>\n","protected":false},"featured_media":28268,"comment_status":"open","ping_status":"closed","template":"","meta":{"_joinchat":[]},"product_brand":[],"product_cat":[20],"product_tag":[],"class_list":{"0":"post-28267","1":"product","2":"type-product","3":"status-publish","4":"has-post-thumbnail","6":"product_cat-accessoires","8":"first","9":"instock","10":"sale","11":"shipping-taxable","12":"purchasable","13":"product-type-simple"},"jetpack_sharing_enabled":true,"_links":{"self":[{"href":"https:\/\/rowayad.com\/index.php\/wp-json\/wp\/v2\/product\/28267","targetHints":{"allow":["GET"]}}],"collection":[{"href":"https:\/\/rowayad.com\/index.php\/wp-json\/wp\/v2\/product"}],"about":[{"href":"https:\/\/rowayad.com\/index.php\/wp-json\/wp\/v2\/types\/product"}],"replies":[{"embeddable":true,"href":"https:\/\/rowayad.com\/index.php\/wp-json\/wp\/v2\/comments?post=28267"}],"version-history":[{"count":2,"href":"https:\/\/rowayad.com\/index.php\/wp-json\/wp\/v2\/product\/28267\/revisions"}],"predecessor-version":[{"id":28272,"href":"https:\/\/rowayad.com\/index.php\/wp-json\/wp\/v2\/product\/28267\/revisions\/28272"}],"wp:featuredmedia":[{"embeddable":true,"href":"https:\/\/rowayad.com\/index.php\/wp-json\/wp\/v2\/media\/28268"}],"wp:attachment":[{"href":"https:\/\/rowayad.com\/index.php\/wp-json\/wp\/v2\/media?parent=28267"}],"wp:term":[{"taxonomy":"product_brand","embeddable":true,"href":"https:\/\/rowayad.com\/index.php\/wp-json\/wp\/v2\/product_brand?post=28267"},{"taxonomy":"product_cat","embeddable":true,"href":"https:\/\/rowayad.com\/index.php\/wp-json\/wp\/v2\/product_cat?post=28267"},{"taxonomy":"product_tag","embeddable":true,"href":"https:\/\/rowayad.com\/index.php\/wp-json\/wp\/v2\/product_tag?post=28267"}],"curies":[{"name":"wp","href":"https:\/\/api.w.org\/{rel}","templated":true}]}}