{"id":28273,"date":"2026-02-21T18:48:07","date_gmt":"2026-02-21T18:48:07","guid":{"rendered":"https:\/\/rowayad.com\/?post_type=product&#038;p=28273"},"modified":"2026-02-21T18:48:08","modified_gmt":"2026-02-21T18:48:08","slug":"ensemble-spatule-en-bois","status":"publish","type":"product","link":"https:\/\/rowayad.com\/index.php\/produit\/ensemble-spatule-en-bois\/","title":{"rendered":"Ensemble Spatule en Bois"},"content":{"rendered":"<header class=\"-pvs -bb\">\n<h2 class=\"-fs20 -m -phm -pvxs\">D\u00e9tails<\/h2>\n<\/header>\n<div class=\"markup -mhm -pvl -oxa -sc\">\n<p>Les\u00a0<strong>spatules en bois<\/strong>\u00a0sont un incontournable de la cuisine. Elles sont fabriqu\u00e9es \u00e0 partir de bois de qualit\u00e9 et sont con\u00e7ues pour durer. Elles sont id\u00e9ales pour manipuler les aliments sans les endommager et sont parfaites pour une utilisation quotidienne.<\/p>\n<p>Voici cinq avantages de ces spatules en bois :<\/p>\n<p>Durabilit\u00e9 : le bois est un mat\u00e9riau solide et durable, ce qui signifie que ces spatules vous accompagneront pendant de nombreuses ann\u00e9es.<\/p>\n<p>Non-adh\u00e9rentes : les spatules en bois ne collent pas aux aliments, ce qui les rend parfaites pour remuer et retourner les aliments dans une po\u00eale ou une casserole.<\/p>\n<p>Faciles \u00e0 nettoyer : les spatules en bois sont tr\u00e8s faciles \u00e0 nettoyer. Elles peuvent simplement \u00eatre lav\u00e9es \u00e0 l&rsquo;eau chaude et au savon, ou m\u00eame pass\u00e9es au lave-vaisselle.<\/p>\n<p>Saines : contrairement aux spatules en m\u00e9tal ou en plastique, les spatules en bois ne lib\u00e8rent pas de produits chimiques dangereux lorsqu&rsquo;elles entrent en contact avec des aliments chauds.<\/p>\n<p>\u00c9cologiques : le bois est un mat\u00e9riau naturel et renouvelable, ce qui en fait un choix \u00e9cologique pour votre cuisine.<\/p>\n<p>En r\u00e9sum\u00e9, les spatules en bois sont une excellente option pour ceux qui cherchent \u00e0 ajouter des\u00a0<strong>ustensiles<\/strong>\u00a0de qualit\u00e9 et durables \u00e0 leur collection de\u00a0<strong>cuisine<\/strong>. Elles sont id\u00e9ales pour manipuler tous les types d&rsquo;aliments sans les endommager, et sont faciles \u00e0 nettoyer et \u00e9cologiques. N&rsquo;h\u00e9sitez pas \u00e0 vous procurer ces spatules en bois pour votre prochaine aventure culinaire !<\/p>\n<\/div>\n","protected":false},"excerpt":{"rendered":"<h2 class=\"hdr -upp -fs14 -m -pam\">Principales caract\u00e9ristiques<\/h2>\n<div class=\"markup -pam\">\n<ul>\n<li>Type Produit : ustensile de cuisine<\/li>\n<li>Nom : Spatule<\/li>\n<li>Quantit\u00e9 : 5<\/li>\n<li>Mati\u00e8re : Bois<\/li>\n<li>Couleur: marron<\/li>\n<\/ul>\n<\/div>\n","protected":false},"featured_media":28274,"comment_status":"open","ping_status":"closed","template":"","meta":{"_joinchat":[]},"product_brand":[],"product_cat":[20],"product_tag":[],"class_list":{"0":"post-28273","1":"product","2":"type-product","3":"status-publish","4":"has-post-thumbnail","6":"product_cat-accessoires","8":"first","9":"instock","10":"sale","11":"shipping-taxable","12":"purchasable","13":"product-type-simple"},"jetpack_sharing_enabled":true,"_links":{"self":[{"href":"https:\/\/rowayad.com\/index.php\/wp-json\/wp\/v2\/product\/28273","targetHints":{"allow":["GET"]}}],"collection":[{"href":"https:\/\/rowayad.com\/index.php\/wp-json\/wp\/v2\/product"}],"about":[{"href":"https:\/\/rowayad.com\/index.php\/wp-json\/wp\/v2\/types\/product"}],"replies":[{"embeddable":true,"href":"https:\/\/rowayad.com\/index.php\/wp-json\/wp\/v2\/comments?post=28273"}],"version-history":[{"count":1,"href":"https:\/\/rowayad.com\/index.php\/wp-json\/wp\/v2\/product\/28273\/revisions"}],"predecessor-version":[{"id":28275,"href":"https:\/\/rowayad.com\/index.php\/wp-json\/wp\/v2\/product\/28273\/revisions\/28275"}],"wp:featuredmedia":[{"embeddable":true,"href":"https:\/\/rowayad.com\/index.php\/wp-json\/wp\/v2\/media\/28274"}],"wp:attachment":[{"href":"https:\/\/rowayad.com\/index.php\/wp-json\/wp\/v2\/media?parent=28273"}],"wp:term":[{"taxonomy":"product_brand","embeddable":true,"href":"https:\/\/rowayad.com\/index.php\/wp-json\/wp\/v2\/product_brand?post=28273"},{"taxonomy":"product_cat","embeddable":true,"href":"https:\/\/rowayad.com\/index.php\/wp-json\/wp\/v2\/product_cat?post=28273"},{"taxonomy":"product_tag","embeddable":true,"href":"https:\/\/rowayad.com\/index.php\/wp-json\/wp\/v2\/product_tag?post=28273"}],"curies":[{"name":"wp","href":"https:\/\/api.w.org\/{rel}","templated":true}]}}