{"id":28282,"date":"2026-02-23T00:30:35","date_gmt":"2026-02-23T00:30:35","guid":{"rendered":"https:\/\/rowayad.com\/?post_type=product&#038;p=28282"},"modified":"2026-02-23T16:21:24","modified_gmt":"2026-02-23T16:21:24","slug":"tapis-3d-pour-salon-2-metres-sur-3-metres","status":"publish","type":"product","link":"https:\/\/rowayad.com\/index.php\/produit\/tapis-3d-pour-salon-2-metres-sur-3-metres\/","title":{"rendered":"Tapis 3D pour salon 2 M\u00e8tres sur 3 M\u00e8tres"},"content":{"rendered":"<header class=\"-pvs -bb\">\n<h2 class=\"-fs20 -m -phm -pvxs\">D\u00e9tails<\/h2>\n<\/header>\n<div class=\"markup -mhm -pvl -oxa -sc\">Mat\u00e9riel:<b>\u00a0fibre de polyester\u00a0<\/b>Taille: Les<b>\u00a0tapis pour salon<\/b>s et chambres \u00e0 coucher sont fabriqu\u00e9s dans un mat\u00e9riau ultra doux, chaud et doux au toucher, et plus proche de la peau. Ne se d\u00e9colore pas, durable, motifs clairs et couleurs vives, impression et teinture r\u00e9actives, sain et confortable, fond antid\u00e9rapant, ne glisse pas facilement, s&rsquo;adapte au sol et prot\u00e8ge votre famille en toute tranquillit\u00e9. Tranch\u00e9 \u00e0 la main, \u00e9paisseur moyenne. Haut de gamme mais discret, beau et \u00e9l\u00e9gant. M\u00e9thodes d&rsquo;entretien quotidien : la poussi\u00e8re sur le tapis peut \u00eatre enlev\u00e9e avec un aspirateur et les taches locales peuvent \u00eatre essuy\u00e9es avec une serviette humide. Essayez de ne pas mettre d&rsquo;aliments gras et collants sur le tapis pour \u00e9viter de coller les uns aux autres. Lorsqu&rsquo;il n&rsquo;est pas utilis\u00e9, enroulez le tapis et placez le\u00a0dans un endroit a\u00e9r\u00e9. Le tapis doit \u00eatre retourn\u00e9 r\u00e9guli\u00e8rement.<\/div>\n","protected":false},"excerpt":{"rendered":"<h2 class=\"hdr -upp -fs14 -m -pam\">Principales caract\u00e9ristiques<\/h2>\n<div class=\"markup -pam\">\n<ul>\n<li>1. Doux et respectueux de la peau<\/li>\n<li>2. Impression et teinture r\u00e9actives<\/li>\n<li>3. Pointez la moulure vers l&rsquo;arri\u00e8re<\/li>\n<li>4. Pas facile de perdre les cheveux<\/li>\n<li>5. Couleurs sont vives<\/li>\n<\/ul>\n<\/div>\n","protected":false},"featured_media":28283,"comment_status":"open","ping_status":"closed","template":"","meta":{"_joinchat":[]},"product_brand":[],"product_cat":[20],"product_tag":[],"class_list":{"0":"post-28282","1":"product","2":"type-product","3":"status-publish","4":"has-post-thumbnail","6":"product_cat-accessoires","8":"first","9":"instock","10":"sale","11":"shipping-taxable","12":"purchasable","13":"product-type-simple"},"jetpack_sharing_enabled":true,"_links":{"self":[{"href":"https:\/\/rowayad.com\/index.php\/wp-json\/wp\/v2\/product\/28282","targetHints":{"allow":["GET"]}}],"collection":[{"href":"https:\/\/rowayad.com\/index.php\/wp-json\/wp\/v2\/product"}],"about":[{"href":"https:\/\/rowayad.com\/index.php\/wp-json\/wp\/v2\/types\/product"}],"replies":[{"embeddable":true,"href":"https:\/\/rowayad.com\/index.php\/wp-json\/wp\/v2\/comments?post=28282"}],"version-history":[{"count":1,"href":"https:\/\/rowayad.com\/index.php\/wp-json\/wp\/v2\/product\/28282\/revisions"}],"predecessor-version":[{"id":28285,"href":"https:\/\/rowayad.com\/index.php\/wp-json\/wp\/v2\/product\/28282\/revisions\/28285"}],"wp:featuredmedia":[{"embeddable":true,"href":"https:\/\/rowayad.com\/index.php\/wp-json\/wp\/v2\/media\/28283"}],"wp:attachment":[{"href":"https:\/\/rowayad.com\/index.php\/wp-json\/wp\/v2\/media?parent=28282"}],"wp:term":[{"taxonomy":"product_brand","embeddable":true,"href":"https:\/\/rowayad.com\/index.php\/wp-json\/wp\/v2\/product_brand?post=28282"},{"taxonomy":"product_cat","embeddable":true,"href":"https:\/\/rowayad.com\/index.php\/wp-json\/wp\/v2\/product_cat?post=28282"},{"taxonomy":"product_tag","embeddable":true,"href":"https:\/\/rowayad.com\/index.php\/wp-json\/wp\/v2\/product_tag?post=28282"}],"curies":[{"name":"wp","href":"https:\/\/api.w.org\/{rel}","templated":true}]}}