{"id":28290,"date":"2026-02-23T00:37:17","date_gmt":"2026-02-23T00:37:17","guid":{"rendered":"https:\/\/rowayad.com\/?post_type=product&#038;p=28290"},"modified":"2026-02-23T16:18:53","modified_gmt":"2026-02-23T16:18:53","slug":"ensemble-table-basse-2-pieces-en-verre-support-en-bois-massif","status":"publish","type":"product","link":"https:\/\/rowayad.com\/index.php\/produit\/ensemble-table-basse-2-pieces-en-verre-support-en-bois-massif\/","title":{"rendered":"Ensemble Table Basse 2 Pi\u00e8ces En Verre Support En Bois Massif"},"content":{"rendered":"<header class=\"-pvs -bb\">\n<h2 class=\"-fs20 -m -phm -pvxs\">D\u00e9tails<\/h2>\n<\/header>\n<div class=\"markup -mhm -pvl -oxa -sc\">\n<h2>Cet\u00a0<strong>ensemble de tables basses 2 pi\u00e8ces<\/strong>\u00a0allie \u00e9l\u00e9gance et praticit\u00e9 pour sublimer votre int\u00e9rieur. Compos\u00e9 de plateaux en\u00a0<strong>verre tremp\u00e9<\/strong>\u00a0transparent, il apporte une touche moderne et lumineuse \u00e0 votre salon, tout en mettant en valeur la beaut\u00e9 naturelle de son\u00a0<strong>support en bois massif<\/strong>. Les deux tables, de tailles diff\u00e9rentes, s\u2019imbriquent facilement pour cr\u00e9er un effet d\u00e9coratif unique ou se s\u00e9parent pour offrir davantage de surface d\u2019appoint. \u00c0 la fois robustes, fonctionnelles et raffin\u00e9es, elles s\u2019int\u00e8grent parfaitement dans tout style de d\u00e9coration, du contemporain au plus classique.<\/h2>\n<h2><strong>Pr\u00e9voir le montage<\/strong><\/h2>\n<\/div>\n","protected":false},"excerpt":{"rendered":"<h2 class=\"hdr -upp -fs14 -m -pam\">Principales caract\u00e9ristiques<\/h2>\n<div class=\"markup -pam\">\n<p>CARACT\u00c9RISTIQUES<br \/>\n\u25b6 Comptoir en bois r\u00e9sistant \u00e0 l&rsquo;eau et aux rayures<br \/>\n\u25b6 Protection du plancher non marqu\u00e9e<br \/>\n\u25b6 Expansion et contraction libres sans espace<br \/>\n\u25b6 Cadre en acier \u00e9largi, base stable<br \/>\n\u25b6 Les bords du processus de flexion doivent \u00eatre liss\u00e9s.<\/p>\n<\/div>\n","protected":false},"featured_media":28291,"comment_status":"open","ping_status":"closed","template":"","meta":{"_joinchat":[]},"product_brand":[],"product_cat":[20],"product_tag":[],"class_list":{"0":"post-28290","1":"product","2":"type-product","3":"status-publish","4":"has-post-thumbnail","6":"product_cat-accessoires","8":"first","9":"instock","10":"sale","11":"shipping-taxable","12":"purchasable","13":"product-type-simple"},"jetpack_sharing_enabled":true,"_links":{"self":[{"href":"https:\/\/rowayad.com\/index.php\/wp-json\/wp\/v2\/product\/28290","targetHints":{"allow":["GET"]}}],"collection":[{"href":"https:\/\/rowayad.com\/index.php\/wp-json\/wp\/v2\/product"}],"about":[{"href":"https:\/\/rowayad.com\/index.php\/wp-json\/wp\/v2\/types\/product"}],"replies":[{"embeddable":true,"href":"https:\/\/rowayad.com\/index.php\/wp-json\/wp\/v2\/comments?post=28290"}],"version-history":[{"count":1,"href":"https:\/\/rowayad.com\/index.php\/wp-json\/wp\/v2\/product\/28290\/revisions"}],"predecessor-version":[{"id":28293,"href":"https:\/\/rowayad.com\/index.php\/wp-json\/wp\/v2\/product\/28290\/revisions\/28293"}],"wp:featuredmedia":[{"embeddable":true,"href":"https:\/\/rowayad.com\/index.php\/wp-json\/wp\/v2\/media\/28291"}],"wp:attachment":[{"href":"https:\/\/rowayad.com\/index.php\/wp-json\/wp\/v2\/media?parent=28290"}],"wp:term":[{"taxonomy":"product_brand","embeddable":true,"href":"https:\/\/rowayad.com\/index.php\/wp-json\/wp\/v2\/product_brand?post=28290"},{"taxonomy":"product_cat","embeddable":true,"href":"https:\/\/rowayad.com\/index.php\/wp-json\/wp\/v2\/product_cat?post=28290"},{"taxonomy":"product_tag","embeddable":true,"href":"https:\/\/rowayad.com\/index.php\/wp-json\/wp\/v2\/product_tag?post=28290"}],"curies":[{"name":"wp","href":"https:\/\/api.w.org\/{rel}","templated":true}]}}