{"id":28310,"date":"2026-02-23T14:41:33","date_gmt":"2026-02-23T14:41:33","guid":{"rendered":"https:\/\/rowayad.com\/?post_type=product&#038;p=28310"},"modified":"2026-02-23T14:41:33","modified_gmt":"2026-02-23T14:41:33","slug":"partagez-ce-produit-rangement-chaussures-en-bois-environ-30-paires-marron","status":"publish","type":"product","link":"https:\/\/rowayad.com\/index.php\/produit\/partagez-ce-produit-rangement-chaussures-en-bois-environ-30-paires-marron\/","title":{"rendered":"Partagez ce produit    Rangement chaussures en bois environ 30 paires Marron"},"content":{"rendered":"<h2>Description<\/h2>\n<p>\u00c9tag\u00e8re \u00e0 chaussures \u00e0 5 couches, nouveau design \u00e9l\u00e9gant<\/p>\n<p>Produit neuf<\/p>\n<p>Excellente id\u00e9e cadeau pour la famille et les amis<\/p>\n<p>Cela pourrait \u00eatre une d\u00e9coration cr\u00e9ative pour votre maison. C&rsquo;est une \u0153uvre d&rsquo;art d\u00e9corative et magnifique.<\/p>\n<p>Dimensions\u00a0:<br \/>\n100 (H) x 63 (L) x 24 cm (P)<\/p>\n","protected":false},"excerpt":{"rendered":"<h2 class=\"hdr -upp -fs14 -m -pam\">Principales caract\u00e9ristiques<\/h2>\n<div class=\"markup -pam\">\n<ul class=\"a-unordered-list a-vertical a-spacing-none\">\n<li>\n<ul class=\"a-unordered-list a-vertical a-spacing-none\">\n<li class=\"a-spacing-mini\">Plaque de qualit\u00e9: plat et lisse, fra\u00eeche et texture naturelle, claire, imperm\u00e9able et r\u00e9sistant aux rayures<\/li>\n<li class=\"a-spacing-mini\">rangement pratique: un grand plateau de table, rangement, livres, tasses \u00e0 th\u00e9, plantes en pot, r\u00e9veils, albums photos sont plac\u00e9s sur la plate-forme, belle et chaleureuse<\/li>\n<li class=\"a-spacing-mini\">Caract\u00e9ristiques du produit: bas-sol conception, r\u00e9sistant \u00e0 l&rsquo;humidit\u00e9, tiroir poign\u00e9e invisible, bords arrondis, s\u00fbr et pratique<\/li>\n<li class=\"a-spacing-mini\">Multi-sp\u00e9cifications: sp\u00e9cifications de partition multi-couche, s\u00e9lectionnez en fonction des besoins, des hauteurs diff\u00e9rentes, peut accueillir plusieurs styles de chaussures<\/li>\n<li class=\"a-spacing-mini\">\u00c9conomique et pratique: multifonctionnel, peut \u00eatre utilis\u00e9 comme support de chaussures de famille, \u00e9tag\u00e8re, stand de fleur,<\/li>\n<\/ul>\n<\/li>\n<\/ul>\n<\/div>\n","protected":false},"featured_media":28311,"comment_status":"open","ping_status":"closed","template":"","meta":{"_joinchat":[]},"product_brand":[],"product_cat":[20],"product_tag":[],"class_list":{"0":"post-28310","1":"product","2":"type-product","3":"status-publish","4":"has-post-thumbnail","6":"product_cat-accessoires","8":"first","9":"instock","10":"sale","11":"shipping-taxable","12":"purchasable","13":"product-type-simple"},"jetpack_sharing_enabled":true,"_links":{"self":[{"href":"https:\/\/rowayad.com\/index.php\/wp-json\/wp\/v2\/product\/28310","targetHints":{"allow":["GET"]}}],"collection":[{"href":"https:\/\/rowayad.com\/index.php\/wp-json\/wp\/v2\/product"}],"about":[{"href":"https:\/\/rowayad.com\/index.php\/wp-json\/wp\/v2\/types\/product"}],"replies":[{"embeddable":true,"href":"https:\/\/rowayad.com\/index.php\/wp-json\/wp\/v2\/comments?post=28310"}],"version-history":[{"count":1,"href":"https:\/\/rowayad.com\/index.php\/wp-json\/wp\/v2\/product\/28310\/revisions"}],"predecessor-version":[{"id":28314,"href":"https:\/\/rowayad.com\/index.php\/wp-json\/wp\/v2\/product\/28310\/revisions\/28314"}],"wp:featuredmedia":[{"embeddable":true,"href":"https:\/\/rowayad.com\/index.php\/wp-json\/wp\/v2\/media\/28311"}],"wp:attachment":[{"href":"https:\/\/rowayad.com\/index.php\/wp-json\/wp\/v2\/media?parent=28310"}],"wp:term":[{"taxonomy":"product_brand","embeddable":true,"href":"https:\/\/rowayad.com\/index.php\/wp-json\/wp\/v2\/product_brand?post=28310"},{"taxonomy":"product_cat","embeddable":true,"href":"https:\/\/rowayad.com\/index.php\/wp-json\/wp\/v2\/product_cat?post=28310"},{"taxonomy":"product_tag","embeddable":true,"href":"https:\/\/rowayad.com\/index.php\/wp-json\/wp\/v2\/product_tag?post=28310"}],"curies":[{"name":"wp","href":"https:\/\/api.w.org\/{rel}","templated":true}]}}