{"id":28319,"date":"2026-02-23T16:45:37","date_gmt":"2026-02-23T16:45:37","guid":{"rendered":"https:\/\/rowayad.com\/?post_type=product&#038;p=28319"},"modified":"2026-02-23T16:47:51","modified_gmt":"2026-02-23T16:47:51","slug":"white-label-pompe-eau-electrique-distributeur-deau-automatique","status":"publish","type":"product","link":"https:\/\/rowayad.com\/index.php\/produit\/white-label-pompe-eau-electrique-distributeur-deau-automatique\/","title":{"rendered":"White Label Pompe eau \u00e9lectrique Distributeur d&rsquo;eau Automatique"},"content":{"rendered":"<header class=\"-pvs -bb\">\n<h2 class=\"-fs20 -m -phm -pvxs\">D\u00e9tails<\/h2>\n<\/header>\n<div class=\"markup -mhm -pvl -oxa -sc\">Cette pompe \u00e0 eau portable est sp\u00e9cialement con\u00e7ue pour votre vie saine. Mat\u00e9riaux \u00e9cologiques et amovible conceptions vous permettant de profiter de la propre et l&rsquo;eau potable avec cable USB, il peut se connecter au Pc, portable, power banque ou d&rsquo;autres appareils avec port USB, beaucoup plus pratique une pratique cliquez pour pomper automatiquement certaine quantit\u00e9 d&rsquo;eau facilement. Facile \u00e0 utiliser et \u00e9conomiser votre temps<\/div>\n","protected":false},"excerpt":{"rendered":"<h2 class=\"hdr -upp -fs14 -m -pam\">Principales caract\u00e9ristiques<\/h2>\n<div class=\"markup -pam\">\n<ul>\n<li>Tension nominale : 5V<\/li>\n<li>Puissance : 4w<\/li>\n<li>Fr\u00e9quence : 50Hz<\/li>\n<li>Mode de charg\u00e9 : USB<\/li>\n<li>Temps de charge : 3 &#8211; 4 heures<\/li>\n<\/ul>\n<\/div>\n","protected":false},"featured_media":28320,"comment_status":"open","ping_status":"closed","template":"","meta":{"_joinchat":[]},"product_brand":[],"product_cat":[20],"product_tag":[],"class_list":{"0":"post-28319","1":"product","2":"type-product","3":"status-publish","4":"has-post-thumbnail","6":"product_cat-accessoires","8":"first","9":"instock","10":"sale","11":"shipping-taxable","12":"purchasable","13":"product-type-simple"},"jetpack_sharing_enabled":true,"_links":{"self":[{"href":"https:\/\/rowayad.com\/index.php\/wp-json\/wp\/v2\/product\/28319","targetHints":{"allow":["GET"]}}],"collection":[{"href":"https:\/\/rowayad.com\/index.php\/wp-json\/wp\/v2\/product"}],"about":[{"href":"https:\/\/rowayad.com\/index.php\/wp-json\/wp\/v2\/types\/product"}],"replies":[{"embeddable":true,"href":"https:\/\/rowayad.com\/index.php\/wp-json\/wp\/v2\/comments?post=28319"}],"version-history":[{"count":1,"href":"https:\/\/rowayad.com\/index.php\/wp-json\/wp\/v2\/product\/28319\/revisions"}],"predecessor-version":[{"id":28324,"href":"https:\/\/rowayad.com\/index.php\/wp-json\/wp\/v2\/product\/28319\/revisions\/28324"}],"wp:featuredmedia":[{"embeddable":true,"href":"https:\/\/rowayad.com\/index.php\/wp-json\/wp\/v2\/media\/28320"}],"wp:attachment":[{"href":"https:\/\/rowayad.com\/index.php\/wp-json\/wp\/v2\/media?parent=28319"}],"wp:term":[{"taxonomy":"product_brand","embeddable":true,"href":"https:\/\/rowayad.com\/index.php\/wp-json\/wp\/v2\/product_brand?post=28319"},{"taxonomy":"product_cat","embeddable":true,"href":"https:\/\/rowayad.com\/index.php\/wp-json\/wp\/v2\/product_cat?post=28319"},{"taxonomy":"product_tag","embeddable":true,"href":"https:\/\/rowayad.com\/index.php\/wp-json\/wp\/v2\/product_tag?post=28319"}],"curies":[{"name":"wp","href":"https:\/\/api.w.org\/{rel}","templated":true}]}}