{"id":28325,"date":"2026-02-23T17:00:43","date_gmt":"2026-02-23T17:00:43","guid":{"rendered":"https:\/\/rowayad.com\/?post_type=product&#038;p=28325"},"modified":"2026-02-23T17:01:36","modified_gmt":"2026-02-23T17:01:36","slug":"lot-de-6-sets-de-table-nappes-antiderapant-marron","status":"publish","type":"product","link":"https:\/\/rowayad.com\/index.php\/produit\/lot-de-6-sets-de-table-nappes-antiderapant-marron\/","title":{"rendered":"Lot de 6 Sets de Table Nappes Antid\u00e9rapant &#8211; Marron"},"content":{"rendered":"<header class=\"-pvs -bb\">\n<h2 class=\"-fs20 -m -phm -pvxs\">D\u00e9tails<\/h2>\n<\/header>\n<div class=\"markup -mhm -pvl -oxa -sc\">\n<p>Recevoir avec une jolie table est toujours un plaisir. La d\u00e9coration est essentielle entre la vaisselle et l&rsquo;harmonie des couleurs. La <strong>nappe<\/strong>\u00a0ou\u00a0<strong>set de table<\/strong>\u00a0est base de la d\u00e9coration.<br \/>\nLes\u00a0<strong>napperons\u00a0<\/strong>en vinyle tiss\u00e9 et innovants sont \u00e9l\u00e9gants. Accessoires de cuisine respectueux de l&rsquo;environnement approuv\u00e9 par la FDA, fabriqu\u00e9 en PVC respectueux de l&rsquo;environnement de haute qualit\u00e9, tr\u00e8s durable, facile \u00e0 nettoyer, pas de d\u00e9coloration. Disponible sur les deux c\u00f4t\u00e9s, l&rsquo;huile peut \u00eatre facilement nettoy\u00e9e, lavable et r\u00e9sistant \u00e0 la chaleur, excellent rapport qualit\u00e9\/prix, motifs cr\u00e9atifs et haute fonctionnalit\u00e9. Choisissez parmi une vari\u00e9t\u00e9 de designs pour correspondre \u00e0 la d\u00e9coration de votre table.<\/p>\n<\/div>\n","protected":false},"excerpt":{"rendered":"<h2 class=\"hdr -upp -fs14 -m -pam\">Principales caract\u00e9ristiques<\/h2>\n<div class=\"markup -pam\">\n<ul>\n<li>Lot de 6 Sets de Table Napperons<\/li>\n<li>Antid\u00e9rapants<\/li>\n<li>Facile \u00e0 nettoyer : principalement compos\u00e9 de PVC doux et de polyester haute r\u00e9sistance.<\/li>\n<li>COMPOSITION : 70% PVC + 30% polyester<\/li>\n<li>R\u00e9sistant \u00e0 la chaleur : supporte jusqu&rsquo;\u00e0 85 \u00b0C, \u00e9vite efficacement les br\u00fblures \u00e0 haute temp\u00e9rature de votre bureau.<\/li>\n<li>utilisation \u00e0 la maison, dans les h\u00f4tels, restaurants, caf\u00e9s, etc. C&rsquo;est un excellent choix pour les f\u00eates \u00e0 domicile, les r\u00e9unions de famille, les vacances, etc.<\/li>\n<\/ul>\n<\/div>\n","protected":false},"featured_media":28326,"comment_status":"open","ping_status":"closed","template":"","meta":{"_joinchat":[]},"product_brand":[],"product_cat":[20],"product_tag":[],"class_list":{"0":"post-28325","1":"product","2":"type-product","3":"status-publish","4":"has-post-thumbnail","6":"product_cat-accessoires","8":"first","9":"instock","10":"sale","11":"shipping-taxable","12":"purchasable","13":"product-type-simple"},"jetpack_sharing_enabled":true,"_links":{"self":[{"href":"https:\/\/rowayad.com\/index.php\/wp-json\/wp\/v2\/product\/28325","targetHints":{"allow":["GET"]}}],"collection":[{"href":"https:\/\/rowayad.com\/index.php\/wp-json\/wp\/v2\/product"}],"about":[{"href":"https:\/\/rowayad.com\/index.php\/wp-json\/wp\/v2\/types\/product"}],"replies":[{"embeddable":true,"href":"https:\/\/rowayad.com\/index.php\/wp-json\/wp\/v2\/comments?post=28325"}],"version-history":[{"count":1,"href":"https:\/\/rowayad.com\/index.php\/wp-json\/wp\/v2\/product\/28325\/revisions"}],"predecessor-version":[{"id":28329,"href":"https:\/\/rowayad.com\/index.php\/wp-json\/wp\/v2\/product\/28325\/revisions\/28329"}],"wp:featuredmedia":[{"embeddable":true,"href":"https:\/\/rowayad.com\/index.php\/wp-json\/wp\/v2\/media\/28326"}],"wp:attachment":[{"href":"https:\/\/rowayad.com\/index.php\/wp-json\/wp\/v2\/media?parent=28325"}],"wp:term":[{"taxonomy":"product_brand","embeddable":true,"href":"https:\/\/rowayad.com\/index.php\/wp-json\/wp\/v2\/product_brand?post=28325"},{"taxonomy":"product_cat","embeddable":true,"href":"https:\/\/rowayad.com\/index.php\/wp-json\/wp\/v2\/product_cat?post=28325"},{"taxonomy":"product_tag","embeddable":true,"href":"https:\/\/rowayad.com\/index.php\/wp-json\/wp\/v2\/product_tag?post=28325"}],"curies":[{"name":"wp","href":"https:\/\/api.w.org\/{rel}","templated":true}]}}