{"id":28330,"date":"2026-02-23T17:33:07","date_gmt":"2026-02-23T17:33:07","guid":{"rendered":"https:\/\/rowayad.com\/?post_type=product&#038;p=28330"},"modified":"2026-02-23T17:34:48","modified_gmt":"2026-02-23T17:34:48","slug":"table-a-manger-tres-robuste-en-fer-et-bois","status":"publish","type":"product","link":"https:\/\/rowayad.com\/index.php\/produit\/table-a-manger-tres-robuste-en-fer-et-bois\/","title":{"rendered":"Table \u00e0 manger tr\u00e8s robuste en fer et bois"},"content":{"rendered":"<h2>D\u00e9tails<\/h2>\n<p>Une\u00a0<strong>touche de modernit\u00e9<\/strong> qui apporte de la clart\u00e9 \u00e0 votre int\u00e9rieur gr\u00e2ce aux lignes \u00e9pur\u00e9es du beau plateau en bois marbr\u00e9 de la table. La table accueille g\u00e9n\u00e9reusement 4 personnes autour de son plateau r\u00e9sistant qui s&rsquo;allonge en un tour de main. Une table facile \u00e0 vivre au quotidien, fabriqu\u00e9e avec des mat\u00e9riaux de qualit\u00e9 et con\u00e7ue pour durer ! Cet ensemble de table \u00e0 manger ext\u00e9rieure ex\u00e9cutive est cens\u00e9 \u00eatre le point focal de votre salon, cuisine, de votre jardin ou de votre patio ! Le cadre en acier rend la table et les chaises robustes et durables. Elle est facile \u00e0 d\u00e9placer et convient \u00e0 une utilisation en ext\u00e9rieur. La table de bois est facile \u00e0 nettoyer avec un chiffon humide. L&rsquo;\u00e9l\u00e9gance simpliste de ce jeu de salle \u00e0 manger fera votre d\u00eener sp\u00e9cial<\/p>\n","protected":false},"excerpt":{"rendered":"<h2 class=\"hdr -upp -fs14 -m -pam\">Principales caract\u00e9ristiques<\/h2>\n<div class=\"markup -pam\">\n<ul>\n<li>Table<\/li>\n<li>2 BANCS<\/li>\n<li>TRES ROBUSTE<\/li>\n<li>TAILLE TABLE 107x67x75<\/li>\n<li>TAILLE BANC 97x27x45H CM<\/li>\n<\/ul>\n<\/div>\n","protected":false},"featured_media":28331,"comment_status":"open","ping_status":"closed","template":"","meta":{"_joinchat":[]},"product_brand":[],"product_cat":[20],"product_tag":[],"class_list":{"0":"post-28330","1":"product","2":"type-product","3":"status-publish","4":"has-post-thumbnail","6":"product_cat-accessoires","8":"first","9":"instock","10":"sale","11":"shipping-taxable","12":"purchasable","13":"product-type-simple"},"jetpack_sharing_enabled":true,"_links":{"self":[{"href":"https:\/\/rowayad.com\/index.php\/wp-json\/wp\/v2\/product\/28330","targetHints":{"allow":["GET"]}}],"collection":[{"href":"https:\/\/rowayad.com\/index.php\/wp-json\/wp\/v2\/product"}],"about":[{"href":"https:\/\/rowayad.com\/index.php\/wp-json\/wp\/v2\/types\/product"}],"replies":[{"embeddable":true,"href":"https:\/\/rowayad.com\/index.php\/wp-json\/wp\/v2\/comments?post=28330"}],"version-history":[{"count":1,"href":"https:\/\/rowayad.com\/index.php\/wp-json\/wp\/v2\/product\/28330\/revisions"}],"predecessor-version":[{"id":28334,"href":"https:\/\/rowayad.com\/index.php\/wp-json\/wp\/v2\/product\/28330\/revisions\/28334"}],"wp:featuredmedia":[{"embeddable":true,"href":"https:\/\/rowayad.com\/index.php\/wp-json\/wp\/v2\/media\/28331"}],"wp:attachment":[{"href":"https:\/\/rowayad.com\/index.php\/wp-json\/wp\/v2\/media?parent=28330"}],"wp:term":[{"taxonomy":"product_brand","embeddable":true,"href":"https:\/\/rowayad.com\/index.php\/wp-json\/wp\/v2\/product_brand?post=28330"},{"taxonomy":"product_cat","embeddable":true,"href":"https:\/\/rowayad.com\/index.php\/wp-json\/wp\/v2\/product_cat?post=28330"},{"taxonomy":"product_tag","embeddable":true,"href":"https:\/\/rowayad.com\/index.php\/wp-json\/wp\/v2\/product_tag?post=28330"}],"curies":[{"name":"wp","href":"https:\/\/api.w.org\/{rel}","templated":true}]}}