{"id":28338,"date":"2026-02-23T17:44:45","date_gmt":"2026-02-23T17:44:45","guid":{"rendered":"https:\/\/rowayad.com\/?post_type=product&#038;p=28338"},"modified":"2026-02-23T17:46:02","modified_gmt":"2026-02-23T17:46:02","slug":"lot-de-12-torchons-a-vaisselle-torchon-de-service-multicolore","status":"publish","type":"product","link":"https:\/\/rowayad.com\/index.php\/produit\/lot-de-12-torchons-a-vaisselle-torchon-de-service-multicolore\/","title":{"rendered":"Lot de 12 torchons \u00e0 vaisselle &#8211; torchon de service &#8211; multicolore"},"content":{"rendered":"<header class=\"-pvs -bb\">\n<h2 class=\"-fs20 -m -phm -pvxs\">D\u00e9tails<\/h2>\n<\/header>\n<div class=\"markup -mhm -pvl -oxa -sc\">\n<p><strong>ensemble 12 torchons<\/strong><br \/>\nLe pack de 12 deviendra rapidement un \u00e9l\u00e9ment indispensable pour vos pique-niques avec l&rsquo;arriv\u00e9e des beaux jours. Gr\u00e2ce \u00e0 son motif vichy esprit frenche, cette nappe tendance aux coloris noir et gr\u00e8ge pourra s&rsquo;accorder avec de nombreux accessoires de table. Son motif tiss\u00e9 et teint ainsi que son point bourdon noir en font un linge de table d&rsquo;une grande qualit\u00e9. Vous pourrez l&rsquo;assortir avec la serviette de table notre ensemble de serviettes d&rsquo;invit\u00e9 de luxe, offre une douceur in\u00e9gal\u00e9e, moelleuse et absorbante. La qualit\u00e9 remarquable de ces sertissages doux vous donne la sensation d&rsquo;un splendide spa dans le confort de votre propre maison. En tant que produit haut de gamme, fabriqu\u00e9 \u00e0 partir de fibres biologiques les plus fines, ces serviettes offrent un toucher doux et doux sur votre peau.<\/p>\n<\/div>\n","protected":false},"excerpt":{"rendered":"<h2 class=\"hdr -upp -fs14 -m -pam\">Principales caract\u00e9ristiques<\/h2>\n<div class=\"markup -pam\">\n<ul>\n<li>Vous pourrez l&rsquo;assortir avec la serviette de table de la m\u00eame collection.<\/li>\n<li>En coton<\/li>\n<li>12torchons<\/li>\n<li>motif tendance<\/li>\n<li>blanc<\/li>\n<\/ul>\n<\/div>\n","protected":false},"featured_media":28339,"comment_status":"open","ping_status":"closed","template":"","meta":{"_joinchat":[]},"product_brand":[],"product_cat":[20],"product_tag":[],"class_list":{"0":"post-28338","1":"product","2":"type-product","3":"status-publish","4":"has-post-thumbnail","6":"product_cat-accessoires","8":"first","9":"instock","10":"sale","11":"shipping-taxable","12":"purchasable","13":"product-type-simple"},"jetpack_sharing_enabled":true,"_links":{"self":[{"href":"https:\/\/rowayad.com\/index.php\/wp-json\/wp\/v2\/product\/28338","targetHints":{"allow":["GET"]}}],"collection":[{"href":"https:\/\/rowayad.com\/index.php\/wp-json\/wp\/v2\/product"}],"about":[{"href":"https:\/\/rowayad.com\/index.php\/wp-json\/wp\/v2\/types\/product"}],"replies":[{"embeddable":true,"href":"https:\/\/rowayad.com\/index.php\/wp-json\/wp\/v2\/comments?post=28338"}],"version-history":[{"count":1,"href":"https:\/\/rowayad.com\/index.php\/wp-json\/wp\/v2\/product\/28338\/revisions"}],"predecessor-version":[{"id":28340,"href":"https:\/\/rowayad.com\/index.php\/wp-json\/wp\/v2\/product\/28338\/revisions\/28340"}],"wp:featuredmedia":[{"embeddable":true,"href":"https:\/\/rowayad.com\/index.php\/wp-json\/wp\/v2\/media\/28339"}],"wp:attachment":[{"href":"https:\/\/rowayad.com\/index.php\/wp-json\/wp\/v2\/media?parent=28338"}],"wp:term":[{"taxonomy":"product_brand","embeddable":true,"href":"https:\/\/rowayad.com\/index.php\/wp-json\/wp\/v2\/product_brand?post=28338"},{"taxonomy":"product_cat","embeddable":true,"href":"https:\/\/rowayad.com\/index.php\/wp-json\/wp\/v2\/product_cat?post=28338"},{"taxonomy":"product_tag","embeddable":true,"href":"https:\/\/rowayad.com\/index.php\/wp-json\/wp\/v2\/product_tag?post=28338"}],"curies":[{"name":"wp","href":"https:\/\/api.w.org\/{rel}","templated":true}]}}