{"id":28341,"date":"2026-02-23T17:49:58","date_gmt":"2026-02-23T17:49:58","guid":{"rendered":"https:\/\/rowayad.com\/?post_type=product&#038;p=28341"},"modified":"2026-02-23T17:51:00","modified_gmt":"2026-02-23T17:51:00","slug":"mini-mixeur-de-fruits-portable-avec-usb-rechargeable","status":"publish","type":"product","link":"https:\/\/rowayad.com\/index.php\/produit\/mini-mixeur-de-fruits-portable-avec-usb-rechargeable\/","title":{"rendered":"Mini Mixeur De Fruits Portable &#8211; Avec USB Rechargeable"},"content":{"rendered":"<h2>Description<\/h2>\n<p>Savourez de d\u00e9licieux jus de fruits frais tous les jours, des oranges parfum\u00e9es aux concombres frais,<br \/>\nle moyen le plus simple d&rsquo;augmenter votre consommation quotidienne de fruits et l\u00e9gumes, le presse-agrume permet de profiter d&rsquo;une vari\u00e9t\u00e9 de fruits et l\u00e9gumes chaque jour et de profiter de plus de bien<\/p>\n<p>&nbsp;<\/p>\n<h2 class=\"hdr -upp -fs14 -m -pam\">Principales caract\u00e9ristiques<\/h2>\n<div class=\"markup -pam\">\n<ul>\n<li>Type de produit :\u00a0Mini Mixeur De Fruits Portable &#8211; Avec USB Rechargeable<\/li>\n<li>Fonction : Extraction de jus<\/li>\n<li>Vitesse : 18 001 tr\/min (inclus) &#8211; 20 000 tr\/min (inclus)<\/li>\n<li>Lames : 6<\/li>\n<li>Mat\u00e9riau de la doublure : plastique PC de qualit\u00e9 alimentaire.<\/li>\n<li>Caract\u00e9ristiques suppl\u00e9mentaires : rechargeable et portable, r\u00e9duction silencieuse du bruit, mise en p\u00e2te rapide<\/li>\n<\/ul>\n<h2>Contenu de la bo\u00eete<\/h2>\n<p>1 * tasse \u00e0 jus1 * couvercle de tasse1 * c\u00e2ble de donn\u00e9es USB1 * manuel en anglais<\/p>\n<\/div>\n","protected":false},"excerpt":{"rendered":"<p>Description Savourez de d\u00e9licieux jus de fruits frais tous les jours, des oranges parfum\u00e9es aux concombres frais, le moyen le<\/p>\n","protected":false},"featured_media":28342,"comment_status":"open","ping_status":"closed","template":"","meta":{"_joinchat":[]},"product_brand":[],"product_cat":[20],"product_tag":[],"class_list":{"0":"post-28341","1":"product","2":"type-product","3":"status-publish","4":"has-post-thumbnail","6":"product_cat-accessoires","8":"first","9":"instock","10":"sale","11":"shipping-taxable","12":"purchasable","13":"product-type-simple"},"jetpack_sharing_enabled":true,"_links":{"self":[{"href":"https:\/\/rowayad.com\/index.php\/wp-json\/wp\/v2\/product\/28341","targetHints":{"allow":["GET"]}}],"collection":[{"href":"https:\/\/rowayad.com\/index.php\/wp-json\/wp\/v2\/product"}],"about":[{"href":"https:\/\/rowayad.com\/index.php\/wp-json\/wp\/v2\/types\/product"}],"replies":[{"embeddable":true,"href":"https:\/\/rowayad.com\/index.php\/wp-json\/wp\/v2\/comments?post=28341"}],"version-history":[{"count":1,"href":"https:\/\/rowayad.com\/index.php\/wp-json\/wp\/v2\/product\/28341\/revisions"}],"predecessor-version":[{"id":28343,"href":"https:\/\/rowayad.com\/index.php\/wp-json\/wp\/v2\/product\/28341\/revisions\/28343"}],"wp:featuredmedia":[{"embeddable":true,"href":"https:\/\/rowayad.com\/index.php\/wp-json\/wp\/v2\/media\/28342"}],"wp:attachment":[{"href":"https:\/\/rowayad.com\/index.php\/wp-json\/wp\/v2\/media?parent=28341"}],"wp:term":[{"taxonomy":"product_brand","embeddable":true,"href":"https:\/\/rowayad.com\/index.php\/wp-json\/wp\/v2\/product_brand?post=28341"},{"taxonomy":"product_cat","embeddable":true,"href":"https:\/\/rowayad.com\/index.php\/wp-json\/wp\/v2\/product_cat?post=28341"},{"taxonomy":"product_tag","embeddable":true,"href":"https:\/\/rowayad.com\/index.php\/wp-json\/wp\/v2\/product_tag?post=28341"}],"curies":[{"name":"wp","href":"https:\/\/api.w.org\/{rel}","templated":true}]}}