{"id":28356,"date":"2026-02-23T18:16:43","date_gmt":"2026-02-23T18:16:43","guid":{"rendered":"https:\/\/rowayad.com\/?post_type=product&#038;p=28356"},"modified":"2026-02-23T18:16:43","modified_gmt":"2026-02-23T18:16:43","slug":"velo-tricycle-a-pedale-avec-sons-et-lumiere-pour-enfant-de-1-a-5-ans","status":"publish","type":"product","link":"https:\/\/rowayad.com\/index.php\/produit\/velo-tricycle-a-pedale-avec-sons-et-lumiere-pour-enfant-de-1-a-5-ans\/","title":{"rendered":"V\u00e9lo Tricycle \u00e0 p\u00e9dale avec sons et lumi\u00e8re pour enfant de 1 \u00e0 5 ans"},"content":{"rendered":"<header class=\"-pvs -bb\">\n<h2 class=\"-fs20 -m -phm -pvxs\">D\u00e9tails<\/h2>\n<\/header>\n<div class=\"markup -mhm -pvl -oxa -sc\">Ce\u00a0<b>magnifique tricycle<\/b>\u00a0fera la joie de votre bambin ! Equip\u00e9 d&rsquo;effets musicaux et lumineux, vos balades au parc seront plus anim\u00e9es ! Faites un tour sur le tricycle pour enfants . Ce tricycle unique est con\u00e7u pour \u00eatre la nouvelle attraction pr\u00e9f\u00e9r\u00e9e de votre enfant! Cela leur permet d&rsquo;avoir une enfance heureuse et saine. Le tricycle pour enfants grandit avec votre enfant. Les voyages pour les tout-petits offrent commodit\u00e9, confort et plaisir. Ce tricycle robuste est dot\u00e9 d&rsquo;une construction en acier. Le tricycle moto offre une conduite divertissante s\u00fbre et s\u00e9curis\u00e9e avec un design en forme de scooty, des roues solides antid\u00e9rapantes, un si\u00e8ge confortable avec un dossier, des p\u00e9dales lisses et un guidon facile \u00e0 saisir.<\/div>\n<div><\/div>\n<div>\n<h2 class=\"hdr -upp -fs14 -m -pam\">Principales caract\u00e9ristiques<\/h2>\n<div class=\"markup -pam\">\n<ul>\n<li>Cadre en acier robuste<\/li>\n<li>Ce v\u00e9lo peut aider les enfants \u00e0 commencer \u00e0 apprendre l&rsquo;\u00e9quilibre et \u00e0 l&rsquo;am\u00e9lioration de la capacit\u00e9 de coordination du corps .<\/li>\n<li>Equipe de plusieurs chansons et de phares<\/li>\n<li>2 p\u00e9dales antid\u00e9rapants pour faire avancer et reculer ce tricycle<\/li>\n<li>Convient aux enfants de 1 \u00e0 5ans<\/li>\n<\/ul>\n<\/div>\n<\/div>\n","protected":false},"excerpt":{"rendered":"<p>D\u00e9tails Ce\u00a0magnifique tricycle\u00a0fera la joie de votre bambin ! Equip\u00e9 d&rsquo;effets musicaux et lumineux, vos balades au parc seront plus<\/p>\n","protected":false},"featured_media":28357,"comment_status":"open","ping_status":"closed","template":"","meta":{"_joinchat":[]},"product_brand":[],"product_cat":[20],"product_tag":[],"class_list":{"0":"post-28356","1":"product","2":"type-product","3":"status-publish","4":"has-post-thumbnail","6":"product_cat-accessoires","8":"first","9":"instock","10":"sale","11":"shipping-taxable","12":"purchasable","13":"product-type-simple"},"jetpack_sharing_enabled":true,"_links":{"self":[{"href":"https:\/\/rowayad.com\/index.php\/wp-json\/wp\/v2\/product\/28356","targetHints":{"allow":["GET"]}}],"collection":[{"href":"https:\/\/rowayad.com\/index.php\/wp-json\/wp\/v2\/product"}],"about":[{"href":"https:\/\/rowayad.com\/index.php\/wp-json\/wp\/v2\/types\/product"}],"replies":[{"embeddable":true,"href":"https:\/\/rowayad.com\/index.php\/wp-json\/wp\/v2\/comments?post=28356"}],"version-history":[{"count":1,"href":"https:\/\/rowayad.com\/index.php\/wp-json\/wp\/v2\/product\/28356\/revisions"}],"predecessor-version":[{"id":28358,"href":"https:\/\/rowayad.com\/index.php\/wp-json\/wp\/v2\/product\/28356\/revisions\/28358"}],"wp:featuredmedia":[{"embeddable":true,"href":"https:\/\/rowayad.com\/index.php\/wp-json\/wp\/v2\/media\/28357"}],"wp:attachment":[{"href":"https:\/\/rowayad.com\/index.php\/wp-json\/wp\/v2\/media?parent=28356"}],"wp:term":[{"taxonomy":"product_brand","embeddable":true,"href":"https:\/\/rowayad.com\/index.php\/wp-json\/wp\/v2\/product_brand?post=28356"},{"taxonomy":"product_cat","embeddable":true,"href":"https:\/\/rowayad.com\/index.php\/wp-json\/wp\/v2\/product_cat?post=28356"},{"taxonomy":"product_tag","embeddable":true,"href":"https:\/\/rowayad.com\/index.php\/wp-json\/wp\/v2\/product_tag?post=28356"}],"curies":[{"name":"wp","href":"https:\/\/api.w.org\/{rel}","templated":true}]}}