{"id":28359,"date":"2026-02-23T18:21:55","date_gmt":"2026-02-23T18:21:55","guid":{"rendered":"https:\/\/rowayad.com\/?post_type=product&#038;p=28359"},"modified":"2026-02-23T18:24:14","modified_gmt":"2026-02-23T18:24:14","slug":"lot-de-3-tables-dappoint-bois-metal-b-38-cm-x-h-455-cm-h-495-cm-h-535-cm-blanc-rond","status":"publish","type":"product","link":"https:\/\/rowayad.com\/index.php\/produit\/lot-de-3-tables-dappoint-bois-metal-b-38-cm-x-h-455-cm-h-495-cm-h-535-cm-blanc-rond\/","title":{"rendered":"Lot de 3 tables d&rsquo;appoint, Bois M\u00e9tal, B 38 cm x H 45,5 cm H 49,5 cm H 53,5 cm blanc rond"},"content":{"rendered":"<header class=\"-pvs -bb\">\n<h2 class=\"-fs20 -m -phm -pvxs\">D\u00e9tails<\/h2>\n<\/header>\n<div class=\"markup -mhm -pvl -oxa -sc\">\n<ul>\n<li>\u2714 Qualit\u00e9 sup\u00e9rieure \u2013 La table d&rsquo;appoint moebel17 s\u00e9duit par son design moderne et sa qualit\u00e9 de premi\u00e8re classe. La table d&rsquo;appoint intemporelle offre diff\u00e9rentes possibilit\u00e9s de rangement et d&rsquo;espace de rangement tout en attirant tous les regards. Ainsi, il met en valeur n&rsquo;importe quelle pi\u00e8ce<\/li>\n<li>\u2714 FLEXIBILIT\u00c9 \u2013 Cette table d&rsquo;appoint convainc non seulement par son design intemporel : gr\u00e2ce \u00e0 sa forme pratique, elle peut \u00eatre plac\u00e9e diff\u00e9remment et ainsi la placer individuellement dans vos pi\u00e8ces. Pratique et flexible \u00e0 la fois<\/li>\n<li>\u2714 Multifonction \u2013 Avec cette table, vous achetez un meuble multifonctionnel : que ce soit dans le salon, le bureau ou la chambre d&rsquo;enfant, que ce soit comme table d&rsquo;appoint ou table basse \u2013 cette table s&rsquo;int\u00e8gre parfaitement dans votre espace de vie et r\u00e9pondra ainsi \u00e0 tous vos souhaits<\/li>\n<li>\u2714 Entretien facile \u2013 Un chiffon en coton humide suffit pour nettoyer et entretenir cette table de canap\u00e9 \u00e9l\u00e9gante. Pour que vous profitiez le plus longtemps possible de la qualit\u00e9 sup\u00e9rieure de cette table d&rsquo;appoint, vous devriez renoncer \u00e0 des nettoyants m\u00e9nagers ou abrasifs agressifs lors du nettoyage<\/li>\n<li>\u2714 Contenu de la livraison : vous recevrez une table d&rsquo;appoint d\u00e9mont\u00e9e (lot de 3) d&rsquo;un diam\u00e8tre de 38 cm (de nombreux vendeurs proposent des tables plus petites de seulement 34 cm de diam\u00e8tre) et les hauteurs petite : 47 cm, moyenne : 51 cm, grande : 55 cm avec instructions de montage. Gr\u00e2ce \u00e0 la construction bien pens\u00e9e et aux instructions claires , un montage rapide et sans probl\u00e8me est garanti<\/li>\n<\/ul>\n<h2 class=\"hdr -upp -fs14 -m -pam\">Principales caract\u00e9ristiques<\/h2>\n<div class=\"markup -pam\">\n<ul>\n<li>Couleur\u200e : blanc dor\u00e9<\/li>\n<li>Diam\u00e8tre\u200e : 38 Centim\u00e8tres<\/li>\n<li>Mat\u00e9riau\u200e : Bois M\u00e9tal<\/li>\n<li>Caract\u00e9ristiques \u200e: Rond<\/li>\n<li>Poids de l&rsquo;article\u200e : 5,5 Kilograms<\/li>\n<\/ul>\n<\/div>\n<\/div>\n","protected":false},"excerpt":{"rendered":"<p>D\u00e9tails \u2714 Qualit\u00e9 sup\u00e9rieure \u2013 La table d&rsquo;appoint moebel17 s\u00e9duit par son design moderne et sa qualit\u00e9 de premi\u00e8re classe.<\/p>\n","protected":false},"featured_media":28360,"comment_status":"open","ping_status":"closed","template":"","meta":{"_joinchat":[]},"product_brand":[],"product_cat":[20],"product_tag":[],"class_list":{"0":"post-28359","1":"product","2":"type-product","3":"status-publish","4":"has-post-thumbnail","6":"product_cat-accessoires","8":"first","9":"instock","10":"sale","11":"shipping-taxable","12":"purchasable","13":"product-type-simple"},"jetpack_sharing_enabled":true,"_links":{"self":[{"href":"https:\/\/rowayad.com\/index.php\/wp-json\/wp\/v2\/product\/28359","targetHints":{"allow":["GET"]}}],"collection":[{"href":"https:\/\/rowayad.com\/index.php\/wp-json\/wp\/v2\/product"}],"about":[{"href":"https:\/\/rowayad.com\/index.php\/wp-json\/wp\/v2\/types\/product"}],"replies":[{"embeddable":true,"href":"https:\/\/rowayad.com\/index.php\/wp-json\/wp\/v2\/comments?post=28359"}],"version-history":[{"count":1,"href":"https:\/\/rowayad.com\/index.php\/wp-json\/wp\/v2\/product\/28359\/revisions"}],"predecessor-version":[{"id":28361,"href":"https:\/\/rowayad.com\/index.php\/wp-json\/wp\/v2\/product\/28359\/revisions\/28361"}],"wp:featuredmedia":[{"embeddable":true,"href":"https:\/\/rowayad.com\/index.php\/wp-json\/wp\/v2\/media\/28360"}],"wp:attachment":[{"href":"https:\/\/rowayad.com\/index.php\/wp-json\/wp\/v2\/media?parent=28359"}],"wp:term":[{"taxonomy":"product_brand","embeddable":true,"href":"https:\/\/rowayad.com\/index.php\/wp-json\/wp\/v2\/product_brand?post=28359"},{"taxonomy":"product_cat","embeddable":true,"href":"https:\/\/rowayad.com\/index.php\/wp-json\/wp\/v2\/product_cat?post=28359"},{"taxonomy":"product_tag","embeddable":true,"href":"https:\/\/rowayad.com\/index.php\/wp-json\/wp\/v2\/product_tag?post=28359"}],"curies":[{"name":"wp","href":"https:\/\/api.w.org\/{rel}","templated":true}]}}