{"id":28362,"date":"2026-02-23T18:31:25","date_gmt":"2026-02-23T18:31:25","guid":{"rendered":"https:\/\/rowayad.com\/?post_type=product&#038;p=28362"},"modified":"2026-02-24T14:23:31","modified_gmt":"2026-02-24T14:23:31","slug":"etagere-de-rangement-pliable-en-metal-robuste-a-5-niveaux-avec-roulettes-pour-se-deplacer-facilement","status":"publish","type":"product","link":"https:\/\/rowayad.com\/index.php\/produit\/etagere-de-rangement-pliable-en-metal-robuste-a-5-niveaux-avec-roulettes-pour-se-deplacer-facilement\/","title":{"rendered":"Etag\u00e8re de Rangement Pliable en m\u00e9tal Robuste \u00e0 5 Niveaux avec roulettes pour se d\u00e9placer Facilement"},"content":{"rendered":"<header class=\"-pvs -bb\">\n<h2 class=\"-fs20 -m -phm -pvxs\">D\u00e9tails<\/h2>\n<\/header>\n<div class=\"markup -mhm -pvl -oxa -sc\">\n<p>\u00e9tag\u00e8re de Rangement Pliable en m\u00e9tal Robuste \u00e0 5 Niveaux avec roulettes pour se d\u00e9placer Facilement<\/p>\n<p>Description du produit :<\/p>\n<p>Pratique et facile \u00e0 d\u00e9placer, ce meuble est id\u00e9al pour optimiser le rangement dans un petit espace restant dans une salle de bain, une buanderie, une cuisine ou des toilettes. Mati\u00e8re : inox\u00c9tag\u00e8re5 niveaux avec roue Couleur : Noir<\/p>\n<\/div>\n","protected":false},"excerpt":{"rendered":"<p>D\u00e9tails \u00e9tag\u00e8re de Rangement Pliable en m\u00e9tal Robuste \u00e0 5 Niveaux avec roulettes pour se d\u00e9placer Facilement Description du produit<\/p>\n","protected":false},"featured_media":28363,"comment_status":"open","ping_status":"closed","template":"","meta":{"_joinchat":[]},"product_brand":[],"product_cat":[20],"product_tag":[],"class_list":{"0":"post-28362","1":"product","2":"type-product","3":"status-publish","4":"has-post-thumbnail","6":"product_cat-accessoires","8":"first","9":"instock","10":"sale","11":"shipping-taxable","12":"purchasable","13":"product-type-simple"},"jetpack_sharing_enabled":true,"_links":{"self":[{"href":"https:\/\/rowayad.com\/index.php\/wp-json\/wp\/v2\/product\/28362","targetHints":{"allow":["GET"]}}],"collection":[{"href":"https:\/\/rowayad.com\/index.php\/wp-json\/wp\/v2\/product"}],"about":[{"href":"https:\/\/rowayad.com\/index.php\/wp-json\/wp\/v2\/types\/product"}],"replies":[{"embeddable":true,"href":"https:\/\/rowayad.com\/index.php\/wp-json\/wp\/v2\/comments?post=28362"}],"version-history":[{"count":1,"href":"https:\/\/rowayad.com\/index.php\/wp-json\/wp\/v2\/product\/28362\/revisions"}],"predecessor-version":[{"id":28366,"href":"https:\/\/rowayad.com\/index.php\/wp-json\/wp\/v2\/product\/28362\/revisions\/28366"}],"wp:featuredmedia":[{"embeddable":true,"href":"https:\/\/rowayad.com\/index.php\/wp-json\/wp\/v2\/media\/28363"}],"wp:attachment":[{"href":"https:\/\/rowayad.com\/index.php\/wp-json\/wp\/v2\/media?parent=28362"}],"wp:term":[{"taxonomy":"product_brand","embeddable":true,"href":"https:\/\/rowayad.com\/index.php\/wp-json\/wp\/v2\/product_brand?post=28362"},{"taxonomy":"product_cat","embeddable":true,"href":"https:\/\/rowayad.com\/index.php\/wp-json\/wp\/v2\/product_cat?post=28362"},{"taxonomy":"product_tag","embeddable":true,"href":"https:\/\/rowayad.com\/index.php\/wp-json\/wp\/v2\/product_tag?post=28362"}],"curies":[{"name":"wp","href":"https:\/\/api.w.org\/{rel}","templated":true}]}}