{"id":28374,"date":"2026-02-24T14:37:40","date_gmt":"2026-02-24T14:37:40","guid":{"rendered":"https:\/\/rowayad.com\/?post_type=product&#038;p=28374"},"modified":"2026-04-11T13:51:12","modified_gmt":"2026-04-11T13:51:12","slug":"chaise-pour-enfants-tres-solides-beige","status":"publish","type":"product","link":"https:\/\/rowayad.com\/index.php\/produit\/chaise-pour-enfants-tres-solides-beige\/","title":{"rendered":"Chaise pour enfants tr\u00e8s solides Beige"},"content":{"rendered":"<header class=\"-pvs -bb\">\n<h2 class=\"-fs20 -m -phm -pvxs\">D\u00e9tails<\/h2>\n<\/header>\n<div class=\"markup -mhm -pvl -oxa -sc\">\n<p>La chaise pour enfants est fabriqu\u00e9e en plastique de haute qualit\u00e9, non polluant, inodore, r\u00e9sistant aux intemp\u00e9ries et durable. Aidez les enfants \u00e0 adopter une posture assise confortable et confortable, qui peut emp\u00eacher les enfants de s&rsquo;asseoir mal. La chaise de b\u00e9b\u00e9 pour enfants stable et tr\u00e8s durable, peut \u00eatre superpos\u00e9e, l&rsquo;espace de stockage est tr\u00e8s petit. Taille: 34 \u00d7 39 \u00d7 53cm, mesure manuelle, la taille du produit peut avoir une erreur physique de 2-3 cm.<br \/>\nConvient aux sites int\u00e9rieurs et ext\u00e9rieurs, facile \u00e0 nettoyer et \u00e0 empiler, extr\u00eamement portable, l\u00e9ger et tr\u00e8s rapide.<\/p>\n<\/div>\n<h2 class=\"hdr -upp -fs14 -m -pam\">Principales caract\u00e9ristiques<\/h2>\n<div class=\"markup -pam\">\n<ul>\n<li>Durable<\/li>\n<li>Fort<\/li>\n<li>L\u00e9ger<\/li>\n<li>Portable<\/li>\n<li>Stable<\/li>\n<\/ul>\n<\/div>\n","protected":false},"excerpt":{"rendered":"<p>D\u00e9tails La chaise pour enfants est fabriqu\u00e9e en plastique de haute qualit\u00e9, non polluant, inodore, r\u00e9sistant aux intemp\u00e9ries et durable.<\/p>\n","protected":false},"featured_media":28375,"comment_status":"open","ping_status":"closed","template":"","meta":{"_joinchat":[]},"product_brand":[],"product_cat":[76],"product_tag":[],"class_list":{"0":"post-28374","1":"product","2":"type-product","3":"status-publish","4":"has-post-thumbnail","6":"product_cat-enfant","8":"first","9":"instock","10":"sale","11":"shipping-taxable","12":"purchasable","13":"product-type-simple"},"jetpack_sharing_enabled":true,"_links":{"self":[{"href":"https:\/\/rowayad.com\/index.php\/wp-json\/wp\/v2\/product\/28374","targetHints":{"allow":["GET"]}}],"collection":[{"href":"https:\/\/rowayad.com\/index.php\/wp-json\/wp\/v2\/product"}],"about":[{"href":"https:\/\/rowayad.com\/index.php\/wp-json\/wp\/v2\/types\/product"}],"replies":[{"embeddable":true,"href":"https:\/\/rowayad.com\/index.php\/wp-json\/wp\/v2\/comments?post=28374"}],"version-history":[{"count":1,"href":"https:\/\/rowayad.com\/index.php\/wp-json\/wp\/v2\/product\/28374\/revisions"}],"predecessor-version":[{"id":28376,"href":"https:\/\/rowayad.com\/index.php\/wp-json\/wp\/v2\/product\/28374\/revisions\/28376"}],"wp:featuredmedia":[{"embeddable":true,"href":"https:\/\/rowayad.com\/index.php\/wp-json\/wp\/v2\/media\/28375"}],"wp:attachment":[{"href":"https:\/\/rowayad.com\/index.php\/wp-json\/wp\/v2\/media?parent=28374"}],"wp:term":[{"taxonomy":"product_brand","embeddable":true,"href":"https:\/\/rowayad.com\/index.php\/wp-json\/wp\/v2\/product_brand?post=28374"},{"taxonomy":"product_cat","embeddable":true,"href":"https:\/\/rowayad.com\/index.php\/wp-json\/wp\/v2\/product_cat?post=28374"},{"taxonomy":"product_tag","embeddable":true,"href":"https:\/\/rowayad.com\/index.php\/wp-json\/wp\/v2\/product_tag?post=28374"}],"curies":[{"name":"wp","href":"https:\/\/api.w.org\/{rel}","templated":true}]}}