{"id":28381,"date":"2026-02-24T15:19:10","date_gmt":"2026-02-24T15:19:10","guid":{"rendered":"https:\/\/rowayad.com\/?post_type=product&#038;p=28381"},"modified":"2026-04-11T13:48:47","modified_gmt":"2026-04-11T13:48:47","slug":"rangement-chaussures-en-bois-environ-30-paires","status":"publish","type":"product","link":"https:\/\/rowayad.com\/index.php\/produit\/rangement-chaussures-en-bois-environ-30-paires\/","title":{"rendered":"Rangement chaussures en bois environ 30 paires"},"content":{"rendered":"<header class=\"-pvs -bb\">\n<h2 class=\"-fs20 -m -phm -pvxs\">D\u00e9tails<\/h2>\n<\/header>\n<div class=\"markup -mhm -pvl -oxa -sc\">\n<ul class=\"a-unordered-list a-vertical a-spacing-none\">\n<li class=\"a-spacing-mini\">Le produit est un rack simple chaussure<br \/>\nMat\u00e9riau du produit est un panneau artificiel<br \/>\nBlanc chaud (couleur de l&rsquo;image)<br \/>\nFacile \u00e0 assembler (fournit des instructions d&rsquo;installation et de brefs outils)<br \/>\nLargement utilis\u00e9 dans les maisons, les magasins de beaut\u00e9, aires de jeux, tels que des \u00e9tag\u00e8res \u00e0 chaussures, \u00e9tag\u00e8res de stockage d&rsquo;entr\u00e9e, des unit\u00e9s de stockage de chaussures<br \/>\nPoids du produit : environ 9-13KGSp\u00e9cifications Taille du produit :<br \/>\nCaract\u00e9ristiques : 6 couches \/ couches 7\/8 couches<br \/>\nTaille : 75x24x80cm, 75x24x95cm, 75x24x110cm<\/p>\n<p>Note : Les produits vendus comprennent des \u00e9tag\u00e8res \u00e0 chaussures seulement. D&rsquo;autres articles sont d\u00e9coratifs et ne sont pas vendus avec le produit<\/li>\n<\/ul>\n<p>1 rangement chaussure tout neuf d\u00e9montable. <b>Pr\u00e9voir le montage<\/b><\/p>\n<h2 class=\"hdr -upp -fs14 -m -pam\">Principales caract\u00e9ristiques<\/h2>\n<div class=\"markup -pam\">\n<ul class=\"a-unordered-list a-vertical a-spacing-none\">\n<li>\n<ul class=\"a-unordered-list a-vertical a-spacing-none\">\n<li class=\"a-spacing-mini\">Plaque de qualit\u00e9: plat et lisse, fra\u00eeche et texture naturelle, claire, imperm\u00e9able et r\u00e9sistant aux rayures<\/li>\n<li class=\"a-spacing-mini\">rangement pratique: un grand plateau de table, rangement, livres, tasses \u00e0 th\u00e9, plantes en pot, r\u00e9veils, albums photos sont plac\u00e9s sur la plate-forme, belle et chaleureuse<\/li>\n<li class=\"a-spacing-mini\">Caract\u00e9ristiques du produit : bas-sol conception, r\u00e9sistant \u00e0 l&rsquo;humidit\u00e9, tiroir poign\u00e9e invisible, bords arrondis, s\u00fbr et pratique<\/li>\n<li class=\"a-spacing-mini\">Multi-sp\u00e9cifications : sp\u00e9cifications de partition multi-couche, s\u00e9lectionnez en fonction des besoins, des hauteurs diff\u00e9rentes, peut accueillir plusieurs styles de chaussures<\/li>\n<li class=\"a-spacing-mini\">\u00c9conomique et pratique : multifonctionnel, peut \u00eatre utilis\u00e9 comme support de chaussures de famille, \u00e9tag\u00e8re, stand de fleur,<\/li>\n<\/ul>\n<\/li>\n<\/ul>\n<\/div>\n<\/div>\n","protected":false},"excerpt":{"rendered":"<p>D\u00e9tails Le produit est un rack simple chaussure Mat\u00e9riau du produit est un panneau artificiel Blanc chaud (couleur de l&rsquo;image)<\/p>\n","protected":false},"featured_media":28382,"comment_status":"open","ping_status":"closed","template":"","meta":{"_joinchat":[]},"product_brand":[],"product_cat":[75],"product_tag":[],"class_list":{"0":"post-28381","1":"product","2":"type-product","3":"status-publish","4":"has-post-thumbnail","6":"product_cat-maison-bureau","8":"first","9":"instock","10":"sale","11":"shipping-taxable","12":"purchasable","13":"product-type-simple"},"jetpack_sharing_enabled":true,"_links":{"self":[{"href":"https:\/\/rowayad.com\/index.php\/wp-json\/wp\/v2\/product\/28381","targetHints":{"allow":["GET"]}}],"collection":[{"href":"https:\/\/rowayad.com\/index.php\/wp-json\/wp\/v2\/product"}],"about":[{"href":"https:\/\/rowayad.com\/index.php\/wp-json\/wp\/v2\/types\/product"}],"replies":[{"embeddable":true,"href":"https:\/\/rowayad.com\/index.php\/wp-json\/wp\/v2\/comments?post=28381"}],"version-history":[{"count":2,"href":"https:\/\/rowayad.com\/index.php\/wp-json\/wp\/v2\/product\/28381\/revisions"}],"predecessor-version":[{"id":29183,"href":"https:\/\/rowayad.com\/index.php\/wp-json\/wp\/v2\/product\/28381\/revisions\/29183"}],"wp:featuredmedia":[{"embeddable":true,"href":"https:\/\/rowayad.com\/index.php\/wp-json\/wp\/v2\/media\/28382"}],"wp:attachment":[{"href":"https:\/\/rowayad.com\/index.php\/wp-json\/wp\/v2\/media?parent=28381"}],"wp:term":[{"taxonomy":"product_brand","embeddable":true,"href":"https:\/\/rowayad.com\/index.php\/wp-json\/wp\/v2\/product_brand?post=28381"},{"taxonomy":"product_cat","embeddable":true,"href":"https:\/\/rowayad.com\/index.php\/wp-json\/wp\/v2\/product_cat?post=28381"},{"taxonomy":"product_tag","embeddable":true,"href":"https:\/\/rowayad.com\/index.php\/wp-json\/wp\/v2\/product_tag?post=28381"}],"curies":[{"name":"wp","href":"https:\/\/api.w.org\/{rel}","templated":true}]}}