{"id":28385,"date":"2026-02-24T15:30:46","date_gmt":"2026-02-24T15:30:46","guid":{"rendered":"https:\/\/rowayad.com\/?post_type=product&#038;p=28385"},"modified":"2026-04-11T13:48:02","modified_gmt":"2026-04-11T13:48:02","slug":"poele-crepiere-electrique-antiadhesif-600w","status":"publish","type":"product","link":"https:\/\/rowayad.com\/index.php\/produit\/poele-crepiere-electrique-antiadhesif-600w\/","title":{"rendered":"Po\u00eale Cr\u00eapi\u00e8re \u00c9lectrique &#8211; Antiadh\u00e9sif &#8211; 600w"},"content":{"rendered":"<header class=\"-pvs -bb\">\n<h2 class=\"-fs20 -m -phm -pvxs\">D\u00e9tails<\/h2>\n<\/header>\n<div class=\"markup -mhm -pvl -oxa -sc\">\n<p>Cette\u00a0<strong>cr\u00eapi\u00e8re antiadh\u00e9sive<\/strong>\u00a0a une grande surface de cuisson de 8 \u00ab\u00a0facilite la cr\u00e9ation de cr\u00eapes de styles vari\u00e9s. Pr\u00e9chauffez simplement la cr\u00eapi\u00e8re pendant 2 minutes, \u00e9tendez une fine couche de p\u00e2te et regardez votre cr\u00eape cuire en quelques secondes.<\/p>\n<p>Cette machine \u00e0 cr\u00eapes utilise un rev\u00eatement antiadh\u00e9sif de qualit\u00e9 alimentaire et la texture du cuir rend la p\u00e2te moins plate apr\u00e8s la formation de la pizza. 650W de puissance, le ch\u00e2ssis est chauff\u00e9 de toutes parts, la temp\u00e9rature augmente rapidement et uniform\u00e9ment, et la temp\u00e9rature monte aux alentours de 10S, une pizza \u00e0 environ 15S est cuite.<\/p>\n<p>Conception intime \u00e0 long et gros manche pour une tenue \/ utilisation facile, un gain de place, une sensation de s\u00e9curit\u00e9 et un amour de l&rsquo;utilisateur. L&rsquo;interrupteur marche \/ arr\u00eat a un t\u00e9moin lumineux indiquant que la surface est suffisamment chaude pour commencer \u00e0 cuire.<\/p>\n<p>Laissez-vous rapidement et facilement faire des cr\u00eapes, des tortillas douces, des tacos, des blintzes, des roul\u00e9s aux \u0153ufs, des chapatis et bien d&rsquo;autres sortes de plats favoris pour le petit-d\u00e9jeuner en 15 secondes.<\/p>\n<p>Cette plaque chauffante de style pan est id\u00e9ale pour cuisiner \u00e0 un rythme rapide, en particulier pour les horaires quotidiens tr\u00e8s charg\u00e9s. Parfait pour n&rsquo;importe quel comptoir, dessus de table, dessus de cuisine. Si vous avez des questions sur nos produits, n&rsquo;h\u00e9sitez pas \u00e0 nous contacter et nous vous donnerons une r\u00e9ponse satisfaisante.<\/p>\n<\/div>\n<h2 class=\"hdr -upp -fs14 -m -pam\">Principales caract\u00e9ristiques<\/h2>\n<div class=\"markup -pam\">\n<ul>\n<li>M\u00e9thode d&rsquo;op\u00e9ration:\u00a0Mode de m\u00e9canique<\/li>\n<li>Conception:\u00a0Hover<\/li>\n<li>Type de po\u00eale \u00e0 cuisson:\u00a0Plat de cuisson \u00e9lectrique<\/li>\n<li>Tension (V):\u00a0220 V<\/li>\n<li>Puissance (W): 600 W<\/li>\n<li>Fonction:\u00a0\u00c9conomiseur d&rsquo;\u00e9nergie<\/li>\n<li>Fonction:\u00a0Contr\u00f4le d&rsquo;auto-thermostat<\/li>\n<li>Fonction:\u00a0Rev\u00eatement anti-adh\u00e9sif<\/li>\n<li>C\u00f4t\u00e9 de chauffage:\u00a0Broderie d&rsquo;un seul c\u00f4t\u00e9<\/li>\n<\/ul>\n<\/div>\n","protected":false},"excerpt":{"rendered":"<p>D\u00e9tails Cette\u00a0cr\u00eapi\u00e8re antiadh\u00e9sive\u00a0a une grande surface de cuisson de 8 \u00ab\u00a0facilite la cr\u00e9ation de cr\u00eapes de styles vari\u00e9s. Pr\u00e9chauffez simplement<\/p>\n","protected":false},"featured_media":28386,"comment_status":"open","ping_status":"closed","template":"","meta":{"_joinchat":[]},"product_brand":[],"product_cat":[74],"product_tag":[],"class_list":{"0":"post-28385","1":"product","2":"type-product","3":"status-publish","4":"has-post-thumbnail","6":"product_cat-electromenager","8":"first","9":"instock","10":"sale","11":"shipping-taxable","12":"purchasable","13":"product-type-simple"},"jetpack_sharing_enabled":true,"_links":{"self":[{"href":"https:\/\/rowayad.com\/index.php\/wp-json\/wp\/v2\/product\/28385","targetHints":{"allow":["GET"]}}],"collection":[{"href":"https:\/\/rowayad.com\/index.php\/wp-json\/wp\/v2\/product"}],"about":[{"href":"https:\/\/rowayad.com\/index.php\/wp-json\/wp\/v2\/types\/product"}],"replies":[{"embeddable":true,"href":"https:\/\/rowayad.com\/index.php\/wp-json\/wp\/v2\/comments?post=28385"}],"version-history":[{"count":1,"href":"https:\/\/rowayad.com\/index.php\/wp-json\/wp\/v2\/product\/28385\/revisions"}],"predecessor-version":[{"id":28387,"href":"https:\/\/rowayad.com\/index.php\/wp-json\/wp\/v2\/product\/28385\/revisions\/28387"}],"wp:featuredmedia":[{"embeddable":true,"href":"https:\/\/rowayad.com\/index.php\/wp-json\/wp\/v2\/media\/28386"}],"wp:attachment":[{"href":"https:\/\/rowayad.com\/index.php\/wp-json\/wp\/v2\/media?parent=28385"}],"wp:term":[{"taxonomy":"product_brand","embeddable":true,"href":"https:\/\/rowayad.com\/index.php\/wp-json\/wp\/v2\/product_brand?post=28385"},{"taxonomy":"product_cat","embeddable":true,"href":"https:\/\/rowayad.com\/index.php\/wp-json\/wp\/v2\/product_cat?post=28385"},{"taxonomy":"product_tag","embeddable":true,"href":"https:\/\/rowayad.com\/index.php\/wp-json\/wp\/v2\/product_tag?post=28385"}],"curies":[{"name":"wp","href":"https:\/\/api.w.org\/{rel}","templated":true}]}}