{"id":28393,"date":"2026-02-24T15:52:27","date_gmt":"2026-02-24T15:52:27","guid":{"rendered":"https:\/\/rowayad.com\/?post_type=product&#038;p=28393"},"modified":"2026-04-11T13:47:13","modified_gmt":"2026-04-11T13:47:13","slug":"gourde-isotherme-avec-indicateur-de-temperature","status":"publish","type":"product","link":"https:\/\/rowayad.com\/index.php\/produit\/gourde-isotherme-avec-indicateur-de-temperature\/","title":{"rendered":"Gourde Isotherme Avec Indicateur De Temp\u00e9rature"},"content":{"rendered":"<header class=\"-pvs -bb\">\n<h2 class=\"-fs20 -m -phm -pvxs\">D\u00e9tails<\/h2>\n<\/header>\n<div class=\"markup -mhm -pvl -oxa -sc\">\n<p>\u00a0\u00a0<b>\u00a0Gourde Isotherme\u00a0<\/b><\/p>\n<p><b>\u00c9cran LED<\/b>\u00a0\u00e9tanche qui peut \u00eatre compl\u00e8tement immerg\u00e9 dans l&rsquo;eau. Miroir \u00e9l\u00e9gant, facile \u00e0 comprendre la temp\u00e9rature interne du liquide en touchant l&rsquo;\u00e9cran LED. Il n&rsquo;est pas n\u00e9cessaire de passer la bouche pour v\u00e9rifier la temp\u00e9rature. Eviter les br\u00fblures. Vous n&rsquo;avez pas \u00e0 vous soucier des fuites d&rsquo;eau, l&rsquo;\u00e9tanch\u00e9it\u00e9 est bonne.<br \/>\nIl peut bloquer le transfert de chaleur. Nos produits peuvent maintenir la chaleur du liquide au-dessus de 42 \u00b0 C pendant jusqu&rsquo;\u00e0 6 heures et le refroidissement liquide en dessous de 10 \u00b0 C pendant jusqu&rsquo;\u00e0 5 heures, ce qui est plus long que les autres bouteilles isolantes.<br \/>\nLa doublure 500ML pour flacons \u00e0 vide haut de gamme est en acier inoxydable 304 de qualit\u00e9 alimentaire et la coque ext\u00e9rieure est en acier inoxydable 204 de haute qualit\u00e9. Robuste, r\u00e9sistant \u00e0 la corrosion, s\u00fbr et sain. Il a \u00e9t\u00e9 approuv\u00e9 par la FDA pour r\u00e9pondre \u00e0 tous vos besoins en mati\u00e8re d&rsquo;alcool. Bien s\u00fbr, 100% sans BPA.<br \/>\nBatterie au lithium de grande capacit\u00e9, affichage automatique lorsqu&rsquo;elle n&rsquo;est pas utilis\u00e9e, peut atteindre 2 ans d&rsquo;autonomie (si le produit est endommag\u00e9 dans un d\u00e9lai d&rsquo;un an, nous \u00e9changerons ou rembourserons), non pas besoin de s&rsquo;inqui\u00e9ter du remplacement de la batterie encombrant.<br \/>\nLa nouvelle tasse \u00e0 eau intelligente de la technologie noire, d\u00e9barrassez-vous des probl\u00e8mes pos\u00e9s par la charge, apportez une exp\u00e9rience diff\u00e9rente.<br \/>\nCette tasse est ultra moderne et \u00e9l\u00e9gante. Que vous soyez en d\u00e9placement, \u00e0 la maison, au bureau ou \u00e0 l&rsquo;ext\u00e9rieur, c&rsquo;est le compagnon id\u00e9al. Simple et pratique, c&rsquo;est le meilleur cadeau de vacances pour les amis, la famille, les enfants, les fils et les filles.<\/p>\n<\/div>\n<div><\/div>\n<div>\n<h2 class=\"hdr -upp -fs14 -m -pam\">Principales caract\u00e9ristiques<\/h2>\n<div class=\"markup -pam\">\n<ul>\n<li>Type de produit: Gourde<\/li>\n<li>Technologie: Isolation thermique<\/li>\n<li>Affichage: Ecran LED<\/li>\n<li>Capacit\u00e9 : 500ML<\/li>\n<li>Quantit\u00e9: 1<\/li>\n<\/ul>\n<\/div>\n<\/div>\n","protected":false},"excerpt":{"rendered":"<p>D\u00e9tails \u00a0\u00a0\u00a0Gourde Isotherme\u00a0 \u00c9cran LED\u00a0\u00e9tanche qui peut \u00eatre compl\u00e8tement immerg\u00e9 dans l&rsquo;eau. Miroir \u00e9l\u00e9gant, facile \u00e0 comprendre la temp\u00e9rature interne<\/p>\n","protected":false},"featured_media":28394,"comment_status":"open","ping_status":"closed","template":"","meta":{"_joinchat":[]},"product_brand":[],"product_cat":[74],"product_tag":[],"class_list":{"0":"post-28393","1":"product","2":"type-product","3":"status-publish","4":"has-post-thumbnail","6":"product_cat-electromenager","8":"first","9":"instock","10":"sale","11":"shipping-taxable","12":"purchasable","13":"product-type-simple"},"jetpack_sharing_enabled":true,"_links":{"self":[{"href":"https:\/\/rowayad.com\/index.php\/wp-json\/wp\/v2\/product\/28393","targetHints":{"allow":["GET"]}}],"collection":[{"href":"https:\/\/rowayad.com\/index.php\/wp-json\/wp\/v2\/product"}],"about":[{"href":"https:\/\/rowayad.com\/index.php\/wp-json\/wp\/v2\/types\/product"}],"replies":[{"embeddable":true,"href":"https:\/\/rowayad.com\/index.php\/wp-json\/wp\/v2\/comments?post=28393"}],"version-history":[{"count":2,"href":"https:\/\/rowayad.com\/index.php\/wp-json\/wp\/v2\/product\/28393\/revisions"}],"predecessor-version":[{"id":28400,"href":"https:\/\/rowayad.com\/index.php\/wp-json\/wp\/v2\/product\/28393\/revisions\/28400"}],"wp:featuredmedia":[{"embeddable":true,"href":"https:\/\/rowayad.com\/index.php\/wp-json\/wp\/v2\/media\/28394"}],"wp:attachment":[{"href":"https:\/\/rowayad.com\/index.php\/wp-json\/wp\/v2\/media?parent=28393"}],"wp:term":[{"taxonomy":"product_brand","embeddable":true,"href":"https:\/\/rowayad.com\/index.php\/wp-json\/wp\/v2\/product_brand?post=28393"},{"taxonomy":"product_cat","embeddable":true,"href":"https:\/\/rowayad.com\/index.php\/wp-json\/wp\/v2\/product_cat?post=28393"},{"taxonomy":"product_tag","embeddable":true,"href":"https:\/\/rowayad.com\/index.php\/wp-json\/wp\/v2\/product_tag?post=28393"}],"curies":[{"name":"wp","href":"https:\/\/api.w.org\/{rel}","templated":true}]}}