{"id":28401,"date":"2026-02-24T16:22:48","date_gmt":"2026-02-24T16:22:48","guid":{"rendered":"https:\/\/rowayad.com\/?post_type=product&#038;p=28401"},"modified":"2026-04-11T13:46:39","modified_gmt":"2026-04-11T13:46:39","slug":"standard-chaise-visiteur-chaise-bureau-chaise-dattente","status":"publish","type":"product","link":"https:\/\/rowayad.com\/index.php\/produit\/standard-chaise-visiteur-chaise-bureau-chaise-dattente\/","title":{"rendered":"Standard Chaise Visiteur &#8211; Chaise Bureau &#8211; Chaise D&rsquo;attente"},"content":{"rendered":"<header class=\"-pvs -bb\">\n<h2 class=\"-fs20 -m -phm -pvxs\">D\u00e9tails<\/h2>\n<\/header>\n<div class=\"markup -mhm -pvl -oxa -sc\">\n<p>Si vous souhaitez apporter une touche moderne et originale \u00e0 votre bureau ou \u00e0 votre chambre, cette chaise est la solution parfaite. Le design moderne et minimaliste et les mat\u00e9riaux utilis\u00e9s font de cette chaise de bureau un compl\u00e9ment d&rsquo;ameublement de haute qualit\u00e9 qui met en valeur la d\u00e9coration de votre chambre ou de votre bureau en lui donnant une touche de haut design. Dot\u00e9 d&rsquo;un dossier ergonomique fabriqu\u00e9 en tissu \u00e0 maille haute r\u00e9sistance respirant et anti-transpiration avec assise large rembourr\u00e9e fabriqu\u00e9e en tissu de haute qualit\u00e9. Gr\u00e2ce \u00e0 son dossier ergonomique confortable et \u00e0 son assise confortable et ses deux accoudoirs en nylon, cette chaise vous aide \u00e0 maintenir une posture parfaite pendant le travail \u00e0 l&rsquo;ordinateur tout en garantissant un confort maximum lorsque vous \u00eates devant le bureau m\u00eame pour de longues sessions d&rsquo;assise. La base solide en acier \u00e0 5 rayons garantit une excellente stabilit\u00e9 de la chaise<\/p>\n<\/div>\n<h2 class=\"hdr -upp -fs14 -m -pam\">Principales caract\u00e9ristiques<\/h2>\n<div class=\"markup -pam\">\n<ul>\n<li>Assise confortable<\/li>\n<li>La structure robuste en acier chrom\u00e9<\/li>\n<li>Dot\u00e9 d&rsquo;un soutien lombaire<\/li>\n<li>Rev\u00eatement en tissu respirant<\/li>\n<li>soutien dorsal id\u00e9al<\/li>\n<\/ul>\n<\/div>\n","protected":false},"excerpt":{"rendered":"<p>D\u00e9tails Si vous souhaitez apporter une touche moderne et originale \u00e0 votre bureau ou \u00e0 votre chambre, cette chaise est<\/p>\n","protected":false},"featured_media":28402,"comment_status":"open","ping_status":"closed","template":"","meta":{"_joinchat":[]},"product_brand":[],"product_cat":[75],"product_tag":[],"class_list":{"0":"post-28401","1":"product","2":"type-product","3":"status-publish","4":"has-post-thumbnail","6":"product_cat-maison-bureau","8":"first","9":"instock","10":"sale","11":"shipping-taxable","12":"purchasable","13":"product-type-simple"},"jetpack_sharing_enabled":true,"_links":{"self":[{"href":"https:\/\/rowayad.com\/index.php\/wp-json\/wp\/v2\/product\/28401","targetHints":{"allow":["GET"]}}],"collection":[{"href":"https:\/\/rowayad.com\/index.php\/wp-json\/wp\/v2\/product"}],"about":[{"href":"https:\/\/rowayad.com\/index.php\/wp-json\/wp\/v2\/types\/product"}],"replies":[{"embeddable":true,"href":"https:\/\/rowayad.com\/index.php\/wp-json\/wp\/v2\/comments?post=28401"}],"version-history":[{"count":2,"href":"https:\/\/rowayad.com\/index.php\/wp-json\/wp\/v2\/product\/28401\/revisions"}],"predecessor-version":[{"id":28406,"href":"https:\/\/rowayad.com\/index.php\/wp-json\/wp\/v2\/product\/28401\/revisions\/28406"}],"wp:featuredmedia":[{"embeddable":true,"href":"https:\/\/rowayad.com\/index.php\/wp-json\/wp\/v2\/media\/28402"}],"wp:attachment":[{"href":"https:\/\/rowayad.com\/index.php\/wp-json\/wp\/v2\/media?parent=28401"}],"wp:term":[{"taxonomy":"product_brand","embeddable":true,"href":"https:\/\/rowayad.com\/index.php\/wp-json\/wp\/v2\/product_brand?post=28401"},{"taxonomy":"product_cat","embeddable":true,"href":"https:\/\/rowayad.com\/index.php\/wp-json\/wp\/v2\/product_cat?post=28401"},{"taxonomy":"product_tag","embeddable":true,"href":"https:\/\/rowayad.com\/index.php\/wp-json\/wp\/v2\/product_tag?post=28401"}],"curies":[{"name":"wp","href":"https:\/\/api.w.org\/{rel}","templated":true}]}}