{"id":28404,"date":"2026-02-24T16:34:39","date_gmt":"2026-02-24T16:34:39","guid":{"rendered":"https:\/\/rowayad.com\/?post_type=product&#038;p=28404"},"modified":"2026-04-11T13:45:30","modified_gmt":"2026-04-11T13:45:30","slug":"king-style-hachoir-a-viande-electrique-inox-6-litres-trancheuse-a-tranches-doignons","status":"publish","type":"product","link":"https:\/\/rowayad.com\/index.php\/produit\/king-style-hachoir-a-viande-electrique-inox-6-litres-trancheuse-a-tranches-doignons\/","title":{"rendered":"King Style Hachoir \u00e0 Viande Electrique Inox 6 Litres &#8211; Trancheuse \u00e0 Tranches D&rsquo;Oignons"},"content":{"rendered":"<header class=\"-pvs -bb\">\n<h2 class=\"-fs20 -m -phm -pvxs\">D\u00e9tails<\/h2>\n<\/header>\n<div class=\"markup -mhm -pvl -oxa -sc\">\n<p>Notre hachoir \u00e0 viande est un hachoir \u00e0 viande compact et robuste avec une base \u00e0 ventouse qui maintient le hachoir en place. Mettez simplement la viande que vous voulez dans le hachoir et allumez l&rsquo;interrupteur. La viande se transforme en une p\u00e2te finement moulue pr\u00eate \u00e0 \u00eatre cuite dans votre style pr\u00e9f\u00e9r\u00e9 et un assaisonnement \u00e9l\u00e9gant. Alors, cr\u00e9ez vos propres hamburgers gastronomiques frais, boulettes de viande, saucisses et plus encore. Il peut \u00e9galement \u00eatre utilis\u00e9 pour moudre des l\u00e9gumes, de l&rsquo;ail, des fruits, etc.Notre hachoir \u00e0 viande est un hachoir \u00e0 viande compact et robuste avec une base \u00e0 ventouse qui maintient le hachoir en place. Mettez simplement la viande que vous voulez dans le hachoir et allumez l&rsquo;interrupteur. La viande se transforme en une p\u00e2te finement moulue pr\u00eate \u00e0 \u00eatre cuite dans votre style pr\u00e9f\u00e9r\u00e9 et un assaisonnement \u00e9l\u00e9gant. Alors, cr\u00e9ez vos propres hamburgers gastronomiques frais, boulettes de viande, saucisses et plus encore. Il peut \u00e9galement \u00eatre utilis\u00e9 pour moudre des l\u00e9gumes, de l&rsquo;ail, des fruits, etcNotre hachoir \u00e0 viande est un hachoir \u00e0 viande compact et robuste avec une base \u00e0 ventouse qui maintient le hachoir en place. Mettez simplement la viande que vous voulez dans le hachoir et allumez l&rsquo;interrupteur. La viande se transforme en une p\u00e2te finement moulue pr\u00eate \u00e0 \u00eatre cuite dans votre style pr\u00e9f\u00e9r\u00e9 et un assaisonnement \u00e9l\u00e9gant. Alors, cr\u00e9ez vos propres hamburgers gastronomiques frais, boulettes de viande, saucisses et plus encore. Il peut \u00e9galement \u00eatre utilis\u00e9 pour moudre des l\u00e9gumes, de l&rsquo;ail, des fruits, etc. Notre hachoir \u00e0 viande est un hachoir \u00e0 viande compact et robuste avec une base \u00e0 ventouse qui maintient le hachoir en place. Mettez simplement la viande que vous voulez dans le hachoir et allumez l&rsquo;interrupteur. La viande se transforme en une p\u00e2te finement moulue pr\u00eate \u00e0 \u00eatre cuite dans votre style pr\u00e9f\u00e9r\u00e9 et un assaisonnement \u00e9l\u00e9gant. Alors, cr\u00e9ez vos propres hamburgers gastronomiques frais, boulettes de viande, saucisses et plus encore. Il peut \u00e9galement \u00eatre utilis\u00e9 pour moudre des l\u00e9gumes, de l&rsquo;ail, des fruits, etc.<\/p>\n<\/div>\n<h2 class=\"hdr -upp -fs14 -m -pam\">Principales caract\u00e9ristiques<\/h2>\n<div class=\"markup -pam\">\n<ul>\n<li>Hachoir Electrique en Inox dit Hachoir a Viande<\/li>\n<li>Mode de Fonctionnement Type bouton<\/li>\n<li>Poids net 3,95 kg, Capacit\u00e9 6 Litres<\/li>\n<li>Martiaux Acier Inoxydable.<\/li>\n<li>Convient pour les restaurants &#8211; barbecue &#8211; famille.<\/li>\n<\/ul>\n<\/div>\n","protected":false},"excerpt":{"rendered":"<p>D\u00e9tails Notre hachoir \u00e0 viande est un hachoir \u00e0 viande compact et robuste avec une base \u00e0 ventouse qui maintient<\/p>\n","protected":false},"featured_media":28407,"comment_status":"open","ping_status":"closed","template":"","meta":{"_joinchat":[]},"product_brand":[],"product_cat":[74],"product_tag":[],"class_list":{"0":"post-28404","1":"product","2":"type-product","3":"status-publish","4":"has-post-thumbnail","6":"product_cat-electromenager","8":"first","9":"instock","10":"sale","11":"shipping-taxable","12":"purchasable","13":"product-type-simple"},"jetpack_sharing_enabled":true,"_links":{"self":[{"href":"https:\/\/rowayad.com\/index.php\/wp-json\/wp\/v2\/product\/28404","targetHints":{"allow":["GET"]}}],"collection":[{"href":"https:\/\/rowayad.com\/index.php\/wp-json\/wp\/v2\/product"}],"about":[{"href":"https:\/\/rowayad.com\/index.php\/wp-json\/wp\/v2\/types\/product"}],"replies":[{"embeddable":true,"href":"https:\/\/rowayad.com\/index.php\/wp-json\/wp\/v2\/comments?post=28404"}],"version-history":[{"count":1,"href":"https:\/\/rowayad.com\/index.php\/wp-json\/wp\/v2\/product\/28404\/revisions"}],"predecessor-version":[{"id":28408,"href":"https:\/\/rowayad.com\/index.php\/wp-json\/wp\/v2\/product\/28404\/revisions\/28408"}],"wp:featuredmedia":[{"embeddable":true,"href":"https:\/\/rowayad.com\/index.php\/wp-json\/wp\/v2\/media\/28407"}],"wp:attachment":[{"href":"https:\/\/rowayad.com\/index.php\/wp-json\/wp\/v2\/media?parent=28404"}],"wp:term":[{"taxonomy":"product_brand","embeddable":true,"href":"https:\/\/rowayad.com\/index.php\/wp-json\/wp\/v2\/product_brand?post=28404"},{"taxonomy":"product_cat","embeddable":true,"href":"https:\/\/rowayad.com\/index.php\/wp-json\/wp\/v2\/product_cat?post=28404"},{"taxonomy":"product_tag","embeddable":true,"href":"https:\/\/rowayad.com\/index.php\/wp-json\/wp\/v2\/product_tag?post=28404"}],"curies":[{"name":"wp","href":"https:\/\/api.w.org\/{rel}","templated":true}]}}