{"id":28409,"date":"2026-02-24T16:41:28","date_gmt":"2026-02-24T16:41:28","guid":{"rendered":"https:\/\/rowayad.com\/?post_type=product&#038;p=28409"},"modified":"2026-04-11T13:44:07","modified_gmt":"2026-04-11T13:44:07","slug":"bouilloire-electrique-1500-watt-en-acier-inoxydable-3-litres","status":"publish","type":"product","link":"https:\/\/rowayad.com\/index.php\/produit\/bouilloire-electrique-1500-watt-en-acier-inoxydable-3-litres\/","title":{"rendered":"Bouilloire \u00e9lectrique 1500 watt En Acier Inoxydable. 3 litres"},"content":{"rendered":"<header class=\"-pvs -bb\">\n<h2 class=\"-fs20 -m -phm -pvxs\">D\u00e9tails<\/h2>\n<\/header>\n<div class=\"markup -mhm -pvl -oxa -sc\">\n<ul>\n<li><strong>mat\u00e9riau de la coque<\/strong>: Mat\u00e9riau de la coque en mat\u00e9riau as de qualit\u00e9 alimentaire, protection de l&rsquo;environnement et s\u00e9curit\u00e9. En attendant, mat\u00e9riau de la bouilloire, l&rsquo;isolation thermique est faite d&rsquo;un mat\u00e9riau en acier inoxydable de qualit\u00e9 sup\u00e9rieure, s\u00fbr et durable.<\/li>\n<li><strong>acier inoxydable:<\/strong>\u00a0La bouilloire est en acier inoxydable, et la base chauffante peut \u00eatre chauff\u00e9e par une banque d&rsquo;alimentation, ce qui est tr\u00e8s appropri\u00e9 pour les voyages. Acier inoxydable, r\u00e9sistance \u00e0 la corrosion, utilisation durable.<\/li>\n<li><strong>protection<\/strong>: \u00c9quip\u00e9e d&rsquo;une technologie de s\u00e9curit\u00e9 de contr\u00f4le strix, vous pouvez utiliser votre bouilloire \u00e9lectrique en toute s\u00e9curit\u00e9. \u00c9quip\u00e9e d&rsquo;un syst\u00e8me de protection contre la surchauffe et d&rsquo;une fonction de s\u00e9curit\u00e9 automatique.<\/li>\n<li><strong>Plastique<\/strong>: Contrairement \u00e0 d&rsquo;autres bouilloires de plastique fragiles, notre bouilloire est plus s\u00fbre et durable.<\/li>\n<li>coquille : Une coque robuste avec des caract\u00e9ristiques en acier inoxydable est une excellente alternative aux bouilloires en plastique ou en m\u00e9tal. En outre, le rev\u00eatement en nylon de cette coque assure la durabilit\u00e9.<\/li>\n<\/ul>\n<h2 class=\"hdr -upp -fs14 -m -pam\">Principales caract\u00e9ristiques<\/h2>\n<div class=\"markup -pam\">\n<ul>\n<li>sans BPA: Vous trouverez ce produit de la cat\u00e9gorie comestible sans bpa, vous pouvez utiliser en toute s\u00e9curit\u00e9. Vous trouverez \u00e0 l&rsquo;aide de ce bouilloire \u00e9lectrique, en acier inoxydable r\u00e9sistant \u00e0 la rouille, sans bpa et certifi\u00e9 par la fda pour une eau potable saine.<\/li>\n<li>Sans fil : Aspect \u00e9l\u00e9gant, protection par induction de contr\u00f4le int\u00e9gr\u00e9, lorsque la temp\u00e9rature \u00e0 l&rsquo;int\u00e9rieur d\u00e9passe la valeur d\u00e9finie, le corps s&rsquo;\u00e9teint automatiquement pour prot\u00e9ger la s\u00e9curit\u00e9 et l&rsquo;\u00e9lectricit\u00e9 sans fil.<\/li>\n<li>Rotation : La bouilloire a une poign\u00e9e en acier inoxydable et un design ergonomique, une prise confortable, anti-br\u00fblure avec une rotation douce. Avec une rotation douce, il ne vous fera pas mal aux mains.<\/li>\n<\/ul>\n<\/div>\n<\/div>\n","protected":false},"excerpt":{"rendered":"<p>D\u00e9tails mat\u00e9riau de la coque: Mat\u00e9riau de la coque en mat\u00e9riau as de qualit\u00e9 alimentaire, protection de l&rsquo;environnement et s\u00e9curit\u00e9.<\/p>\n","protected":false},"featured_media":28410,"comment_status":"open","ping_status":"closed","template":"","meta":{"_joinchat":[]},"product_brand":[],"product_cat":[74],"product_tag":[],"class_list":{"0":"post-28409","1":"product","2":"type-product","3":"status-publish","4":"has-post-thumbnail","6":"product_cat-electromenager","8":"first","9":"instock","10":"sale","11":"shipping-taxable","12":"purchasable","13":"product-type-simple"},"jetpack_sharing_enabled":true,"_links":{"self":[{"href":"https:\/\/rowayad.com\/index.php\/wp-json\/wp\/v2\/product\/28409","targetHints":{"allow":["GET"]}}],"collection":[{"href":"https:\/\/rowayad.com\/index.php\/wp-json\/wp\/v2\/product"}],"about":[{"href":"https:\/\/rowayad.com\/index.php\/wp-json\/wp\/v2\/types\/product"}],"replies":[{"embeddable":true,"href":"https:\/\/rowayad.com\/index.php\/wp-json\/wp\/v2\/comments?post=28409"}],"version-history":[{"count":1,"href":"https:\/\/rowayad.com\/index.php\/wp-json\/wp\/v2\/product\/28409\/revisions"}],"predecessor-version":[{"id":28413,"href":"https:\/\/rowayad.com\/index.php\/wp-json\/wp\/v2\/product\/28409\/revisions\/28413"}],"wp:featuredmedia":[{"embeddable":true,"href":"https:\/\/rowayad.com\/index.php\/wp-json\/wp\/v2\/media\/28410"}],"wp:attachment":[{"href":"https:\/\/rowayad.com\/index.php\/wp-json\/wp\/v2\/media?parent=28409"}],"wp:term":[{"taxonomy":"product_brand","embeddable":true,"href":"https:\/\/rowayad.com\/index.php\/wp-json\/wp\/v2\/product_brand?post=28409"},{"taxonomy":"product_cat","embeddable":true,"href":"https:\/\/rowayad.com\/index.php\/wp-json\/wp\/v2\/product_cat?post=28409"},{"taxonomy":"product_tag","embeddable":true,"href":"https:\/\/rowayad.com\/index.php\/wp-json\/wp\/v2\/product_tag?post=28409"}],"curies":[{"name":"wp","href":"https:\/\/api.w.org\/{rel}","templated":true}]}}