{"id":28427,"date":"2026-02-24T17:36:26","date_gmt":"2026-02-24T17:36:26","guid":{"rendered":"https:\/\/rowayad.com\/?post_type=product&#038;p=28427"},"modified":"2026-04-11T13:40:12","modified_gmt":"2026-04-11T13:40:12","slug":"pack-thunder-banc-de-musculation-er-kit-daltere-2okg-avec-barre","status":"publish","type":"product","link":"https:\/\/rowayad.com\/index.php\/produit\/pack-thunder-banc-de-musculation-er-kit-daltere-2okg-avec-barre\/","title":{"rendered":"Pack Thunder : banc de MUSCULATION er KIT d&rsquo;altere 2OKG avec BARRE"},"content":{"rendered":"<header class=\"-pvs -bb\">\n<h2 class=\"-fs20 -m -phm -pvxs\">D\u00e9tails<\/h2>\n<\/header>\n<div class=\"markup -mhm -pvl -oxa -sc\">Le tableau\u00a0<b>dorsal\u00a0<\/b>est \u00e9quip\u00e9 d&rsquo;un compteur \u00e9lectronique, qui peut \u00eatre utilis\u00e9 facilement, et la mesure du compteur \u00e9lectronique La capacit\u00e9 de charge est de 300 kg, le tube en acier est soutenu et le dos de la plaque est \u00e9paissi avec un tube en acier.La structure est stable et le mouvement est confortable. Facile \u00e0 assembler, pas d&rsquo;op\u00e9ration compliqu\u00e9e, \u00e9quip\u00e9 d&rsquo;une vari\u00e9t\u00e9 d&rsquo;\u00e9quipements de fitness, facile \u00e0 exercer \u00e0 la maison. Ce banc inclin\u00e9 \/ plat peut \u00eatre utilis\u00e9 pour les exercices <b>abdominaux<\/b>, les\u00a0<b>exercices\u00a0<\/b>avec les jambes, les pompes, les redressements assis, etc.<\/div>\n<div><\/div>\n<div>\n<h2 class=\"hdr -upp -fs14 -m -pam\">Principales caract\u00e9ristiques<\/h2>\n<div class=\"markup -pam\">\n<ul>\n<li>Banc multifonction<\/li>\n<li>Table d&rsquo;exercice en cuir polyur\u00e9thane<\/li>\n<li>Avec compteur \u00e9lectronique<\/li>\n<li>Taille: 142 x 40 x 95cm<\/li>\n<li>KIT ALTERE DE 2OKG AVEC BARRE<\/li>\n<\/ul>\n<\/div>\n<\/div>\n","protected":false},"excerpt":{"rendered":"<p>D\u00e9tails Le tableau\u00a0dorsal\u00a0est \u00e9quip\u00e9 d&rsquo;un compteur \u00e9lectronique, qui peut \u00eatre utilis\u00e9 facilement, et la mesure du compteur \u00e9lectronique La capacit\u00e9<\/p>\n","protected":false},"featured_media":28428,"comment_status":"open","ping_status":"closed","template":"","meta":{"_joinchat":[]},"product_brand":[],"product_cat":[73],"product_tag":[],"class_list":{"0":"post-28427","1":"product","2":"type-product","3":"status-publish","4":"has-post-thumbnail","6":"product_cat-sport","8":"first","9":"instock","10":"sale","11":"shipping-taxable","12":"purchasable","13":"product-type-simple"},"jetpack_sharing_enabled":true,"_links":{"self":[{"href":"https:\/\/rowayad.com\/index.php\/wp-json\/wp\/v2\/product\/28427","targetHints":{"allow":["GET"]}}],"collection":[{"href":"https:\/\/rowayad.com\/index.php\/wp-json\/wp\/v2\/product"}],"about":[{"href":"https:\/\/rowayad.com\/index.php\/wp-json\/wp\/v2\/types\/product"}],"replies":[{"embeddable":true,"href":"https:\/\/rowayad.com\/index.php\/wp-json\/wp\/v2\/comments?post=28427"}],"version-history":[{"count":1,"href":"https:\/\/rowayad.com\/index.php\/wp-json\/wp\/v2\/product\/28427\/revisions"}],"predecessor-version":[{"id":28431,"href":"https:\/\/rowayad.com\/index.php\/wp-json\/wp\/v2\/product\/28427\/revisions\/28431"}],"wp:featuredmedia":[{"embeddable":true,"href":"https:\/\/rowayad.com\/index.php\/wp-json\/wp\/v2\/media\/28428"}],"wp:attachment":[{"href":"https:\/\/rowayad.com\/index.php\/wp-json\/wp\/v2\/media?parent=28427"}],"wp:term":[{"taxonomy":"product_brand","embeddable":true,"href":"https:\/\/rowayad.com\/index.php\/wp-json\/wp\/v2\/product_brand?post=28427"},{"taxonomy":"product_cat","embeddable":true,"href":"https:\/\/rowayad.com\/index.php\/wp-json\/wp\/v2\/product_cat?post=28427"},{"taxonomy":"product_tag","embeddable":true,"href":"https:\/\/rowayad.com\/index.php\/wp-json\/wp\/v2\/product_tag?post=28427"}],"curies":[{"name":"wp","href":"https:\/\/api.w.org\/{rel}","templated":true}]}}