{"id":28432,"date":"2026-02-24T17:39:35","date_gmt":"2026-02-24T17:39:35","guid":{"rendered":"https:\/\/rowayad.com\/?post_type=product&#038;p=28432"},"modified":"2026-04-11T13:39:41","modified_gmt":"2026-04-11T13:39:41","slug":"poignees-dappui-push-up","status":"publish","type":"product","link":"https:\/\/rowayad.com\/index.php\/produit\/poignees-dappui-push-up\/","title":{"rendered":"Poign\u00e9es d&rsquo;Appui &#8211; Push Up"},"content":{"rendered":"<header class=\"-pvs -bb\">\n<h2 class=\"-fs20 -m -phm -pvxs\">D\u00e9tails<\/h2>\n<\/header>\n<div class=\"markup -mhm -pvl -oxa -sc\">\n<p>Id\u00e9al pour travailler les bras et les pectoraux.Solide et l\u00e9ger, chaque partie p\u00e8se 250g, facile \u00e0 d\u00e9monter et ranger.<\/p>\n<p>Poign\u00e9es rembourr\u00e9es avec mousse, tr\u00e8s confortables et rev\u00eatement anti-d\u00e9rapant.<\/p>\n<p>Pratique pour \u00eatre utilis\u00e9es partout : gymnase, dortoir, maison, salle de fitness, ext\u00e9rieur, etc.<\/p>\n<p>Capacit\u00e9 de charge jusqu&rsquo;\u00e0 100kg.<\/p>\n<\/div>\n<h2 class=\"hdr -upp -fs14 -m -pam\">Principales caract\u00e9ristiques<\/h2>\n<div class=\"markup -pam\">\n<ul>\n<li>Support en forme de S<\/li>\n<li>Solide et l\u00e9ger<\/li>\n<li>Chaque partie p\u00e8se 250g<\/li>\n<li>Facile \u00e0 d\u00e9monter et ranger<\/li>\n<\/ul>\n<\/div>\n","protected":false},"excerpt":{"rendered":"<p>D\u00e9tails Id\u00e9al pour travailler les bras et les pectoraux.Solide et l\u00e9ger, chaque partie p\u00e8se 250g, facile \u00e0 d\u00e9monter et ranger.<\/p>\n","protected":false},"featured_media":28433,"comment_status":"open","ping_status":"closed","template":"","meta":{"_joinchat":[]},"product_brand":[],"product_cat":[73],"product_tag":[],"class_list":{"0":"post-28432","1":"product","2":"type-product","3":"status-publish","4":"has-post-thumbnail","6":"product_cat-sport","8":"first","9":"instock","10":"sale","11":"shipping-taxable","12":"purchasable","13":"product-type-simple"},"jetpack_sharing_enabled":true,"_links":{"self":[{"href":"https:\/\/rowayad.com\/index.php\/wp-json\/wp\/v2\/product\/28432","targetHints":{"allow":["GET"]}}],"collection":[{"href":"https:\/\/rowayad.com\/index.php\/wp-json\/wp\/v2\/product"}],"about":[{"href":"https:\/\/rowayad.com\/index.php\/wp-json\/wp\/v2\/types\/product"}],"replies":[{"embeddable":true,"href":"https:\/\/rowayad.com\/index.php\/wp-json\/wp\/v2\/comments?post=28432"}],"version-history":[{"count":2,"href":"https:\/\/rowayad.com\/index.php\/wp-json\/wp\/v2\/product\/28432\/revisions"}],"predecessor-version":[{"id":29181,"href":"https:\/\/rowayad.com\/index.php\/wp-json\/wp\/v2\/product\/28432\/revisions\/29181"}],"wp:featuredmedia":[{"embeddable":true,"href":"https:\/\/rowayad.com\/index.php\/wp-json\/wp\/v2\/media\/28433"}],"wp:attachment":[{"href":"https:\/\/rowayad.com\/index.php\/wp-json\/wp\/v2\/media?parent=28432"}],"wp:term":[{"taxonomy":"product_brand","embeddable":true,"href":"https:\/\/rowayad.com\/index.php\/wp-json\/wp\/v2\/product_brand?post=28432"},{"taxonomy":"product_cat","embeddable":true,"href":"https:\/\/rowayad.com\/index.php\/wp-json\/wp\/v2\/product_cat?post=28432"},{"taxonomy":"product_tag","embeddable":true,"href":"https:\/\/rowayad.com\/index.php\/wp-json\/wp\/v2\/product_tag?post=28432"}],"curies":[{"name":"wp","href":"https:\/\/api.w.org\/{rel}","templated":true}]}}